{"id":2,"date":"2018-02-28T23:19:28","date_gmt":"2018-02-28T23:19:28","guid":{"rendered":"https:\/\/www.dibucard.com\/vipsafeu\/?page_id=2"},"modified":"2018-06-08T16:19:41","modified_gmt":"2018-06-08T16:19:41","slug":"home","status":"publish","type":"page","link":"https:\/\/www.dibucard.com\/vipsafeu\/","title":{"rendered":"VIP Safe-U"},"content":{"rendered":"\t\t<div data-elementor-type=\"wp-post\" data-elementor-id=\"2\" class=\"elementor elementor-2 elementor-bc-flex-widget\">\n\t\t\t\t\t\t<section class=\"elementor-section elementor-top-section elementor-element elementor-element-40106f47 elementor-section-full_width elementor-section-content-middle elementor-section-height-default elementor-section-height-default\" data-id=\"40106f47\" data-element_type=\"section\" data-settings=\"{&quot;background_background&quot;:&quot;classic&quot;}\">\n\t\t\t\t\t\t\t<div class=\"elementor-background-overlay\"><\/div>\n\t\t\t\t\t\t\t<div class=\"elementor-container elementor-column-gap-default\">\n\t\t\t\t\t<div class=\"elementor-column elementor-col-100 elementor-top-column elementor-element elementor-element-7a237bb8\" data-id=\"7a237bb8\" data-element_type=\"column\">\n\t\t\t<div class=\"elementor-widget-wrap elementor-element-populated\">\n\t\t\t\t\t\t<div class=\"elementor-element elementor-element-553c4a53 elementor-widget elementor-widget-image\" data-id=\"553c4a53\" data-element_type=\"widget\" data-widget_type=\"image.default\">\n\t\t\t\t<div class=\"elementor-widget-container\">\n\t\t\t\t\t\t\t\t\t\t\t\t\t<img fetchpriority=\"high\" decoding=\"async\" width=\"335\" height=\"334\" src=\"https:\/\/www.dibucard.com\/vipsafeu\/wp-content\/uploads\/sites\/33\/2018\/03\/NFC-Chip.png\" class=\"attachment-full size-full wp-image-61\" alt=\"\" srcset=\"https:\/\/www.dibucard.com\/vipsafeu\/wp-content\/uploads\/sites\/33\/2018\/03\/NFC-Chip.png 335w, https:\/\/www.dibucard.com\/vipsafeu\/wp-content\/uploads\/sites\/33\/2018\/03\/NFC-Chip-150x150.png 150w, https:\/\/www.dibucard.com\/vipsafeu\/wp-content\/uploads\/sites\/33\/2018\/03\/NFC-Chip-300x300.png 300w\" sizes=\"(max-width: 335px) 100vw, 335px\" \/>\t\t\t\t\t\t\t\t\t\t\t\t\t<\/div>\n\t\t\t\t<\/div>\n\t\t\t\t<div class=\"elementor-element elementor-element-22c3992 elementor-widget elementor-widget-heading\" data-id=\"22c3992\" data-element_type=\"widget\" data-widget_type=\"heading.default\">\n\t\t\t\t<div class=\"elementor-widget-container\">\n\t\t\t<h2 class=\"elementor-heading-title elementor-size-large\">Knowing how to help correctly is crucial,<br>scanning the VIP Safe-U tag can safe life.<\/h2>\t\t<\/div>\n\t\t\t\t<\/div>\n\t\t\t\t<div class=\"elementor-element elementor-element-13980b3 elementor-widget elementor-widget-heading\" data-id=\"13980b3\" data-element_type=\"widget\" data-widget_type=\"heading.default\">\n\t\t\t\t<div class=\"elementor-widget-container\">\n\t\t\t<h2 class=\"elementor-heading-title elementor-size-default\">Because time matters<\/h2>\t\t<\/div>\n\t\t\t\t<\/div>\n\t\t\t\t\t<\/div>\n\t\t<\/div>\n\t\t\t\t\t<\/div>\n\t\t<\/section>\n\t\t\t\t<section class=\"elementor-section elementor-top-section elementor-element elementor-element-36a19751 elementor-section-height-min-height elementor-section-boxed elementor-section-height-default elementor-section-items-middle\" data-id=\"36a19751\" data-element_type=\"section\" data-settings=\"{&quot;background_background&quot;:&quot;classic&quot;}\">\n\t\t\t\t\t\t\t<div class=\"elementor-background-overlay\"><\/div>\n\t\t\t\t\t\t\t<div class=\"elementor-container elementor-column-gap-default\">\n\t\t\t\t\t<div class=\"elementor-column elementor-col-100 elementor-top-column elementor-element elementor-element-71daf2ba\" data-id=\"71daf2ba\" data-element_type=\"column\" data-settings=\"{&quot;background_background&quot;:&quot;classic&quot;}\">\n\t\t\t<div class=\"elementor-widget-wrap elementor-element-populated\">\n\t\t\t\t\t\t<div class=\"elementor-element elementor-element-19c10ced elementor-widget elementor-widget-heading\" data-id=\"19c10ced\" data-element_type=\"widget\" data-widget_type=\"heading.default\">\n\t\t\t\t<div class=\"elementor-widget-container\">\n\t\t\t<h3 class=\"elementor-heading-title elementor-size-large\">NFC Technology<\/h3>\t\t<\/div>\n\t\t\t\t<\/div>\n\t\t\t\t<section class=\"elementor-section elementor-inner-section elementor-element elementor-element-20fe39d1 elementor-section-boxed elementor-section-height-default elementor-section-height-default\" data-id=\"20fe39d1\" data-element_type=\"section\" data-settings=\"{&quot;background_background&quot;:&quot;classic&quot;}\">\n\t\t\t\t\t\t<div class=\"elementor-container elementor-column-gap-wider\">\n\t\t\t\t\t<div class=\"elementor-column elementor-col-50 elementor-inner-column elementor-element elementor-element-7e3b6074\" data-id=\"7e3b6074\" data-element_type=\"column\" data-settings=\"{&quot;background_background&quot;:&quot;classic&quot;}\">\n\t\t\t<div class=\"elementor-widget-wrap elementor-element-populated\">\n\t\t\t\t\t\t<div class=\"elementor-element elementor-element-1dfe8509 elementor-view-default elementor-widget elementor-widget-icon\" data-id=\"1dfe8509\" data-element_type=\"widget\" data-widget_type=\"icon.default\">\n\t\t\t\t<div class=\"elementor-widget-container\">\n\t\t\t\t\t<div class=\"elementor-icon-wrapper\">\n\t\t\t<div class=\"elementor-icon\">\n\t\t\t\t\t\t\t<i class=\"fa fa-arrow-circle-o-down\" aria-hidden=\"true\"><\/i>\n\t\t\t\t\t\t<\/div>\n\t\t<\/div>\n\t\t\t\t<\/div>\n\t\t\t\t<\/div>\n\t\t\t\t<div class=\"elementor-element elementor-element-1a6538eb elementor-widget elementor-widget-heading\" data-id=\"1a6538eb\" data-element_type=\"widget\" data-widget_type=\"heading.default\">\n\t\t\t\t<div class=\"elementor-widget-container\">\n\t\t\t<h3 class=\"elementor-heading-title elementor-size-large\">NFC Chip<\/h3>\t\t<\/div>\n\t\t\t\t<\/div>\n\t\t\t\t<div class=\"elementor-element elementor-element-3af1961a elementor-widget elementor-widget-text-editor\" data-id=\"3af1961a\" data-element_type=\"widget\" data-widget_type=\"text-editor.default\">\n\t\t\t\t<div class=\"elementor-widget-container\">\n\t\t\t\t\t\t\t<p>The most advance NFC technology is available now for everyone. The NFC chip need no charging ever and is always ready to scan. It contains necessary health and contact information for rescuers about the person who carry it.<\/p>\t\t\t\t\t\t<\/div>\n\t\t\t\t<\/div>\n\t\t\t\t<div class=\"elementor-element elementor-element-5f1621a1 elementor-view-default elementor-widget elementor-widget-icon\" data-id=\"5f1621a1\" data-element_type=\"widget\" data-widget_type=\"icon.default\">\n\t\t\t\t<div class=\"elementor-widget-container\">\n\t\t\t\t\t<div class=\"elementor-icon-wrapper\">\n\t\t\t<div class=\"elementor-icon\">\n\t\t\t\t\t\t\t<i class=\"fa fa-vcard\" aria-hidden=\"true\"><\/i>\n\t\t\t\t\t\t<\/div>\n\t\t<\/div>\n\t\t\t\t<\/div>\n\t\t\t\t<\/div>\n\t\t\t\t<div class=\"elementor-element elementor-element-201b4255 elementor-widget elementor-widget-heading\" data-id=\"201b4255\" data-element_type=\"widget\" data-widget_type=\"heading.default\">\n\t\t\t\t<div class=\"elementor-widget-container\">\n\t\t\t<h3 class=\"elementor-heading-title elementor-size-large\">VIP Safe-U can safe life.<\/h3>\t\t<\/div>\n\t\t\t\t<\/div>\n\t\t\t\t<div class=\"elementor-element elementor-element-188d458b elementor-widget elementor-widget-text-editor\" data-id=\"188d458b\" data-element_type=\"widget\" data-widget_type=\"text-editor.default\">\n\t\t\t\t<div class=\"elementor-widget-container\">\n\t\t\t\t\t\t\t<p>The technology in a time of emergency is everything. Having access to the correct information handy can speedup the rescue process or even can safe a life. NFC chip or QR code are providing that information at any time.<\/p>\t\t\t\t\t\t<\/div>\n\t\t\t\t<\/div>\n\t\t\t\t\t<\/div>\n\t\t<\/div>\n\t\t\t\t<div class=\"elementor-column elementor-col-50 elementor-inner-column elementor-element elementor-element-11de88ed\" data-id=\"11de88ed\" data-element_type=\"column\">\n\t\t\t<div class=\"elementor-widget-wrap elementor-element-populated\">\n\t\t\t\t\t\t<div class=\"elementor-element elementor-element-55174eda elementor-view-default elementor-widget elementor-widget-icon\" data-id=\"55174eda\" data-element_type=\"widget\" data-widget_type=\"icon.default\">\n\t\t\t\t<div class=\"elementor-widget-container\">\n\t\t\t\t\t<div class=\"elementor-icon-wrapper\">\n\t\t\t<div class=\"elementor-icon\">\n\t\t\t\t\t\t\t<i class=\"fa fa-barcode\" aria-hidden=\"true\"><\/i>\n\t\t\t\t\t\t<\/div>\n\t\t<\/div>\n\t\t\t\t<\/div>\n\t\t\t\t<\/div>\n\t\t\t\t<div class=\"elementor-element elementor-element-3a49902d elementor-widget elementor-widget-heading\" data-id=\"3a49902d\" data-element_type=\"widget\" data-widget_type=\"heading.default\">\n\t\t\t\t<div class=\"elementor-widget-container\">\n\t\t\t<h3 class=\"elementor-heading-title elementor-size-large\">QR Code<\/h3>\t\t<\/div>\n\t\t\t\t<\/div>\n\t\t\t\t<div class=\"elementor-element elementor-element-6b7e64a1 elementor-widget elementor-widget-text-editor\" data-id=\"6b7e64a1\" data-element_type=\"widget\" data-widget_type=\"text-editor.default\">\n\t\t\t\t<div class=\"elementor-widget-container\">\n\t\t\t\t\t\t\t<p>QR code on VIP Safe-U tag is a machine-readable optical label that contains information about the <br \/>person who carry it. A QR code can be read by an imaging device such as cellphone&#8217;s camera providing crucial information to the rescuers.<\/p>\t\t\t\t\t\t<\/div>\n\t\t\t\t<\/div>\n\t\t\t\t<div class=\"elementor-element elementor-element-e098ec8 elementor-view-default elementor-widget elementor-widget-icon\" data-id=\"e098ec8\" data-element_type=\"widget\" data-widget_type=\"icon.default\">\n\t\t\t\t<div class=\"elementor-widget-container\">\n\t\t\t\t\t<div class=\"elementor-icon-wrapper\">\n\t\t\t<div class=\"elementor-icon\">\n\t\t\t\t\t\t\t<i class=\"fa fa-address-card-o\" aria-hidden=\"true\"><\/i>\n\t\t\t\t\t\t<\/div>\n\t\t<\/div>\n\t\t\t\t<\/div>\n\t\t\t\t<\/div>\n\t\t\t\t<div class=\"elementor-element elementor-element-27a4e0ba elementor-widget elementor-widget-heading\" data-id=\"27a4e0ba\" data-element_type=\"widget\" data-widget_type=\"heading.default\">\n\t\t\t\t<div class=\"elementor-widget-container\">\n\t\t\t<h3 class=\"elementor-heading-title elementor-size-large\">Take control over messages<\/h3>\t\t<\/div>\n\t\t\t\t<\/div>\n\t\t\t\t<div class=\"elementor-element elementor-element-2571e2b3 elementor-widget elementor-widget-text-editor\" data-id=\"2571e2b3\" data-element_type=\"widget\" data-widget_type=\"text-editor.default\">\n\t\t\t\t<div class=\"elementor-widget-container\">\n\t\t\t\t\t\t\t<p>The information uploaded to VIP Safe-U tag are 100% eligible. The person who own the tag is the one who upload, update and publish that info for rescuers. The VIP Safe-U tag holder has a full control over all information <span id=\"result_box\" class=\"short_text\" lang=\"en\">how to proceed during the rescue operation<\/span><span id=\"t-served-community-button\" class=\"trans-verified-button goog-toolbar-button\" role=\"button\" aria-hidden=\"true\"><\/span><\/p>\t\t\t\t\t\t<\/div>\n\t\t\t\t<\/div>\n\t\t\t\t\t<\/div>\n\t\t<\/div>\n\t\t\t\t\t<\/div>\n\t\t<\/section>\n\t\t\t\t\t<\/div>\n\t\t<\/div>\n\t\t\t\t\t<\/div>\n\t\t<\/section>\n\t\t\t\t<section class=\"elementor-section elementor-top-section elementor-element elementor-element-44ab631e elementor-section-full_width elementor-section-height-default elementor-section-height-default\" data-id=\"44ab631e\" data-element_type=\"section\" data-settings=\"{&quot;background_background&quot;:&quot;classic&quot;}\">\n\t\t\t\t\t\t<div class=\"elementor-container elementor-column-gap-default\">\n\t\t\t\t\t<div class=\"elementor-column elementor-col-100 elementor-top-column elementor-element elementor-element-cef92ff\" data-id=\"cef92ff\" data-element_type=\"column\">\n\t\t\t<div class=\"elementor-widget-wrap elementor-element-populated\">\n\t\t\t\t\t\t<div class=\"elementor-element elementor-element-4e88e5e elementor-widget elementor-widget-heading\" data-id=\"4e88e5e\" data-element_type=\"widget\" data-widget_type=\"heading.default\">\n\t\t\t\t<div class=\"elementor-widget-container\">\n\t\t\t<h3 class=\"elementor-heading-title elementor-size-large\">Facts<\/h3>\t\t<\/div>\n\t\t\t\t<\/div>\n\t\t\t\t<section class=\"elementor-section elementor-inner-section elementor-element elementor-element-2df7ce7a elementor-section-boxed elementor-section-height-default elementor-section-height-default\" data-id=\"2df7ce7a\" data-element_type=\"section\">\n\t\t\t\t\t\t<div class=\"elementor-container elementor-column-gap-default\">\n\t\t\t\t\t<div class=\"elementor-column elementor-col-33 elementor-inner-column elementor-element elementor-element-5595084a\" data-id=\"5595084a\" data-element_type=\"column\" data-settings=\"{&quot;background_background&quot;:&quot;classic&quot;}\">\n\t\t\t<div class=\"elementor-widget-wrap elementor-element-populated\">\n\t\t\t\t\t\t<div class=\"elementor-element elementor-element-3e372807 elementor-widget elementor-widget-image\" data-id=\"3e372807\" data-element_type=\"widget\" data-widget_type=\"image.default\">\n\t\t\t\t<div class=\"elementor-widget-container\">\n\t\t\t\t\t\t\t\t\t\t\t\t\t<img decoding=\"async\" width=\"189\" height=\"189\" src=\"https:\/\/www.dibucard.com\/vipsafeu\/wp-content\/uploads\/sites\/33\/2018\/03\/circle-1.png\" class=\"attachment-full size-full wp-image-38\" alt=\"\" srcset=\"https:\/\/www.dibucard.com\/vipsafeu\/wp-content\/uploads\/sites\/33\/2018\/03\/circle-1.png 189w, https:\/\/www.dibucard.com\/vipsafeu\/wp-content\/uploads\/sites\/33\/2018\/03\/circle-1-150x150.png 150w\" sizes=\"(max-width: 189px) 100vw, 189px\" \/>\t\t\t\t\t\t\t\t\t\t\t\t\t<\/div>\n\t\t\t\t<\/div>\n\t\t\t\t<div class=\"elementor-element elementor-element-1dee71b7 elementor-widget elementor-widget-text-editor\" data-id=\"1dee71b7\" data-element_type=\"widget\" data-widget_type=\"text-editor.default\">\n\t\t\t\t<div class=\"elementor-widget-container\">\n\t\t\t\t\t\t\t<p><span id=\"result_box\" lang=\"en\"><span title=\"Wirtualny profil interaktywny Safe-U jest zaprojektowany w celu dostarczenia niezb\u0119dnych informacji medycznych i kontaktowych o osobach ktore sa zagubione, lub nieprzytomne w chwili ich znalezienia. \">The Virtual Interactive Profile Safe-U is designed to provide necessary contact and medical information about the lost\/missing person or\u00a0accident <span id=\"result_box\" class=\"short_text\" lang=\"en\">unconscious<\/span> victim to a rescuer. Because knowing how to help correctly in the time of unfortunate event is crucial to victim\u2019s health or even life.<\/span><\/span><\/p>\t\t\t\t\t\t<\/div>\n\t\t\t\t<\/div>\n\t\t\t\t\t<\/div>\n\t\t<\/div>\n\t\t\t\t<div class=\"elementor-column elementor-col-33 elementor-inner-column elementor-element elementor-element-7c796c1f\" data-id=\"7c796c1f\" data-element_type=\"column\" data-settings=\"{&quot;background_background&quot;:&quot;classic&quot;}\">\n\t\t\t<div class=\"elementor-widget-wrap elementor-element-populated\">\n\t\t\t\t\t\t<div class=\"elementor-element elementor-element-243bece7 elementor-widget elementor-widget-image\" data-id=\"243bece7\" data-element_type=\"widget\" data-widget_type=\"image.default\">\n\t\t\t\t<div class=\"elementor-widget-container\">\n\t\t\t\t\t\t\t\t\t\t\t\t\t<img decoding=\"async\" width=\"189\" height=\"189\" src=\"https:\/\/www.dibucard.com\/vipsafeu\/wp-content\/uploads\/sites\/33\/2018\/03\/circle2-1.png\" class=\"attachment-full size-full wp-image-39\" alt=\"\" srcset=\"https:\/\/www.dibucard.com\/vipsafeu\/wp-content\/uploads\/sites\/33\/2018\/03\/circle2-1.png 189w, https:\/\/www.dibucard.com\/vipsafeu\/wp-content\/uploads\/sites\/33\/2018\/03\/circle2-1-150x150.png 150w\" sizes=\"(max-width: 189px) 100vw, 189px\" \/>\t\t\t\t\t\t\t\t\t\t\t\t\t<\/div>\n\t\t\t\t<\/div>\n\t\t\t\t<div class=\"elementor-element elementor-element-3bdaaf9e elementor-widget elementor-widget-text-editor\" data-id=\"3bdaaf9e\" data-element_type=\"widget\" data-widget_type=\"text-editor.default\">\n\t\t\t\t<div class=\"elementor-widget-container\">\n\t\t\t\t\t\t\t<p><span title=\"Karta VIP safe-U jest doskonala w przypadku wypadkow drogowuch, kl\u0119sk \u017cywio\u0142owych, zagubienie z powodu choroby Alzheimera, autyzmu i innych powi\u0105zanych stan\u00f3w lub zaburze\u0144.\">The VIP Safe-U\u00a0tag is\u00a0usefull in case of\u00a0automobile or any other traffic related\u00a0accidents, natural disasters, loss due to Alzheimer\u2019s disease, autism and other related conditions or disorders. <\/span><span title=\"W takich przypadkach prawid\u0142owe informacje medyczne i kontaktowe s\u0105 kluczowymi punktami ratowania \u017cycia poszkodowanego. \">In such cases, have correct medical and contact information fast are key points in saving the life of the victim.<\/span><\/p>\t\t\t\t\t\t<\/div>\n\t\t\t\t<\/div>\n\t\t\t\t\t<\/div>\n\t\t<\/div>\n\t\t\t\t<div class=\"elementor-column elementor-col-33 elementor-inner-column elementor-element elementor-element-49135d22\" data-id=\"49135d22\" data-element_type=\"column\" data-settings=\"{&quot;background_background&quot;:&quot;classic&quot;}\">\n\t\t\t<div class=\"elementor-widget-wrap elementor-element-populated\">\n\t\t\t\t\t\t<div class=\"elementor-element elementor-element-729b9b20 elementor-widget elementor-widget-image\" data-id=\"729b9b20\" data-element_type=\"widget\" data-widget_type=\"image.default\">\n\t\t\t\t<div class=\"elementor-widget-container\">\n\t\t\t\t\t\t\t\t\t\t\t\t\t<img loading=\"lazy\" decoding=\"async\" width=\"189\" height=\"189\" src=\"https:\/\/www.dibucard.com\/vipsafeu\/wp-content\/uploads\/sites\/33\/2018\/03\/circle3-1.png\" class=\"attachment-full size-full wp-image-40\" alt=\"\" srcset=\"https:\/\/www.dibucard.com\/vipsafeu\/wp-content\/uploads\/sites\/33\/2018\/03\/circle3-1.png 189w, https:\/\/www.dibucard.com\/vipsafeu\/wp-content\/uploads\/sites\/33\/2018\/03\/circle3-1-150x150.png 150w\" sizes=\"(max-width: 189px) 100vw, 189px\" \/>\t\t\t\t\t\t\t\t\t\t\t\t\t<\/div>\n\t\t\t\t<\/div>\n\t\t\t\t<div class=\"elementor-element elementor-element-4dd60433 elementor-widget elementor-widget-text-editor\" data-id=\"4dd60433\" data-element_type=\"widget\" data-widget_type=\"text-editor.default\">\n\t\t\t\t<div class=\"elementor-widget-container\">\n\t\t\t\t\t\t\t<p><span title=\"Ratowanie lub poszukiwanie os\u00f3b w wyzej wymienionych przypadkach jest zawsze powa\u017cnym problemem.\">Rescuing or searching for people in the above-mentioned cases is always a serious problem. <\/span><span title=\"Bez prawidlowych i szybkich informacji o osobie odnalezionej lub poszkodowaniej ka\u017cda stracona minuta zwi\u0119ksza ryzyko tragicznego wyniku.\">Without the correct and quick information about a person found or injured, each lost minute increases the risk of a tragic result. <\/span><span title=\"Dlatego posiadanie karty VIP Safe-U mo\u017ce by\u0107 bardzo korzystnym czynnikiem w takich sytuacjach.\">Therefore, having a VIP Safe-U\u00a0tag can be a very beneficial factor in such situations.\u00a0<\/span><\/p>\t\t\t\t\t\t<\/div>\n\t\t\t\t<\/div>\n\t\t\t\t\t<\/div>\n\t\t<\/div>\n\t\t\t\t\t<\/div>\n\t\t<\/section>\n\t\t\t\t\t<\/div>\n\t\t<\/div>\n\t\t\t\t\t<\/div>\n\t\t<\/section>\n\t\t\t\t<section class=\"elementor-section elementor-top-section elementor-element elementor-element-1046ebdd elementor-section-boxed elementor-section-height-default elementor-section-height-default\" data-id=\"1046ebdd\" data-element_type=\"section\" data-settings=\"{&quot;background_background&quot;:&quot;classic&quot;}\">\n\t\t\t\t\t\t\t<div class=\"elementor-background-overlay\"><\/div>\n\t\t\t\t\t\t\t<div class=\"elementor-container elementor-column-gap-default\">\n\t\t\t\t\t<div class=\"elementor-column elementor-col-100 elementor-top-column elementor-element elementor-element-68cf323f\" data-id=\"68cf323f\" data-element_type=\"column\">\n\t\t\t<div class=\"elementor-widget-wrap elementor-element-populated\">\n\t\t\t\t\t\t<div class=\"elementor-element elementor-element-38822558 elementor-view-default elementor-widget elementor-widget-icon\" data-id=\"38822558\" data-element_type=\"widget\" data-widget_type=\"icon.default\">\n\t\t\t\t<div class=\"elementor-widget-container\">\n\t\t\t\t\t<div class=\"elementor-icon-wrapper\">\n\t\t\t<div class=\"elementor-icon\">\n\t\t\t\t\t\t\t<i class=\"fa fa-american-sign-language-interpreting\" aria-hidden=\"true\"><\/i>\n\t\t\t\t\t\t<\/div>\n\t\t<\/div>\n\t\t\t\t<\/div>\n\t\t\t\t<\/div>\n\t\t\t\t<div class=\"elementor-element elementor-element-75f8ad6e elementor-widget elementor-widget-text-editor\" data-id=\"75f8ad6e\" data-element_type=\"widget\" data-widget_type=\"text-editor.default\">\n\t\t\t\t<div class=\"elementor-widget-container\">\n\t\t\t\t\t\t\t<p><span title=\"Prawid\u0142owe informacje na temat stanu zdrowia danej osoby i dane kontaktowe znacznie przyspieszaj\u0105 dzia\u0142ania w nag\u0142ych wypadkach i zwi\u0119kszaj\u0105 szanse na pozytywne zako\u0144czenie. \">Correct information about a person\u2019s health and contact details greatly accelerates emergency actions and increases the chances of a positive ending.<\/span><\/p>\t\t\t\t\t\t<\/div>\n\t\t\t\t<\/div>\n\t\t\t\t\t<\/div>\n\t\t<\/div>\n\t\t\t\t\t<\/div>\n\t\t<\/section>\n\t\t\t\t<section class=\"elementor-section elementor-top-section elementor-element elementor-element-1aadc48 elementor-section-boxed elementor-section-height-default elementor-section-height-default\" data-id=\"1aadc48\" data-element_type=\"section\" data-settings=\"{&quot;background_background&quot;:&quot;classic&quot;}\">\n\t\t\t\t\t\t<div class=\"elementor-container elementor-column-gap-default\">\n\t\t\t\t\t<div class=\"elementor-column elementor-col-50 elementor-top-column elementor-element elementor-element-17641ea\" data-id=\"17641ea\" data-element_type=\"column\">\n\t\t\t<div class=\"elementor-widget-wrap elementor-element-populated\">\n\t\t\t\t\t\t<div class=\"elementor-element elementor-element-d6dcb73 elementor-widget elementor-widget-heading\" data-id=\"d6dcb73\" data-element_type=\"widget\" data-widget_type=\"heading.default\">\n\t\t\t\t<div class=\"elementor-widget-container\">\n\t\t\t<h2 class=\"elementor-heading-title elementor-size-default\">Sign up for your VIP Safe-U today:<\/h2>\t\t<\/div>\n\t\t\t\t<\/div>\n\t\t\t\t\t<\/div>\n\t\t<\/div>\n\t\t\t\t<div class=\"elementor-column elementor-col-50 elementor-top-column elementor-element elementor-element-e9e5552\" data-id=\"e9e5552\" data-element_type=\"column\">\n\t\t\t<div class=\"elementor-widget-wrap elementor-element-populated\">\n\t\t\t\t\t\t<div class=\"elementor-element elementor-element-b2cda86 elementor-align-center elementor-widget elementor-widget-button\" data-id=\"b2cda86\" data-element_type=\"widget\" data-widget_type=\"button.default\">\n\t\t\t\t<div class=\"elementor-widget-container\">\n\t\t\t\t\t<div class=\"elementor-button-wrapper\">\n\t\t\t<a class=\"elementor-button elementor-button-link elementor-size-sm\" href=\"https:\/\/www.dibucard.com\/vipsafeu\/signupcommunity.php\">\n\t\t\t\t\t\t<span class=\"elementor-button-content-wrapper\">\n\t\t\t\t\t\t<span class=\"elementor-button-icon elementor-align-icon-left\">\n\t\t\t\t\t\t\t\t\t<i class=\"fa fa-ambulance\" aria-hidden=\"true\"><\/i>\n\t\t\t\t\t\t\t<\/span>\n\t\t\t\t\t\t\t\t\t<span class=\"elementor-button-text\">Create my VIP Safe-U account<\/span>\n\t\t\t\t\t<\/span>\n\t\t\t\t\t<\/a>\n\t\t<\/div>\n\t\t\t\t<\/div>\n\t\t\t\t<\/div>\n\t\t\t\t\t<\/div>\n\t\t<\/div>\n\t\t\t\t\t<\/div>\n\t\t<\/section>\n\t\t\t\t<\/div>\n\t\t","protected":false},"excerpt":{"rendered":"<p>Knowing how to help correctly is crucial,scanning the VIP Safe-U tag can safe life. Because time matters NFC Technology NFC Chip The most advance NFC technology is available now for everyone. The NFC chip need no charging ever and is always ready to scan. It contains necessary health and contact information for rescuers about the [&hellip;]<\/p>\n","protected":false},"author":1519,"featured_media":0,"parent":0,"menu_order":0,"comment_status":"closed","ping_status":"open","template":"","meta":{"ngg_post_thumbnail":0,"footnotes":""},"_links":{"self":[{"href":"https:\/\/www.dibucard.com\/vipsafeu\/wp-json\/wp\/v2\/pages\/2"}],"collection":[{"href":"https:\/\/www.dibucard.com\/vipsafeu\/wp-json\/wp\/v2\/pages"}],"about":[{"href":"https:\/\/www.dibucard.com\/vipsafeu\/wp-json\/wp\/v2\/types\/page"}],"author":[{"embeddable":true,"href":"https:\/\/www.dibucard.com\/vipsafeu\/wp-json\/wp\/v2\/users\/1519"}],"replies":[{"embeddable":true,"href":"https:\/\/www.dibucard.com\/vipsafeu\/wp-json\/wp\/v2\/comments?post=2"}],"version-history":[{"count":21,"href":"https:\/\/www.dibucard.com\/vipsafeu\/wp-json\/wp\/v2\/pages\/2\/revisions"}],"predecessor-version":[{"id":94,"href":"https:\/\/www.dibucard.com\/vipsafeu\/wp-json\/wp\/v2\/pages\/2\/revisions\/94"}],"wp:attachment":[{"href":"https:\/\/www.dibucard.com\/vipsafeu\/wp-json\/wp\/v2\/media?parent=2"}],"curies":[{"name":"wp","href":"https:\/\/api.w.org\/{rel}","templated":true}]}}