{"id":437,"date":"2017-11-19T15:00:31","date_gmt":"2017-11-19T23:00:31","guid":{"rendered":"https:\/\/www.dibucard.com\/theextension\/?page_id=437"},"modified":"2017-11-20T12:04:19","modified_gmt":"2017-11-20T20:04:19","slug":"regulamin-korzystania","status":"publish","type":"page","link":"https:\/\/www.dibucard.com\/theextension\/regulamin-korzystania\/","title":{"rendered":"Regulamin korzystania"},"content":{"rendered":"<h4 style=\"text-align: center;\"><a href=\"https:\/\/www.dibucard.com\/theextension\/\">HOME<\/a>\u00a0\u00a0<a href=\"https:\/\/www.dibucard.com\/theextension\/search\/\" target=\"_blank\" rel=\"noopener\"> SEARCH\/WYSZUKIWARKA<\/a>\u00a0\u00a0 <a href=\"https:\/\/www.dibucard.com\/theextension\/sign-up-with-paypal\/\" target=\"_blank\" rel=\"noopener\">SIGNUP<\/a>\/<a href=\"https:\/\/www.dibucard.com\/theextension\/hub\/utworz-memorial\/\" target=\"_blank\" rel=\"noopener\">UTW\u00d3RZ MEMORIA\u0141<\/a>\u00a0\u00a0 <a href=\"https:\/\/www.dibucard.com\/theextension\/terms\/\" target=\"_blank\" rel=\"noopener\">Tc &amp; Cc\/ REGULACJE<\/a><\/h4>\n<h4><img decoding=\"async\" class=\"aligncenter size-full wp-image-421\" src=\"https:\/\/www.dibucard.com\/theextension\/wp-content\/uploads\/sites\/17\/2017\/11\/bar-grey.jpg\" alt=\"\" width=\"1149\" height=\"8\" srcset=\"https:\/\/www.dibucard.com\/theextension\/wp-content\/uploads\/sites\/17\/2017\/11\/bar-grey.jpg 1149w, https:\/\/www.dibucard.com\/theextension\/wp-content\/uploads\/sites\/17\/2017\/11\/bar-grey-300x2.jpg 300w, https:\/\/www.dibucard.com\/theextension\/wp-content\/uploads\/sites\/17\/2017\/11\/bar-grey-768x5.jpg 768w, https:\/\/www.dibucard.com\/theextension\/wp-content\/uploads\/sites\/17\/2017\/11\/bar-grey-1024x7.jpg 1024w\" sizes=\"(max-width: 1149px) 100vw, 1149px\" \/><\/h4>\n<h4>Regulamin korzystania z bazy danych internetowego\u00a0 cmentarza theExtension LIFE.<\/h4>\n<p><strong>Niniejszy regulamin okre\u015bla zasady i warunki korzystania z bazy danych udost\u0119pnianej przez\u00a0 the Extension LIFE<\/strong><\/p>\n<table style=\"background-color: #000000;\">\n<tbody>\n<tr>\n<td style=\"width: 15px;\"><\/td>\n<td>\n<ol>\n<li><span style=\"color: #99ccff;\">-Wirtualny cmentarz upowa\u017cnia u\u017cytkownika serwisu internetowego do korzystania z bazy danych w ograniczonym zakresie wynikaj\u0105cym z tego regulaminu.<\/span><\/li>\n<li><span style=\"color: #99ccff;\">-Baza danych zbioru the Extension Life\u00a0zawiera informacje o\u00a0osobach zmar\u0142ych. Baza zawiera r\u00f3wnie\u017c informacje o innych podmiotach pozwalaj\u0105ce na ich identyfikacj\u0119.<\/span><\/li>\n<li><span style=\"color: #99ccff;\">-Wpisy (memoria\u0142y) oraz inne formy publikacji na stronach zbioru the Extension LIFE podlegaj\u0105 cennikowi pakiet\u00f3w umieszczonemu w serwisie\u00a0lub indywidualnym ustaleniom. S\u0105 to ostateczne, powtarzaj\u0105ce si\u0119 cyklicznie p\u0142atno\u015bci comiesi\u0119czne, corocznie lub w innym cyklu czasowym nie podlegaja zwrotowi w \u017cadnym wypadku.<\/span><\/li>\n<li><span style=\"color: #99ccff;\">-W przypadku nie uiszczenia op\u0142aty w dniu orginalnego odnowienia us\u0142ugi\u00a0 u\u017cytkownik ma czas do 30 dni \u017ceby uaktualizowa\u0107 swoje informacje p\u0142atnicze i op\u0142aci\u0107 us\u0142ug\u0119. Je\u015bli po up\u0142ywie 30 dni od orginalnego dnia odnowienia us\u0142ugi us\u0142uga nie zostanie op\u0142acona konto I publikacje u\u017cytkownika zostan\u0105 automatycznie anulowane.<\/span><\/li>\n<li><span style=\"color: #99ccff;\">-Odzyskanie anulowanego konta mo\u017ce nast\u0105pi\u0107 po wyst\u0105pieniu przez u\u017cytkownika z pro<span id=\"result_box\" class=\"short_text\" lang=\"en\"><span class=\"hps\">\u017a<\/span><\/span>b\u0105 w tej sprawie na adres info@1e-mail.com i ewentualnym pozytywnym rozpatrzeniu. Je\u015bli decyzja b\u0119dzie pozytywna, konto u\u017cytkownika zostanie odnowione po uiszczeniu przez u\u017cytkownika op\u0142aty w wysoko\u015bci 150,00 Z\u0141 dla obszaru polskiego ($150.00 USD\u00a0dla innych rejonow). Pro<span id=\"result_box\" class=\"short_text\" lang=\"en\"><span class=\"hps\">\u017a<\/span><\/span>ba o odnowienie konta mo\u017ce nast\u0105pi\u0107 w czasie nie d\u0142u\u017cszym jak\u00a030 dni od jego anulowania. Decyzje\u00a0zarz\u0105du zbioru the Extension LIFE\u00a0s\u0105\u00a0 ostateczne.<\/span><\/li>\n<li><span style=\"color: #99ccff;\">-Zarz\u0105d witryny Extension LIFE\u00a0nie ponosi odpowiedzialno\u015bci za tre\u015b\u0107i, zdj\u0119cia i videa\u00a0zamieszczane na portal przez u\u017cytkownik\u00f3w.<\/span><\/li>\n<li><span style=\"color: #99ccff;\">-Firma lub osoba prywatna rejestruj\u0105c si\u0119 w portalu ponosi wszelk\u0105 odpowiedzialno\u015b\u0107 za tre\u015bci jakie umieszcza na ministronie (memoriale) i wszystkich prezentacjach, w szczeg\u00f3lno\u015bci za prawdziwo\u015b\u0107 danych, rzetelno\u015b\u0107 tre\u015bci, a tak\u017ce zgodno\u015b\u0107 z obowi\u0105zuj\u0105cym prawem, zwyczajami i normami moralnymi oraz niniejszym regulaminem.<\/span><\/li>\n<li><span style=\"color: #99ccff;\">-Umieszczenie memorial\u00a0 lub innej \u00a0publikacji na stronach portalu the Extension LIFE jest r\u00f3wnoznaczne z\u00a0o\u015bwiadczeniem \u017ce osoba publikuj\u0105ca\u00a0i op\u0142acaj\u0105ca memoria\u0142 ma pe\u0142ne prawo prawne\u00a0i moralne do takiej publikacji.<\/span><\/li>\n<li><span style=\"color: #99ccff;\">-Publikujac memoria\u0142(y) osoba op\u0142acaj\u0105ca us\u0142ug\u0119 ponosi pe\u0142n\u0105 odpowiedzialno\u015b\u0107 prawn\u0105 za jej tre\u015b\u0107 w \u015bwietle prawa\u00a0kraju lub rejonu w kt\u00f3rym zamieszkuje, kraju lub rejonu w kt\u00f3rym znajduje sie gr\u00f3b lub miejsce pami\u0119ci osoby lub os\u00f3b kt\u00f3rym po\u015bwi\u0119cony jest memoria\u0142\u00a0 oraz obowiazujacego w tym zakresie prawa mi\u0119dzynarodowego.\u00a0<\/span><\/li>\n<li><span style=\"color: #99ccff;\">-Firma lub osoba prywatna op\u0142acaj\u0105ca us\u0142uge r\u00f3wnie\u017c ponosi konsekwencje prawne za u\u017cycie nazw, s\u0142\u00f3w i znak\u00f3w zastrze\u017conych.<\/span><\/li>\n<li><span style=\"color: #99ccff;\">Wszystkie informacje zamieszczane na stronach serwisu the Extension LIFE powinny by\u0107 prawdziwe, kompletne, dok\u0142adne i nie mog\u0105 wprowadza\u0107 w b\u0142\u0105d. W przypadku naruszenia kt\u00f3rejkolwiek z powy\u017cszych zasad,\u00a0\u00a0zarz\u0105d serwisu\u00a0upowa\u017cniony jest w ka\u017cdym czasie do usuni\u0119cia publikowanych informacji, prezentacji czy te\u017c ca\u0142ej ministrony i\u00a0u\u017cytkownikowi nie przys\u0142uguje zwrot poniesionych wydatk\u00f3w ani odr\u0119bne odszkodowanie.<\/span><\/li>\n<li><span style=\"color: #99ccff;\">-Dokonanie wpisu do bazy the Extension LIFE\u00a0odbywa si\u0119 poprzez wype\u0142nienie formularza rejestracyjnego. Jego wype\u0142nienie jest jednoznaczne z akceptacj\u0105 automatycznie pobieranej przez system op\u0142aty za publikacj\u0119 (memoria\u0142), a\u017c do anulowania uslugi poprzez u\u017cytkownika lub administracje, oraz z akceptacj\u0105 niniejszego regulaminu. Oplaty te sa ostateczne i nie podlegaja zwrotowi w \u017cadnym wypadku.<\/span><\/li>\n<li><span style=\"color: #99ccff;\">-Akceptuj\u0105c niniejszy regulamin u\u017cytkownik wyra\u017ca zgod\u0119 na otrzymywanie informacji o \u015bwiadczeniu us\u0142ug drog\u0105 elektroniczn\u0105, przesy\u0142anych przez\u00a0 the Extension LIFE.<\/span><\/li>\n<li><span style=\"color: #99ccff;\">-Serwis dost\u0119pny jest 24 godziny na dob\u0119, we wszystkie dni roku. Jednak\u017ce\u00a0 the Extension LIFE\u00a0 zastrzega sobie mo\u017cliwo\u015b\u0107 dokonywania przerw spowodowanych nag\u0142ymi wypadkami, b\u0105d\u017a te\u017c konserwacj\u0105 serwisu.\u00a0 the Extension LIFE\u00a0w \u017cadnym przypadku nie odpowiada za ewentualne straty spowodowane takimi przerwami.<\/span><\/li>\n<li><span style=\"color: #99ccff;\">-Dane uzyskane za pomoc\u0105 serwisu internetowego\u00a0 the Extension LIFE\u00a0mog\u0105 by\u0107 wykorzystywane jedynie w celach prywatnych u\u017cytkownika indywidualnego b\u0105d\u017a firmy, przez co rozumie si\u0119, \u017ce dane powy\u017csze nie mog\u0105 by\u0107 wykorzystywane do cel\u00f3w komercyjnych (ka\u017cdego rodzaju), jak r\u00f3wnie\u017c nie w przypadku informacyjnej dzia\u0142alno\u015bci publicznej, chyba \u017ce, ich podstaw\u0105 jest odr\u0119bna umowa z\u00a0 the Extension LIFE\u00a0lub zam\u00f3wienie potwierdzone faktur\u0105.<\/span><\/li>\n<li><span style=\"color: #99ccff;\">W tym m.in. niedozwolone jest:<\/span><\/li>\n<li><span style=\"color: #99ccff;\">a) wykorzystanie informacji uzyskanych z bazy danych do przeprowadzania korespondencji seryjnej, niezale\u017cnie od jej charakteru i tre\u015bci,<\/span><\/li>\n<li><span style=\"color: #99ccff;\">b) odp\u0142atne b\u0105d\u017a nieodp\u0142atne udost\u0119pnianie informacji uzyskanych z bazy danych osobom trzecim, a tak\u017ce publiczne udost\u0119pnianie b\u0105d\u017a rozpowszechnianie tych informacji. U\u017cytkownik mo\u017ce sporz\u0105dza\u0107 wydruki z bazy danych wy\u0142\u0105cznie na swoje potrzeby,<\/span><\/li>\n<li><span style=\"color: #99ccff;\">c) dost\u0119p do bazy danych za pomoc\u0105 oprogramowania nie b\u0119d\u0105cego zwyk\u0142\u0105 przegl\u0105dark\u0105 internetow\u0105 stanowi z\u0142amanie warunk\u00f3w niniejszego regulaminu oraz jest przes\u0142ank\u0105 do stwierdzenia naruszenia przepis\u00f3w ustawy.<\/span><\/li>\n<li><span style=\"color: #99ccff;\">-W przypadku naruszenia przez u\u017cytkownika warunk\u00f3w niniejszego regulaminu, albo powzi\u0119cia uzasadnionego przypuszczenia przez\u00a0zarz\u0105d the Extension LIFE\u00a0, i\u017c u\u017cytkownik narusza lub planuje naruszenie niniejszych warunk\u00f3w, w szczeg\u00f3lno\u015bci poprzez wykorzystanie informacji, b\u0105d\u017a jej cz\u0119\u015bci,\u00a0 do jakiejkolwiek dzia\u0142alno\u015bci komercyjnej czy publicznej, firma zastrzega sobie mo\u017cliwo\u015b\u0107 zablokowania u\u017cytkownikowi dost\u0119pu do serwisu. Ponadto\u00a0 mo\u017ce w takim przypadku dochodzi\u0107 w\u0142asnych roszcze\u0144 odszkodowawczych zwi\u0105zanych z naruszeniem praw w\u0142asno\u015bci intelektualnej oraz praw os\u00f3b trzecich.<\/span><\/li>\n<li><span style=\"color: #99ccff;\">-Zarz\u0105d the Extension LIFE podejmuje wszelkie starania, aby zapewni\u0107 u\u017cytkownikom jak najwy\u017csz\u0105 jako\u015b\u0107 serwisu. Firma nie ponosi jednak odpowiedzialno\u015bci za straty lub utracone korzy\u015bci u\u017cytkownika maj\u0105ce zwi\u0105zek z korzystaniem z serwisu, a spowodowane b\u0142\u0119dnymi informacjami zawartymi w bazie danych lub niew\u0142a\u015bciwym funkcjonowaniem sieci Internet.<\/span><\/li>\n<li><span style=\"color: #99ccff;\">-Zarz\u0105d the Extension LIFE zastrzega sobie prawo do zawieszenia\/zablokowania\/usuni\u0119cia konta U\u017cytkownika\/og\u0142oszenia, kt\u00f3ry \u0142amie kt\u00f3rekolwiek z postanowie\u0144 niniejszego Regulaminu, a w szczeg\u00f3lno\u015bci:<\/span><\/li>\n<li>\n<div id=\"tts_button\"><span style=\"color: #99ccff;\">\u2013-<span id=\"result_box\" lang=\"pl\"><span class=\"hps\">Je\u015bli<\/span> <span class=\"hps\">nowy u\u017cytkownik<\/span> <span class=\"hps\">nie opublikowa\u0142<\/span>\u00a0memoria\u0142u <span class=\"hps\">w ci\u0105gu 14 dni<\/span> <span class=\"hps\">kalendarzowych<\/span> <span class=\"hps\">po<\/span> <span class=\"hps\">jego \/<\/span> <span class=\"hps\">jej<\/span> <span class=\"hps\">pocz\u0105tkowej<\/span> <span class=\"hps\">rejestracji.<\/span><\/span><\/span><\/div>\n<\/li>\n<li><span style=\"color: #99ccff;\">&#8211;Wszelkiego rodzaju spam.<\/span><\/li>\n<li><span style=\"color: #99ccff;\">&#8211;Reklama konkurencyjnych serwis\u00f3w reklamowych.<\/span><\/li>\n<li><span style=\"color: #99ccff;\">-U\u017cywanie s\u0142\u00f3w powszechnie uznawanych za wulgarne.<\/span><\/li>\n<li><span style=\"color: #99ccff;\">&#8211;Memoria\u0142y zawieraj\u0105ce tre\u015bci szkodz\u0105ce lub oczerniaj\u0105ce innych u\u017cytkownik\u00f3w\u00a0zbioru the Extension LIFE lub pracownik\u00f3w firmy lub ich partner\u00f3w.<\/span><\/li>\n<li><span style=\"color: #99ccff;\">&#8211;Memoria\u0142y\u00a0lub publikacje\u00a0zawieraj\u0105ce tre\u015bci pornograficzne w ka\u017cdej formie pisemnej lub graficznej (zdj\u0119cia, rysunki, szkice, etc).<\/span><\/li>\n<li><span style=\"color: #99ccff;\">&#8211;Memoria\u0142y i publikacje kt\u00f3rych tre\u015b\u0107 jest wulgarna,<\/span><\/li>\n<li><span style=\"color: #99ccff;\">&#8211;Memoria\u0142y i publikacje zawieraj\u0105ce tre\u015bci oraz zdj\u0119cia \u0142ami\u0105ce prawo obowi\u0105zuj\u0105ce w Polsce.<\/span><\/li>\n<li><span style=\"color: #99ccff;\">&#8211;Memoria\u0142y obra\u017aliwe, szkaluj\u0105ce.<\/span><\/li>\n<li><span style=\"color: #99ccff;\">&#8211;Memoria\u0142y\u00a0nawo\u0142uj\u0105 do przemocy lub nienawi\u015bci na tle narodowo\u015bciowym, rasowym i religijnym, itp.<\/span><\/li>\n<li><span style=\"color: #99ccff;\">&#8211;Memoria\u0142y reklamuj\u0105ce us\u0142ugi\u00a0lub towary jakiegokolwiek rodzaju.<\/span><\/li>\n<li><span style=\"color: #99ccff;\">&#8211;Memoria\u0142y lub publikacje niezgodne z powszechnie przyj\u0119tymi zasadami Netykiety.<\/span><\/li>\n<li><span style=\"color: #99ccff;\">&#8211;Memoria\u0142y lub publikacje stoj\u0105ce w sprzeczno\u015bci z polskim prawem i z prawem miedzynarodowym.<\/span><\/li>\n<li><span style=\"color: #99ccff;\">&#8211;Memoria\u0142y lub publikacje uznane za sprzeczne z zasadami i moga dzialac na szkode zbioru the\u00a0Extension LIFE lub jego uzytkownikow jak rowniez, firmy lub jej partner\u00f3w.<\/span><\/li>\n<li><span style=\"color: #99ccff;\">-Administracja\u00a0i zarz\u0105d the Extension LIFE\u00a0zastrzega sobie mo\u017cliwo\u015b\u0107 usuwania memoria\u0142\u00f3w niepe\u0142nych, og\u00f3lnikowych i tych o niskiej wiarygodno\u015bci.<\/span><\/li>\n<li><span style=\"color: #99ccff;\">-Publikacje\u00a0typu Kupno\/S<span id=\"result_box\" class=\"short_text\" lang=\"pl\"><span class=\"hps\">przeda\u017c<\/span><\/span> nie sa dozwolone i administracja katalogu\u00a0 zastrzega sobie mo\u017cliwo\u015b\u0107 usuwania takich publikacji.<\/span><\/li>\n<li><span style=\"color: #99ccff;\">-Op\u0142ata cz\u0142onkowska upowa\u017cnia ka\u017cdego aktywnego u\u017cytkownika do edycji swoich memoria\u0142\u00f3w lub wprowadzania nowych, poprawiania ich lub uaktualizowywania. W momencie likwidacji konta i nie anulowania przez u\u017cytkownika\u00a0 swoich\u00a0publikacji, opublikowane materia\u0142y staj\u0105 sie automatycznie w\u0142asno\u015bci\u0105 the Extension LIFE.<\/span><\/li>\n<li><span style=\"color: #99ccff;\">-W przypadku z\u0142amania jednego, lub wiecej z w\/w punkt\u00f3w regulaminu,\u00a0zarz\u0105d the Extension LIFE\u00a0zastrzega sobie mo\u017cliwo\u015b\u0107:<\/span><\/li>\n<li><span style=\"color: #99ccff;\">a) wprowadzania indywidualnych ogranicze\u0144 na dost\u0119p do serwisu dla poszczeg\u00f3lnych u\u017cytkownik\u00f3w<\/span><\/li>\n<li><span style=\"color: #99ccff;\">b) do odst\u0105pienia od publikacji danych teleadresowych firmy<\/span><\/li>\n<li><span style=\"color: #99ccff;\">c) zablokowania konta u\u017cytkownika jak i\u00a0publikacji do odwolania lub permanentnie.<\/span><\/li>\n<li><span style=\"color: #99ccff;\">-W przypadku z\u0142amania obowi\u0105zuj\u0105cego regulaminu i blokady og\u0142oszenia, u\u017cytkownik zrzeka si\u0119 jakichkolwiek roszcze\u0144 z tytu\u0142u wniesionej wp\u0142aty.<\/span><\/li>\n<li><span style=\"color: #99ccff;\">-U\u017cytkownik ma prawo odwolania od decyzji zablokowania konta u\u017cytkownika jak i\u00a0publikacji w formie pisemnej nie p\u00f3\u017aniej jak w 10 dni roboczych od daty zablokowania konta u\u017cytkownika. Odwo\u0142anie musi zostac wys\u0142ane na adres email info@1e-mail.com lub do\u00a0LVB Customer Service, 1815 W. Charleston Blvd. suite 6., Las Vegas NV 89102, USA.\u00a0Zarz\u0105d the Extension LIFE\u00a0zobowiazuje sie do rozpatrzenia odwo\u0142ania uzytkownika w okresie 30 dni od daty otrzymania odwo\u0142ania. Do czasu rozpatrzenia odwo\u0142ania wszelka dzia\u0142alno\u015b\u0107 i publikacje w zbiorze the Extension LIFE zostan\u0105 zawieszone.<\/span><\/li>\n<li><span style=\"color: #99ccff;\">-Zarz\u0105d zbioru the Extension LIFE zastrzega sobie prawo do zmiany tre\u015bci niniejszego regulaminu i uruchomienia nowej wersji w ka\u017cdym czasie bez powiadomienia.<\/span><\/li>\n<li><span style=\"color: #99ccff;\">-Przy z\u0142o\u017conym systemie informatycznym, dzia\u0142aj\u0105cym na tak du\u017c\u0105 skal\u0119 jak w przypadku the Extension LIFE, mog\u0105 wyst\u0105pi\u0107 awarie techniczne, spowodowane k\u0142opotami ze sprz\u0119tem b\u0105d\u017a oprogramowaniem niezale\u017cnymi od zarz\u0105du. -Zarz\u0105d\u00a0zbioru the Extension LIFE\u00a0nie ponosi \u017cadnej odpowiedzialno\u015bci za awarie systemu informatycznego i nie zwraca w zwi\u0105zku z tym \u017cadnych poniesionych przez -U\u017cytkownik\u00f3w koszt\u00f3w zwi\u0105zanych z wadliwym dzia\u0142aniem portalu og\u0142oszeniowego.<\/span><\/li>\n<li><span style=\"color: #99ccff;\">-Zarz\u0105d zbioru the Extension LIFE nie ponosi odpowiedzialno\u015bci za jako\u015b\u0107 danych pochodz\u0105cych z baz danych firm wsp\u00f3\u0142pracuj\u0105cych z serwisem. Dokonuj\u0105c wpisu do bazy u\u017cytkownik akceptuje wszystkie punkty regulaminu.<\/span><\/li>\n<li><span style=\"color: #99ccff;\">-W przypadkach nieuregulowanych w niniejszym regulaminie zastosowanie maj\u0105 przepisy ustawy o ochronie baz danych.<\/span><\/li>\n<\/ol>\n<\/td>\n<td style=\"width: 15px;\"><\/td>\n<\/tr>\n<\/tbody>\n<\/table>\n","protected":false},"excerpt":{"rendered":"<p>HOME\u00a0\u00a0 SEARCH\/WYSZUKIWARKA\u00a0\u00a0 SIGNUP\/UTW\u00d3RZ MEMORIA\u0141\u00a0\u00a0 Tc &amp; Cc\/ REGULACJE Regulamin korzystania z bazy danych internetowego\u00a0 cmentarza theExtension LIFE. Niniejszy regulamin okre\u015bla zasady i warunki korzystania z bazy danych udost\u0119pnianej przez\u00a0 the Extension LIFE -Wirtualny cmentarz upowa\u017cnia u\u017cytkownika serwisu internetowego do korzystania z bazy danych w ograniczonym zakresie wynikaj\u0105cym z tego regulaminu. -Baza danych zbioru the Extension [&hellip;]<\/p>\n","protected":false},"author":102,"featured_media":0,"parent":0,"menu_order":0,"comment_status":"closed","ping_status":"closed","template":"page-iadmefullnb.php","meta":{"ngg_post_thumbnail":0,"footnotes":""},"_links":{"self":[{"href":"https:\/\/www.dibucard.com\/theextension\/wp-json\/wp\/v2\/pages\/437"}],"collection":[{"href":"https:\/\/www.dibucard.com\/theextension\/wp-json\/wp\/v2\/pages"}],"about":[{"href":"https:\/\/www.dibucard.com\/theextension\/wp-json\/wp\/v2\/types\/page"}],"author":[{"embeddable":true,"href":"https:\/\/www.dibucard.com\/theextension\/wp-json\/wp\/v2\/users\/102"}],"replies":[{"embeddable":true,"href":"https:\/\/www.dibucard.com\/theextension\/wp-json\/wp\/v2\/comments?post=437"}],"version-history":[{"count":6,"href":"https:\/\/www.dibucard.com\/theextension\/wp-json\/wp\/v2\/pages\/437\/revisions"}],"predecessor-version":[{"id":496,"href":"https:\/\/www.dibucard.com\/theextension\/wp-json\/wp\/v2\/pages\/437\/revisions\/496"}],"wp:attachment":[{"href":"https:\/\/www.dibucard.com\/theextension\/wp-json\/wp\/v2\/media?parent=437"}],"curies":[{"name":"wp","href":"https:\/\/api.w.org\/{rel}","templated":true}]}}