{"id":160,"date":"2017-11-01T10:17:44","date_gmt":"2017-11-01T17:17:44","guid":{"rendered":"https:\/\/www.dibucard.com\/theextension\/?page_id=160"},"modified":"2017-11-20T12:05:08","modified_gmt":"2017-11-20T20:05:08","slug":"search","status":"publish","type":"page","link":"https:\/\/www.dibucard.com\/theextension\/search\/","title":{"rendered":"Search the Extension of Life Memorials Garden"},"content":{"rendered":"<p style=\"text-align: center;\"><a href=\"https:\/\/www.dibucard.com\/theextension\/\">HOME<\/a>\u00a0\u00a0<a href=\"https:\/\/www.dibucard.com\/theextension\/search\/\" target=\"_blank\" rel=\"noopener\"> SEARCH\/WYSZUKIWARKA<\/a>\u00a0\u00a0 <a href=\"https:\/\/www.dibucard.com\/theextension\/sign-up-with-paypal\/\" target=\"_blank\" rel=\"noopener\">SIGNUP<\/a>\/<a href=\"https:\/\/www.dibucard.com\/theextension\/hub\/utworz-memorial\/\" target=\"_blank\" rel=\"noopener\">UTW\u00d3RZ MEMORIA\u0141<\/a>\u00a0\u00a0 <a href=\"https:\/\/www.dibucard.com\/theextension\/terms\/\" target=\"_blank\" rel=\"noopener\">Tc &amp; Cc\/ REGULACJE<\/a><\/p>\n<p><img fetchpriority=\"high\" decoding=\"async\" class=\"size-medium wp-image-334 aligncenter\" src=\"https:\/\/www.dibucard.com\/theextension\/wp-content\/uploads\/sites\/17\/2017\/11\/EL-L-300x300.jpg\" alt=\"\" width=\"300\" height=\"300\" srcset=\"https:\/\/www.dibucard.com\/theextension\/wp-content\/uploads\/sites\/17\/2017\/11\/EL-L-300x300.jpg 300w, https:\/\/www.dibucard.com\/theextension\/wp-content\/uploads\/sites\/17\/2017\/11\/EL-L.jpg 513w\" sizes=\"(max-width: 300px) 100vw, 300px\" \/><\/p>\n<p style=\"text-align: center;\"><span style=\"color: #ff6600; font-family: book antiqua,palatino,serif; font-size: 24pt;\">The newest memorials, please spare the moment to visit and pray.<\/span><\/p>\n<p style=\"text-align: center;\">\n\t\t\t<div class=\"lvws_dpgl_new\"><div class=\"lvws_dpgl_new_inside\"><div class=\"lvws_dpgl_new_heading\">NEW ADVERTISERS<\/div>\n\t\t\t<div class=\"lvws_dpgl_new_content\"><table width=\"100%\" cellpadding=\"5\" cellspacing=\"0\"><tr><td width=\"20%\" valign=\"top\"><div class=\"lvws_dpgl_image\"><table width=\"100%\"><tr><td valign=\"middle\" align=\"center\"><div align=\"center\"><a href=\"https:\/\/www.dibucard.com\/theextension\/ad\/ku-pamieci-kochnego-ojca\/\"><img decoding=\"async\" width=\"250\" height=\"200\" src=\"https:\/\/www.dibucard.com\/theextension\/wp-content\/uploads\/sites\/17\/2017\/11\/ZR-L-250x200.jpg\" class=\"attachment-thumbnail size-thumbnail wp-post-image\" alt=\"\" \/><\/a><\/div><\/td><\/tr><\/table><\/div><div class=\"lvws_dpgl_details\"><a href=\"https:\/\/www.dibucard.com\/theextension\/ad\/ku-pamieci-kochnego-ojca\/\">Ku pamieci kochanego ojca<\/a><div class=\"lvws_dpgl_excerpt\" style=\"max-width:120px\">Zawsze w naszych sercach<\/div><\/div><\/td><td width=\"20%\" valign=\"top\"><div class=\"lvws_dpgl_image\"><table width=\"100%\"><tr><td valign=\"middle\" align=\"center\"><div align=\"center\"><a href=\"https:\/\/www.dibucard.com\/theextension\/ad\/kochanej-babci\/\"><img decoding=\"async\" width=\"250\" height=\"200\" src=\"https:\/\/www.dibucard.com\/theextension\/wp-content\/uploads\/sites\/17\/2017\/11\/Maria-Bogdala-L-250x200.jpg\" class=\"attachment-thumbnail size-thumbnail wp-post-image\" alt=\"\" \/><\/a><\/div><\/td><\/tr><\/table><\/div><div class=\"lvws_dpgl_details\"><a href=\"https:\/\/www.dibucard.com\/theextension\/ad\/kochanej-babci\/\">Kochanej Babci<\/a><div class=\"lvws_dpgl_excerpt\" style=\"max-width:120px\">Na zawsze w naszych sercach.<\/div><\/div><\/td><td width=\"20%\" valign=\"top\"><div class=\"lvws_dpgl_image\"><table width=\"100%\"><tr><td valign=\"middle\" align=\"center\"><div align=\"center\"><a href=\"https:\/\/www.dibucard.com\/theextension\/ad\/kochaniej-zonie-i-mamie\/\"><img loading=\"lazy\" decoding=\"async\" width=\"250\" height=\"200\" src=\"https:\/\/www.dibucard.com\/theextension\/wp-content\/uploads\/sites\/17\/2017\/11\/Halina-Skorska-L-250x200.jpg\" class=\"attachment-thumbnail size-thumbnail wp-post-image\" alt=\"\" \/><\/a><\/div><\/td><\/tr><\/table><\/div><div class=\"lvws_dpgl_details\"><a href=\"https:\/\/www.dibucard.com\/theextension\/ad\/kochaniej-zonie-i-mamie\/\">Kochaniej \u017conie i mamie<\/a><div class=\"lvws_dpgl_excerpt\" style=\"max-width:120px\">Ku pami\u0119ci niezapomnianej \u017cony i mamy.<\/div><\/div><\/td><td width=\"20%\" valign=\"top\"><div class=\"lvws_dpgl_image\"><table width=\"100%\"><tr><td valign=\"middle\" align=\"center\"><div align=\"center\"><a href=\"https:\/\/www.dibucard.com\/theextension\/ad\/kochanej-mamie-i-babci\/\"><img loading=\"lazy\" decoding=\"async\" width=\"250\" height=\"200\" src=\"https:\/\/www.dibucard.com\/theextension\/wp-content\/uploads\/sites\/17\/2017\/11\/Jozefa-Ciesla-L-250x200.jpg\" class=\"attachment-thumbnail size-thumbnail wp-post-image\" alt=\"\" \/><\/a><\/div><\/td><\/tr><\/table><\/div><div class=\"lvws_dpgl_details\"><a href=\"https:\/\/www.dibucard.com\/theextension\/ad\/kochanej-mamie-i-babci\/\">Kochanej Babci wnuki<\/a><div class=\"lvws_dpgl_excerpt\" style=\"max-width:120px\">By\u0142a\u015b, jeste\u015b i b\u0119dziesz zawsze w naszych sercach.<\/div><\/div><\/td><td width=\"20%\" valign=\"top\"><div class=\"lvws_dpgl_image\"><table width=\"100%\"><tr><td valign=\"middle\" align=\"center\"><div align=\"center\"><a href=\"https:\/\/www.dibucard.com\/theextension\/ad\/ku-wiecznej-pamieci\/\"><img loading=\"lazy\" decoding=\"async\" width=\"250\" height=\"200\" src=\"https:\/\/www.dibucard.com\/theextension\/wp-content\/uploads\/sites\/17\/2017\/11\/Ewa-Janusz-L-250x200.png\" class=\"attachment-thumbnail size-thumbnail wp-post-image\" alt=\"\" \/><\/a><\/div><\/td><\/tr><\/table><\/div><div class=\"lvws_dpgl_details\"><a href=\"https:\/\/www.dibucard.com\/theextension\/ad\/ku-wiecznej-pamieci\/\">Ku wiecznej pamieci naszych dzieci.<\/a><div class=\"lvws_dpgl_excerpt\" style=\"max-width:120px\">Kochanym dzieciom rodzice I bracia<\/div><\/div><\/td><\/tr><tr><td colspan=\"5\"><\/td><\/tr>\n\t\t<\/table><\/div>\n\t\t<\/div><\/div><\/p>\n<p style=\"text-align: center;\"><span style=\"color: #ff6600;\">To find a memorial please use the search options below:<\/span><\/p>\n<div style=\"text-align: center;\"><form action='' method='GET' class='iadme-search-all-form'><input type=\"text\" name=\"sea_fld\" class=\"sea_fld\" id=\"sea_fld\" placeholder=\"What are you searching for?\" \/> in <input type=\"text\" name=\"sea_city\" class=\"sea_city\" id=\"sea_city\" placeholder=\"City (required)\" \/> <button>Start searching<\/button><\/form><\/div>\n<div><\/div>\n<div style=\"text-align: center;\"><img loading=\"lazy\" decoding=\"async\" class=\"aligncenter size-medium wp-image-240\" src=\"https:\/\/www.dibucard.com\/theextension\/wp-content\/uploads\/sites\/17\/2015\/10\/strait-line-300x1.png\" alt=\"\" width=\"300\" height=\"1\" srcset=\"https:\/\/www.dibucard.com\/theextension\/wp-content\/uploads\/sites\/17\/2015\/10\/strait-line-300x1.png 300w, https:\/\/www.dibucard.com\/theextension\/wp-content\/uploads\/sites\/17\/2015\/10\/strait-line-768x2.png 768w, https:\/\/www.dibucard.com\/theextension\/wp-content\/uploads\/sites\/17\/2015\/10\/strait-line-1024x3.png 1024w, https:\/\/www.dibucard.com\/theextension\/wp-content\/uploads\/sites\/17\/2015\/10\/strait-line-604x3.png 604w, https:\/\/www.dibucard.com\/theextension\/wp-content\/uploads\/sites\/17\/2015\/10\/strait-line.png 1128w\" sizes=\"(max-width: 300px) 100vw, 300px\" \/><\/div>\n","protected":false},"excerpt":{"rendered":"<p>HOME\u00a0\u00a0 SEARCH\/WYSZUKIWARKA\u00a0\u00a0 SIGNUP\/UTW\u00d3RZ MEMORIA\u0141\u00a0\u00a0 Tc &amp; Cc\/ REGULACJE The newest memorials, please spare the moment to visit and pray. To find a memorial please use the search options below:<\/p>\n","protected":false},"author":102,"featured_media":0,"parent":0,"menu_order":0,"comment_status":"closed","ping_status":"closed","template":"page-iadmefullnb.php","meta":{"ngg_post_thumbnail":0,"footnotes":""},"_links":{"self":[{"href":"https:\/\/www.dibucard.com\/theextension\/wp-json\/wp\/v2\/pages\/160"}],"collection":[{"href":"https:\/\/www.dibucard.com\/theextension\/wp-json\/wp\/v2\/pages"}],"about":[{"href":"https:\/\/www.dibucard.com\/theextension\/wp-json\/wp\/v2\/types\/page"}],"author":[{"embeddable":true,"href":"https:\/\/www.dibucard.com\/theextension\/wp-json\/wp\/v2\/users\/102"}],"replies":[{"embeddable":true,"href":"https:\/\/www.dibucard.com\/theextension\/wp-json\/wp\/v2\/comments?post=160"}],"version-history":[{"count":12,"href":"https:\/\/www.dibucard.com\/theextension\/wp-json\/wp\/v2\/pages\/160\/revisions"}],"predecessor-version":[{"id":497,"href":"https:\/\/www.dibucard.com\/theextension\/wp-json\/wp\/v2\/pages\/160\/revisions\/497"}],"wp:attachment":[{"href":"https:\/\/www.dibucard.com\/theextension\/wp-json\/wp\/v2\/media?parent=160"}],"curies":[{"name":"wp","href":"https:\/\/api.w.org\/{rel}","templated":true}]}}