{"id":6448,"date":"2022-06-28T04:30:01","date_gmt":"2022-06-28T04:30:01","guid":{"rendered":"https:\/\/www.dibucard.com\/dtc\/?page_id=6448"},"modified":"2022-06-29T00:14:26","modified_gmt":"2022-06-29T00:14:26","slug":"agent-podrozy","status":"publish","type":"page","link":"https:\/\/www.dibucard.com\/dtc\/agent-podrozy\/","title":{"rendered":"Agent podr\u00f3\u017cy"},"content":{"rendered":"\t\t<div data-elementor-type=\"wp-page\" data-elementor-id=\"6448\" class=\"elementor elementor-6448\">\n\t\t\t\t\t\t<section class=\"elementor-section elementor-top-section elementor-element elementor-element-5968fd4 elementor-section-boxed elementor-section-height-default elementor-section-height-default\" data-id=\"5968fd4\" data-element_type=\"section\" data-settings=\"{&quot;background_background&quot;:&quot;classic&quot;}\">\n\t\t\t\t\t\t<div class=\"elementor-container elementor-column-gap-default\">\n\t\t\t\t\t<div class=\"elementor-column elementor-col-100 elementor-top-column elementor-element elementor-element-b78cf47\" data-id=\"b78cf47\" data-element_type=\"column\">\n\t\t\t<div class=\"elementor-widget-wrap elementor-element-populated\">\n\t\t\t\t\t\t<div class=\"elementor-element elementor-element-6157931 elementor-widget elementor-widget-image\" data-id=\"6157931\" data-element_type=\"widget\" data-widget_type=\"image.default\">\n\t\t\t\t<div class=\"elementor-widget-container\">\n\t\t\t<style>\/*! elementor - v3.21.0 - 26-05-2024 *\/\n.elementor-widget-image{text-align:center}.elementor-widget-image a{display:inline-block}.elementor-widget-image a img[src$=\".svg\"]{width:48px}.elementor-widget-image img{vertical-align:middle;display:inline-block}<\/style>\t\t\t\t\t\t\t\t\t\t<img fetchpriority=\"high\" decoding=\"async\" width=\"640\" height=\"226\" src=\"https:\/\/www.dibucard.com\/dtc\/wp-content\/uploads\/sites\/54\/2022\/06\/travel-agency-1024x361.jpg\" class=\"attachment-large size-large wp-image-6657\" alt=\"\" srcset=\"https:\/\/www.dibucard.com\/dtc\/wp-content\/uploads\/sites\/54\/2022\/06\/travel-agency-1024x361.jpg 1024w, https:\/\/www.dibucard.com\/dtc\/wp-content\/uploads\/sites\/54\/2022\/06\/travel-agency-300x106.jpg 300w, https:\/\/www.dibucard.com\/dtc\/wp-content\/uploads\/sites\/54\/2022\/06\/travel-agency-768x271.jpg 768w, https:\/\/www.dibucard.com\/dtc\/wp-content\/uploads\/sites\/54\/2022\/06\/travel-agency.jpg 1125w\" sizes=\"(max-width: 640px) 100vw, 640px\" \/>\t\t\t\t\t\t\t\t\t\t\t\t\t<\/div>\n\t\t\t\t<\/div>\n\t\t\t\t<div class=\"elementor-element elementor-element-ff4d142 elementor-widget elementor-widget-text-editor\" data-id=\"ff4d142\" data-element_type=\"widget\" data-widget_type=\"text-editor.default\">\n\t\t\t\t<div class=\"elementor-widget-container\">\n\t\t\t<style>\/*! elementor - v3.21.0 - 26-05-2024 *\/\n.elementor-widget-text-editor.elementor-drop-cap-view-stacked .elementor-drop-cap{background-color:#69727d;color:#fff}.elementor-widget-text-editor.elementor-drop-cap-view-framed .elementor-drop-cap{color:#69727d;border:3px solid;background-color:transparent}.elementor-widget-text-editor:not(.elementor-drop-cap-view-default) .elementor-drop-cap{margin-top:8px}.elementor-widget-text-editor:not(.elementor-drop-cap-view-default) .elementor-drop-cap-letter{width:1em;height:1em}.elementor-widget-text-editor .elementor-drop-cap{float:left;text-align:center;line-height:1;font-size:50px}.elementor-widget-text-editor .elementor-drop-cap-letter{display:inline-block}<\/style>\t\t\t\t<p><span style=\"font-size: 14pt;\"><strong><span style=\"color: #000000;\">OFERTA DLA AGENT\u00d3W BIUR PODR\u00d3\u017bY.<\/span><\/strong><\/span><\/p><p><span style=\"font-size: 14pt;\">Jako niezale\u017cny agent podr\u00f3\u017cy zdajesz sobie spraw\u0119, \u017ce jedn\u0105 z najwa\u017cniejszych rzeczy dla ciebie do zrobienia, jest trafne i efektywne promowanie oferowanych us\u0142ug.<\/span><\/p><p><span style=\"font-size: 14pt;\">W bran\u017cy turystycznej chodzi o budowanie lojalnych kontakt\u00f3w z klientami, wiarygodno\u015b\u0107 jest podstaw\u0105. Musisz zaprezentowa\u0107 swoje oferty jako najbardziej op\u0142acalne i\u00a0zarazem\u00a0najbardziej interesuj\u0105ce opcje na rynku w spos\u00f3b, kt\u00f3ry przyci\u0105gnie najwi\u0119cej uwagi.<\/span><\/p><p><span style=\"font-size: 14pt;\">Obecnie marketing cyfrowy to najnowocze\u015bniejsza i najskuteczniejsza opcja na promocj\u0119 biura podr\u00f3\u017cy. Sprzeda\u017c online to praktycznie jedyny skuteczny\u00a0spos\u00f3b\u00a0na konkretne zwi\u0119kszenie zasi\u0119gu i popularyzacj\u0119 swojej marki.<\/span><\/p><p><span style=\"font-size: 14pt;\">Je\u015bli ten marketingowy aspekt dla ciebie i Twojej firmy wydaje ci si\u0119 interesuj\u0105cy, to jeste\u015b we w\u0142a\u015bciwym miejscu. Z promocyjnym klubem D\u00a0<span class=\"hiddenSpellError\">Travel<\/span>\u00a0Club zastosujesz unikalne strategie promowania Twoich ofert niedost\u0119pne nigdzie wi\u0119cej. Tylko tutaj b\u0119dziesz na czele zmian, wyprzedzisz konkurencje i wybudujesz lojaln\u0105 i siln\u0105 sie\u0107 klient\u00f3w, kt\u00f3rej podstaw\u0105 b\u0119d\u0105: jako\u015b\u0107 Twoich ofert i bezkonkurencyjne ceny, jakie tylko Ty b\u0119dziesz m\u00f3g\u0142 im zaproponowa\u0107.<\/span><\/p><p><span style=\"font-size: 14pt;\">Chcesz pracowa\u0107 z klientami, kt\u00f3rzy doceni\u0105 Ci\u0119 i Twoje us\u0142ugi turystyczne, a wasza wsp\u00f3\u0142praca b\u0119dzie przyjemno\u015bci\u0105? Z nami jest to mo\u017cliwe! Jako cz\u0142onek promocyjnego klubu D\u00a0<span class=\"hiddenSpellError\">Travel<\/span>\u00a0Club odkryjesz sposoby jak znale\u017a\u0107 i pozyska\u0107 lojalnych i sta\u0142ych klient\u00f3w dla swojego biura podr\u00f3\u017cy. Dowiesz si\u0119, jak stworzy\u0107 oferty, kt\u00f3re szybko i \u0142atwo b\u0119d\u0105 sprzedawa\u0107 twoje us\u0142ugi. Jest to mo\u017cliwe poprzez si\u0142\u0119, jak\u0105 jest wsp\u00f3lna pasja, podr\u00f3\u017ce, \u0142\u0105cz\u0105ca ci\u0119 z twoimi klientami, a kt\u00f3ra jest g\u0142\u00f3wnym czynnikiem spajaj\u0105cym wszystkich cz\u0142onk\u00f3w klubu\u00a0<span class=\"hiddenSpellError\">DTC<\/span>.<\/span><\/p>\t\t\t\t\t\t<\/div>\n\t\t\t\t<\/div>\n\t\t\t\t\t<\/div>\n\t\t<\/div>\n\t\t\t\t\t<\/div>\n\t\t<\/section>\n\t\t\t\t<section class=\"elementor-section elementor-top-section elementor-element elementor-element-67573ae elementor-section-boxed elementor-section-height-default elementor-section-height-default\" data-id=\"67573ae\" data-element_type=\"section\" data-settings=\"{&quot;background_background&quot;:&quot;classic&quot;}\">\n\t\t\t\t\t\t<div class=\"elementor-container elementor-column-gap-default\">\n\t\t\t\t\t<div class=\"elementor-column elementor-col-100 elementor-top-column elementor-element elementor-element-9e6971c\" data-id=\"9e6971c\" data-element_type=\"column\">\n\t\t\t<div class=\"elementor-widget-wrap elementor-element-populated\">\n\t\t\t\t\t\t<div class=\"elementor-element elementor-element-2d15050 elementor-widget elementor-widget-text-editor\" data-id=\"2d15050\" data-element_type=\"widget\" data-widget_type=\"text-editor.default\">\n\t\t\t\t<div class=\"elementor-widget-container\">\n\t\t\t\t\t\t\t<p><span style=\"font-size: 14pt;\"><strong>Numer 1. Stw\u00f3rz prezentacj\u0119 swoje oferty<\/strong>.<\/span><\/p><p><span style=\"font-size: 14pt;\">Na pocz\u0105tek wska\u017cemy ci g\u0142\u00f3wne narz\u0119dzie, kt\u00f3rego si\u0142a jest bezkonkurencyjna, a kt\u00f3re daje ci do dyspozycji cz\u0142onkostwo w promocyjnym klubie D <span class=\"hiddenSpellError\">Travel<\/span>\u00a0Club. Jest nim Twoja cyfrowa karta biznesowa VIP z unikalnym kodem\u00a0<span class=\"hiddenSpellError\">QR<\/span>\u00a0i wprogramowan\u0105 technologi\u0105\u00a0<span class=\"hiddenSpellError\">NFC<\/span>. Posiadaj\u0105c takie nowoczesne narz\u0119dzie, b\u0119dziesz w pozycji nawi\u0105zania i utrzymania sta\u0142ego kontaktu ze swoimi klientami, kt\u00f3rzy twoje oferty b\u0119d\u0105 mieli na wyci\u0105gni\u0119cie swojego telefonu z kieszeni.<\/span><\/p><p><span style=\"font-size: 14pt;\">Bycie cz\u0142onkiem klubu\u00a0<span class=\"hiddenSpellError\">DTC<\/span>\u00a0pozwala na stworzenie do 10 r\u00f3\u017cnych kart VIP, czyli\u00a0<span class=\"hiddenSpellError\">Virtualych<\/span>\u00a0Interaktywnych Profili. Ma to bardzo du\u017ce znaczenie dla rozwijania i powi\u0119kszania twojej sieci klient\u00f3w. Poszczeg\u00f3lne karty mo\u017cesz edytowa\u0107, wstawia\u0107 tam informacje zar\u00f3wno tekstowe, jak i zdj\u0119cia oraz filmy. Maj\u0105c mo\u017cliwo\u015b\u0107 tworzenia do dziesi\u0119ciu r\u00f3\u017cnych wizyt\u00f3wek, mo\u017cesz za jednym razem promowa\u0107 dziesi\u0119\u0107 r\u00f3\u017cnych ofert wycieczkowych, hoteli czy podr\u00f3\u017cy. Mo\u017cesz wstawia\u0107 tam i aktualizowa\u0107 informacje z ka\u017cdego miejsca na \u015bwiecie i o ka\u017cdej porze. Twoje cyfrowe karty VIP s\u0105 wyposa\u017cone w sw\u00f3j unikalny kod\u00a0<span class=\"hiddenSpellError\">QR<\/span> ka\u017cda. Klienci po zeskanowaniu mog\u0105 zapisa\u0107 sobie te informacje na ekranie swojego telefonu. Ka\u017cda aktualizacji zrobiona przez ciebie, natychmiast jest dost\u0119pna dla twoich klient\u00f3w. A co najwa\u017cniejsze, twoje ofert s\u0105 zawsze w zasi\u0119gu reki Twoich klient\u00f3w, umie\u015bci\u0142e\u015b je przecie\u017c na ich osobistych telefonach.<\/span><\/p><p><span style=\"font-size: 14pt;\">Na swoich wizyt\u00f3wkach powiniene\u015b kr\u00f3tko okre\u015bli\u0107 to, czym si\u0119 zajmujesz. Prezentacja oferty to kr\u00f3tki opis Twojej firmy turystycznej, kt\u00f3rego mo\u017cesz u\u017cy\u0107, aby szybko i \u0142atwo sprzeda\u0107 swoje us\u0142ugi potencjalnym idealnym klientom. Aby stworzy\u0107 skuteczn\u0105 prezentacj\u0119, musisz jasno okre\u015bli\u0107, kto jest Twoim docelowym klientem, czego poszukuje Tw\u00f3j typowy klient i jak\u0105 us\u0142ug\u0119 zapewniasz, kt\u00f3ra rozwi\u0105zuje ten problem.<\/span><\/p><p><span style=\"font-size: 14pt;\">Przyk\u0142adem mo\u017ce by\u0107: \u201eMoja oferta to si\u0142a adrenaliny. To ekscytuj\u0105ce, przyspieszaj\u0105ce bicie serca przygody. Doznasz tego dzi\u0119ki niezwykle wyselekcjonowanym wycieczkom przeznaczonym tylko dla os\u00f3b poszukuj\u0105cych mocnych wra\u017ce\u0144 i odkrywania nowego\u201d.<\/span><\/p><p><span style=\"font-size: 14pt;\">Kiedy jeste\u015b bardziej szczeg\u00f3\u0142owy w tym, co robisz, masz wi\u0119ksze szanse na przyci\u0105gni\u0119cie idealnych dla siebie klient\u00f3w. Pami\u0119taj, aby dobrze dopasowa\u0107 prezentacj\u0119 swojej oferty do swoich mo\u017cliwo\u015bci, aby m\u00f3c j\u0105 pewnie i skutecznie przekaza\u0107.<\/span><\/p>\t\t\t\t\t\t<\/div>\n\t\t\t\t<\/div>\n\t\t\t\t\t<\/div>\n\t\t<\/div>\n\t\t\t\t\t<\/div>\n\t\t<\/section>\n\t\t\t\t<section class=\"elementor-section elementor-top-section elementor-element elementor-element-ccf425b elementor-section-boxed elementor-section-height-default elementor-section-height-default\" data-id=\"ccf425b\" data-element_type=\"section\" data-settings=\"{&quot;background_background&quot;:&quot;classic&quot;}\">\n\t\t\t\t\t\t<div class=\"elementor-container elementor-column-gap-default\">\n\t\t\t\t\t<div class=\"elementor-column elementor-col-100 elementor-top-column elementor-element elementor-element-f1ccc37\" data-id=\"f1ccc37\" data-element_type=\"column\">\n\t\t\t<div class=\"elementor-widget-wrap elementor-element-populated\">\n\t\t\t\t\t\t<div class=\"elementor-element elementor-element-9db1b74 elementor-widget elementor-widget-text-editor\" data-id=\"9db1b74\" data-element_type=\"widget\" data-widget_type=\"text-editor.default\">\n\t\t\t\t<div class=\"elementor-widget-container\">\n\t\t\t\t\t\t\t<p><strong><span style=\"font-size: 14pt;\">Numer 2. Buduj g<\/span><\/strong><strong><span style=\"font-size: 14pt;\">\u0142\u0119bok\u0105 sie\u0107.<\/span><\/strong><\/p><p><span style=\"font-size: 14pt;\">Silne powi\u0105zania poprzez zwi\u0119kszanie sieci, czyli tzw. networking to jeden z najlepszych sposob\u00f3w \u0142\u0105czenia si\u0119 z potencjalnymi klientami. W praktyce wi\u0119kszo\u015b\u0107 z nas ma w swoim otoczeniu potencjalnych klient\u00f3w lub \u017ar\u00f3d\u0142a polece\u0144, kt\u00f3rych nie dostrzegamy.<\/span><\/p><p><span style=\"font-size: 14pt;\">\u017beby to skrystalizowa\u0107, nale\u017cy zacz\u0105\u0107 od tego, kogo znasz. Pomy\u015bl o wszystkich, kt\u00f3rych kiedy\u015b w przesz\u0142o\u015bci pozna\u0142e\u015b i z kim skrzy\u017cowa\u0142e\u015b swoj\u0105 drog\u0119 \u017cycia.<\/span><\/p><p><span style=\"font-size: 14pt;\">Do tej grupy mo\u017cesz zaliczy\u0107 bliskich przyjaci\u00f3\u0142 i rodzin\u0119. Ludzi, z kt\u00f3rymi robisz jakie\u015b transakcje biznesowe, czyli profesjonalni dostawcy us\u0142ug. Byli wsp\u00f3\u0142pracownicy lub osoby poznane przy r\u00f3\u017cnych okazjach, a kt\u00f3re utrwali\u0142y ci si\u0119 i pami\u0119tasz ich imiona i nazwiska.<\/span><\/p><p><span style=\"font-size: 14pt;\">Swoje rozwa\u017cania oprzyj r\u00f3wnie\u017c na fakcie, \u017ce w pewnym momencie swojego \u017cycia mo\u017ce pomog\u0142e\u015b komu\u015b, zrobi\u0142e\u015b mu przys\u0142ug\u0119 lub skorzysta\u0142e\u015b z jego profesjonalnych us\u0142ug. Teraz jest czas, \u017ceby ten kto\u015b, m\u00f3g\u0142 skorzysta\u0107 z twojej pomocy w planach wakacyjnych lub podr\u00f3\u017cy.<\/span><\/p><p><span style=\"font-size: 14pt;\">Id\u017amy dalej w ten kierunek. Swoj\u0105 sie\u0107 mo\u017cesz \u0142atwo powi\u0119kszy\u0107, je\u017celi masz przyjaci\u00f3\u0142, kt\u00f3rzy znaj\u0105 kogo\u015b, kto mo\u017ce skorzysta\u0107 z twoich us\u0142ug. Ty nie znasz wszystkich, kt\u00f3rych znaj\u0105 ci, kt\u00f3rych ty znasz. Jest du\u017ca szansa, \u017ce twoi znajomi s\u0105 w \u015brodowiskach, gdzie ty mo\u017cesz znale\u017a\u0107 dla siebie idealnych klient\u00f3w dla Twojej bran\u017cy podr\u00f3\u017cniczej.<\/span><\/p><p><span style=\"font-size: 14pt;\">Praca w sieci i powi\u0119kszanie jej wielko\u015bci to nie tylko o\u017cywianie starych kontakt\u00f3w czy uczestnictwo w wydarzeniach i u\u015bcisk d\u0142oni. Wa\u017cne jest r\u00f3wnie\u017c budowanie relacji z lud\u017ami na \u017cywo, ale i online. I do tego ponownie pos\u0142u\u017cy ci Twoja cyfrowa karta biznesowa. Wizyt\u00f3wka VIP, kt\u00f3r\u0105 mo\u017cesz dzieli\u0107 si\u0119 podczas spotka\u0144 w realu, ale co najwa\u017cniejsze mo\u017cesz ja rozsy\u0142a\u0107 w sieci poprzez SMS, e-mail albo kod\u00a0<span class=\"hiddenSpellError\">QR<\/span>.<\/span><\/p><p><span style=\"font-size: 14pt;\">Szukaj\u0105c nowych kontakt\u00f3w, zacznij te\u017c od \u015bledzenia odpowiednich blog\u00f3w, kana\u0142\u00f3w Twitter czy grup LinkedIn. Nie b\u0105d\u017a\u00a0tam tylko biernym obserwatorem, lecz bierz czynny udzia\u0142 w dyskusjach. Zaoferuj pomocne porady, zbudujesz w ten spos\u00f3b reputacj\u0119 eksperta w swojej dziedzinie. W\u00f3wczas Twoi potencjalni klienci b\u0119d\u0105 bardziej sk\u0142onni nawi\u0105za\u0107 z Tob\u0105 bliski kontakt, gdy b\u0119d\u0105 potrzebowa\u0107 us\u0142ug turystycznych.<\/span><\/p><p><span style=\"font-size: 14pt;\">Klub\u00a0<span class=\"hiddenSpellError\">DTC<\/span>\u00a0to oszcz\u0119dno\u015b\u0107 z jednoczesn\u0105 mo\u017cliwo\u015bci\u0105 zwi\u0119kszania zasob\u00f3w czasowych. Te dwa czynniki powi\u0105zane ze sob\u0105 daj\u0105 wi\u0119ksz\u0105 elastyczno\u015b\u0107 w wyborach i planowaniu podr\u00f3\u017cy. Wiele os\u00f3b chcia\u0142oby cz\u0119\u015bciej podr\u00f3\u017cowa\u0107, lecz nie pozwalaj\u0105 im na to warunki spowodowane albo brakiem czasu, albo finansowe. Klub\u00a0<span class=\"hiddenSpellError\">DTC<\/span>\u00a0jest na to idealn\u0105 odpowiedzi\u0105. Dlatego w\u0142a\u015bnie Twoja propozycja powi\u0105zania Twoich ofert podr\u00f3\u017cy z wej\u015bciem do promocyjnego klubu\u00a0<span class=\"hiddenSpellError\">DTC<\/span> stanie si\u0119 optymaln\u0105 alternatyw\u0105 nie tylko dla ciebie, ale dla ka\u017cdego z kim b\u0119dziesz rozmawia\u0142 i <\/span><span style=\"font-size: 14pt;\">komu <\/span><span style=\"font-size: 14pt;\">tak\u0105\u00a0<\/span><span style=\"font-size: 14pt; font-family: var( --e-global-typography-text-font-family ), Sans-serif; font-weight: var( --e-global-typography-text-font-weight );\">opcj\u0119\u00a0zaoferujesz.<\/span><\/p>\t\t\t\t\t\t<\/div>\n\t\t\t\t<\/div>\n\t\t\t\t\t<\/div>\n\t\t<\/div>\n\t\t\t\t\t<\/div>\n\t\t<\/section>\n\t\t\t\t<section class=\"elementor-section elementor-top-section elementor-element elementor-element-646a29c elementor-section-boxed elementor-section-height-default elementor-section-height-default\" data-id=\"646a29c\" data-element_type=\"section\" data-settings=\"{&quot;background_background&quot;:&quot;classic&quot;}\">\n\t\t\t\t\t\t<div class=\"elementor-container elementor-column-gap-default\">\n\t\t\t\t\t<div class=\"elementor-column elementor-col-100 elementor-top-column elementor-element elementor-element-37f7f14\" data-id=\"37f7f14\" data-element_type=\"column\">\n\t\t\t<div class=\"elementor-widget-wrap elementor-element-populated\">\n\t\t\t\t\t\t<div class=\"elementor-element elementor-element-092cf8b elementor-widget elementor-widget-text-editor\" data-id=\"092cf8b\" data-element_type=\"widget\" data-widget_type=\"text-editor.default\">\n\t\t\t\t<div class=\"elementor-widget-container\">\n\t\t\t\t\t\t\t<p><strong><span style=\"font-size: 14pt;\">Numer 3. <\/span><span style=\"font-size: 14pt;\">Zbieraj tam, gdzie jest urodzaj.<\/span><\/strong><\/p><p><span style=\"font-size: 14pt;\">Jednym z najlepszych sposob\u00f3w na znalezienie idealnych klient\u00f3w jest szukanie tam, gdzie jest urodzaj. Innymi s\u0142owy, musisz by\u0107 tam, gdzie znajduje si\u0119 Tw\u00f3j rynek docelowy, zar\u00f3wno online jak i osobi\u015bcie. Cz\u0142onkostwo w klubie referencyjnym\u00a0<span class=\"hiddenSpellError\">DTC<\/span>\u00a0to idealna opcja dla\u00a0ciebie, jak i\u00a0dla twoich potencjalnych klient\u00f3w.<\/span><\/p><p><span style=\"font-size: 14pt;\">Zacznij od zapoznania si\u0119 z aktualn\u0105 baz\u0105 cz\u0142onk\u00f3w klubu\u00a0<span class=\"hiddenSpellError\">DTC<\/span>. S\u0105 to Twoi przysz\u0142o\u015bciowi i naj\u0142atwiejsi do poznania klienci. W tym celu przyjd\u017a na spotkania Zoom klubu odbywaj\u0105ce si\u0119 regularnie online. B\u0119dziesz mia\u0142 mo\u017cliwo\u015b\u0107 poznania wszystkich najbardziej aktywnych cz\u0142onk\u00f3w klubu. Przedstaw si\u0119 i zaproponuj im swoj\u0105 profesjonaln\u0105 pomoc i to, co masz w ofercie. Twoje propozycje w powi\u0105zaniu z klubow\u0105 opcj\u0105\u00a0<span class=\"hiddenSpellError\">D-Points<\/span>\u00a0to doskona\u0142e po\u0142\u0105czenie zar\u00f3wno wspania\u0142ych podr\u00f3\u017cy, jak i najlepszych okazji. Jako aktywny cz\u0142onek klubu\u00a0<span class=\"hiddenSpellError\">DTC<\/span>\u00a0Twoje osobiste oferty podr\u00f3\u017cy b\u0119d\u0105 kwalifikowa\u0107 Twoich klient\u00f3w i cz\u0142onk\u00f3w klubu\u00a0<span class=\"hiddenSpellError\">DTC<\/span>\u00a0na u\u017cycie ich\u00a0<span class=\"hiddenSpellError\">D-Punkt\u00f3w<\/span> w celu odzyskania cz\u0119\u015bci lub nawet ca\u0142o\u015bci poniesionych koszt\u00f3w podr\u00f3\u017cy zakupionych przez twoje biuro. Takiej mo\u017cliwo\u015bci dodatkowego oszcz\u0119dzania nie oferuje nikt spoza klubowej spo\u0142eczno\u015bci. Teraz i Ty\u00a0masz\u00a0t\u0119 moc.<\/span><\/p><p><span style=\"font-size: 14pt;\">Opr\u00f3cz tego zastan\u00f3w si\u0119, gdzie mo\u017cesz spotka\u0107 wi\u0119cej potencjalnych klient\u00f3w. Po zapoznaniu si\u0119 z ofert\u0105 klubu zobaczysz, jak niesamowite mo\u017cliwo\u015bci masz w swoich r\u0119kach do dyspozycji. Twoi klienci nie tylko b\u0119d\u0105 w pozycji bezpo\u015bredniego korzystania z twoich ofert, ale r\u00f3wnie\u017c b\u0119d\u0105 mogli oszcz\u0119dza\u0107 lub nawet podr\u00f3\u017cowa\u0107 bez koszt\u00f3w dzi\u0119ki temu, \u017ce jeste\u015bcie cz\u0119\u015bci\u0105 spo\u0142eczno\u015bci klubu\u00a0<span class=\"hiddenSpellError\">DTC<\/span>.<\/span><\/p><p><span style=\"font-size: 14pt;\">Dodatkowym sposobem na znalezienie klient\u00f3w jest uzyskanie rekomendacji od obecnych lub by\u0142ych os\u00f3b, kt\u00f3re skorzysta\u0142y z twoich ofert. Zapytaj ich, czy znaj\u0105 kogo\u015b, kto m\u00f3g\u0142by by\u0107 zainteresowany Twoimi us\u0142ugami turystycznymi. Poinformuj ich o swoich mo\u017cliwo\u015bciach oszcz\u0119dzania na podr\u00f3\u017cach, jakie teraz masz, jako cz\u0142onek referencyjnego klubu\u00a0<span class=\"hiddenSpellError\">DTC<\/span>. Je\u015bli masz z nimi dobre relacje, z przyjemno\u015bci\u0105 udziel\u0105 Ci polecenia a mo\u017ce i sami zainteresuj\u0105 si\u0119 Twoimi nowymi mo\u017cliwo\u015bciami. Zawsze pami\u0119taj poprosi\u0107 ich o ocen\u0119 w serwisach spo\u0142eczno\u015bciowych lub o udost\u0119pnienie referencji i zdj\u0119\u0107 z ostatniej podr\u00f3\u017cy. Je\u015bli nie zrobisz tego, tracisz okazj\u0119 rozszerzenia swojej sieci i poznania nowej klienteli.<\/span><\/p>\t\t\t\t\t\t<\/div>\n\t\t\t\t<\/div>\n\t\t\t\t\t<\/div>\n\t\t<\/div>\n\t\t\t\t\t<\/div>\n\t\t<\/section>\n\t\t\t\t<section class=\"elementor-section elementor-top-section elementor-element elementor-element-87ae3c6 elementor-section-boxed elementor-section-height-default elementor-section-height-default\" data-id=\"87ae3c6\" data-element_type=\"section\" data-settings=\"{&quot;background_background&quot;:&quot;classic&quot;}\">\n\t\t\t\t\t\t<div class=\"elementor-container elementor-column-gap-default\">\n\t\t\t\t\t<div class=\"elementor-column elementor-col-100 elementor-top-column elementor-element elementor-element-2f47593\" data-id=\"2f47593\" data-element_type=\"column\">\n\t\t\t<div class=\"elementor-widget-wrap elementor-element-populated\">\n\t\t\t\t\t\t<div class=\"elementor-element elementor-element-7153f9b elementor-widget elementor-widget-text-editor\" data-id=\"7153f9b\" data-element_type=\"widget\" data-widget_type=\"text-editor.default\">\n\t\t\t\t<div class=\"elementor-widget-container\">\n\t\t\t\t\t\t\t<p><span style=\"font-size: 14pt;\"><strong>Numer 4. Koncentruj si\u0119 na \u017ar\u00f3dle, tam, gdzie tworzy si\u0119 twoja sie\u0107.<\/strong><\/span><br \/><br \/><span style=\"font-size: 14pt;\">Nie pisz za du\u017co. Zamiast skupia\u0107 si\u0119 na tworzeniu post\u00f3w na blogu i tre\u015bci w mediach spo\u0142eczno\u015bciowych, po\u015bwi\u0119\u0107 sw\u00f3j czas na nawi\u0105zywanie kontakt\u00f3w i budowanie relacji z potencjalnymi i z obecnymi klientami. Dopiero kiedy masz ju\u017c stworzon\u0105 sie\u0107 zadowolonych z Twoich us\u0142ug os\u00f3b, mo\u017cesz zacz\u0105\u0107 po\u015bwi\u0119ca\u0107 wi\u0119cej czasu i korzysta\u0107 z marketingu tre\u015bci, aby przyci\u0105gn\u0105\u0107 jeszcze wi\u0119cej klient\u00f3w i powi\u0119ksza\u0107 sw\u00f3j network. B\u0119d\u0105c aktywnym cz\u0142onkiem referencyjnego klubu <span class=\"hiddenSpellError\">DTC<\/span> i profesjonalnym agentem podr\u00f3\u017cy twoje mo\u017cliwo\u015bci osi\u0105gni\u0119cia spektakularnego sukcesu w bran\u017cy turystycznej s\u0105 nielimitowane. Po\u0142\u0105czenie Twoich osobistych ofert z potencja\u0142em klubu DTC, to pewna recepta na sukces.<\/span><\/p>\t\t\t\t\t\t<\/div>\n\t\t\t\t<\/div>\n\t\t\t\t\t<\/div>\n\t\t<\/div>\n\t\t\t\t\t<\/div>\n\t\t<\/section>\n\t\t\t\t<section class=\"elementor-section elementor-top-section elementor-element elementor-element-b748fe9 elementor-section-boxed elementor-section-height-default elementor-section-height-default\" data-id=\"b748fe9\" data-element_type=\"section\" data-settings=\"{&quot;background_background&quot;:&quot;classic&quot;}\">\n\t\t\t\t\t\t<div class=\"elementor-container elementor-column-gap-default\">\n\t\t\t\t\t<div class=\"elementor-column elementor-col-100 elementor-top-column elementor-element elementor-element-d42704f\" data-id=\"d42704f\" data-element_type=\"column\">\n\t\t\t<div class=\"elementor-widget-wrap elementor-element-populated\">\n\t\t\t\t\t\t<div class=\"elementor-element elementor-element-f07fdb2 elementor-widget elementor-widget-text-editor\" data-id=\"f07fdb2\" data-element_type=\"widget\" data-widget_type=\"text-editor.default\">\n\t\t\t\t<div class=\"elementor-widget-container\">\n\t\t\t\t\t\t\t<p style=\"text-align: center;\"><span style=\"font-size: 18.6667px;\"><b>Nie zwlekaj i zapisz si\u0119 ju\u017c dzisiaj wybieraj\u0105c jedn\u0105 z opcji abonamentowych cz\u0142onkostwa w klubie DTC.<\/b><\/span><\/p>\t\t\t\t\t\t<\/div>\n\t\t\t\t<\/div>\n\t\t\t\t<div class=\"elementor-element elementor-element-78958da elementor-align-center elementor-widget elementor-widget-button\" data-id=\"78958da\" data-element_type=\"widget\" data-widget_type=\"button.default\">\n\t\t\t\t<div class=\"elementor-widget-container\">\n\t\t\t\t\t<div class=\"elementor-button-wrapper\">\n\t\t\t<a class=\"elementor-button elementor-button-link elementor-size-sm\" href=\"https:\/\/www.dibucard.com\/dtc\/polska\/plany\/\">\n\t\t\t\t\t\t<span class=\"elementor-button-content-wrapper\">\n\t\t\t\t\t\t\t\t\t<span class=\"elementor-button-text\">Kliknij tutaj, \u017ceby zacz\u0105\u0107 tworzy\u0107 swoj\u0105 histori\u0119 sukcesu.<\/span>\n\t\t\t\t\t<\/span>\n\t\t\t\t\t<\/a>\n\t\t<\/div>\n\t\t\t\t<\/div>\n\t\t\t\t<\/div>\n\t\t\t\t\t<\/div>\n\t\t<\/div>\n\t\t\t\t\t<\/div>\n\t\t<\/section>\n\t\t\t\t<\/div>\n\t\t","protected":false},"excerpt":{"rendered":"<p>OFERTA DLA AGENT\u00d3W BIUR PODR\u00d3\u017bY. Jako niezale\u017cny agent podr\u00f3\u017cy zdajesz sobie spraw\u0119, \u017ce jedn\u0105 z najwa\u017cniejszych rzeczy dla ciebie do zrobienia, jest trafne i efektywne promowanie oferowanych us\u0142ug. W bran\u017cy turystycznej chodzi o budowanie lojalnych kontakt\u00f3w z klientami, wiarygodno\u015b\u0107 jest podstaw\u0105. Musisz zaprezentowa\u0107 swoje oferty jako najbardziej op\u0142acalne i\u00a0zarazem\u00a0najbardziej interesuj\u0105ce opcje na rynku w spos\u00f3b, [&hellip;]<\/p>\n","protected":false},"author":102,"featured_media":0,"parent":0,"menu_order":0,"comment_status":"closed","ping_status":"closed","template":"","meta":{"ngg_post_thumbnail":0,"footnotes":""},"_links":{"self":[{"href":"https:\/\/www.dibucard.com\/dtc\/wp-json\/wp\/v2\/pages\/6448"}],"collection":[{"href":"https:\/\/www.dibucard.com\/dtc\/wp-json\/wp\/v2\/pages"}],"about":[{"href":"https:\/\/www.dibucard.com\/dtc\/wp-json\/wp\/v2\/types\/page"}],"author":[{"embeddable":true,"href":"https:\/\/www.dibucard.com\/dtc\/wp-json\/wp\/v2\/users\/102"}],"replies":[{"embeddable":true,"href":"https:\/\/www.dibucard.com\/dtc\/wp-json\/wp\/v2\/comments?post=6448"}],"version-history":[{"count":156,"href":"https:\/\/www.dibucard.com\/dtc\/wp-json\/wp\/v2\/pages\/6448\/revisions"}],"predecessor-version":[{"id":6688,"href":"https:\/\/www.dibucard.com\/dtc\/wp-json\/wp\/v2\/pages\/6448\/revisions\/6688"}],"wp:attachment":[{"href":"https:\/\/www.dibucard.com\/dtc\/wp-json\/wp\/v2\/media?parent=6448"}],"curies":[{"name":"wp","href":"https:\/\/api.w.org\/{rel}","templated":true}]}}