{"id":4665,"date":"2022-06-13T00:22:14","date_gmt":"2022-06-13T00:22:14","guid":{"rendered":"https:\/\/www.dibucard.com\/dtc\/?page_id=4665"},"modified":"2023-09-19T22:28:24","modified_gmt":"2023-09-19T22:28:24","slug":"plany","status":"publish","type":"page","link":"https:\/\/www.dibucard.com\/dtc\/polska\/plany\/","title":{"rendered":"Plany"},"content":{"rendered":"\t\t<div data-elementor-type=\"wp-page\" data-elementor-id=\"4665\" class=\"elementor elementor-4665\">\n\t\t\t\t\t\t<section class=\"elementor-section elementor-top-section elementor-element elementor-element-eafbe6d elementor-section-boxed elementor-section-height-default elementor-section-height-default\" data-id=\"eafbe6d\" data-element_type=\"section\" data-settings=\"{&quot;background_background&quot;:&quot;classic&quot;}\">\n\t\t\t\t\t\t<div class=\"elementor-container elementor-column-gap-default\">\n\t\t\t\t\t<div class=\"elementor-column elementor-col-100 elementor-top-column elementor-element elementor-element-3bb5afa\" data-id=\"3bb5afa\" data-element_type=\"column\">\n\t\t\t<div class=\"elementor-widget-wrap elementor-element-populated\">\n\t\t\t\t\t\t<div class=\"elementor-element elementor-element-75ebd49 elementor-widget elementor-widget-text-editor\" data-id=\"75ebd49\" data-element_type=\"widget\" data-widget_type=\"text-editor.default\">\n\t\t\t\t<div class=\"elementor-widget-container\">\n\t\t\t<style>\/*! elementor - v3.21.0 - 26-05-2024 *\/\n.elementor-widget-text-editor.elementor-drop-cap-view-stacked .elementor-drop-cap{background-color:#69727d;color:#fff}.elementor-widget-text-editor.elementor-drop-cap-view-framed .elementor-drop-cap{color:#69727d;border:3px solid;background-color:transparent}.elementor-widget-text-editor:not(.elementor-drop-cap-view-default) .elementor-drop-cap{margin-top:8px}.elementor-widget-text-editor:not(.elementor-drop-cap-view-default) .elementor-drop-cap-letter{width:1em;height:1em}.elementor-widget-text-editor .elementor-drop-cap{float:left;text-align:center;line-height:1;font-size:50px}.elementor-widget-text-editor .elementor-drop-cap-letter{display:inline-block}<\/style>\t\t\t\t<p style=\"text-align: center;\"><span style=\"color: #ffcc99;\"><strong><span style=\"font-size: 24pt;\">Pieni\u0105dze i czas razem pakiety cz\u0142onkowskie DTC.<\/span><\/strong><\/span><br \/><span style=\"color: #ffff99; font-size: 14pt;\">Poni\u017cej mo\u017cesz wybra\u0107 pakiet, od kt\u00f3rego chcesz zacz\u0105\u0107. Ka\u017cda subskrypcja zapewnia mo\u017cliwo\u015b\u0107 elastycznego finansowania podr\u00f3\u017cy, kiedy tylko chcesz, gdziekolwiek chcesz i jak d\u0142ugo chcesz. Jedyn\u0105 r\u00f3\u017cnic\u0105 jest czas potrzebny na stworzenie takiej mo\u017cliwo\u015bci. Zawsze mo\u017cesz prze\u0142\u0105czy\u0107 si\u0119 z ni\u017cszej subskrypcji na wy\u017csz\u0105. <\/span><\/p><p style=\"text-align: center;\"><span style=\"color: #ffcc99;\"><strong><span style=\"font-size: 14pt;\">Zapraszamy do D Travel Club i do zobaczenia na wakacjach.<\/span><\/strong><\/span><\/p>\t\t\t\t\t\t<\/div>\n\t\t\t\t<\/div>\n\t\t\t\t\t<\/div>\n\t\t<\/div>\n\t\t\t\t\t<\/div>\n\t\t<\/section>\n\t\t\t\t<section class=\"elementor-section elementor-top-section elementor-element elementor-element-bc8d255 elementor-section-boxed elementor-section-height-default elementor-section-height-default\" data-id=\"bc8d255\" data-element_type=\"section\" data-settings=\"{&quot;background_background&quot;:&quot;classic&quot;}\">\n\t\t\t\t\t\t<div class=\"elementor-container elementor-column-gap-default\">\n\t\t\t\t\t<div class=\"elementor-column elementor-col-33 elementor-top-column elementor-element elementor-element-764a8e97\" data-id=\"764a8e97\" data-element_type=\"column\">\n\t\t\t<div class=\"elementor-widget-wrap elementor-element-populated\">\n\t\t\t\t\t\t<div class=\"elementor-element elementor-element-7b16434d elementor-align-center elementor-widget elementor-widget-button\" data-id=\"7b16434d\" data-element_type=\"widget\" data-widget_type=\"button.default\">\n\t\t\t\t<div class=\"elementor-widget-container\">\n\t\t\t\t\t<div class=\"elementor-button-wrapper\">\n\t\t\t<a class=\"elementor-button elementor-button-link elementor-size-sm\" href=\"https:\/\/www.dibucard.com\/dtc\/signupcommunity.php\">\n\t\t\t\t\t\t<span class=\"elementor-button-content-wrapper\">\n\t\t\t\t\t\t\t\t\t<span class=\"elementor-button-text\">Visioner $20.00\/miesi\u0119cznie<\/span>\n\t\t\t\t\t<\/span>\n\t\t\t\t\t<\/a>\n\t\t<\/div>\n\t\t\t\t<\/div>\n\t\t\t\t<\/div>\n\t\t\t\t<div class=\"elementor-element elementor-element-649838e2 elementor-widget elementor-widget-text-editor\" data-id=\"649838e2\" data-element_type=\"widget\" data-widget_type=\"text-editor.default\">\n\t\t\t\t<div class=\"elementor-widget-container\">\n\t\t\t\t\t\t\t<p><strong>Plan klienta Visioner obejmuje:<\/strong><\/p>\n<ul style=\"list-style-type: square;\">\n<li>Automatyczna akumulacja 50 D-Points po pomy\u015blnej rejestracji.<\/li>\n<li>Automatyczna akumulacja 50 D-Points przy ka\u017cdym miesi\u0119cznym odnowieniu konta.<\/li>\n<li>Automatyczna akumulacja 25 D-Points z ka\u017cdym nowym kontem poleconym osobi\u015bcie.<\/li>\n<li>Automatyczna kumulacja 15 D-Points przy ka\u017cdym miesi\u0119cznym odnowieniu konta ka\u017cdego bezpo\u015bredniego cz\u0142onka poleconego osobi\u015bcie.<\/li>\n<li>Po podr\u00f3\u017cy mo\u017cesz wykorzysta\u0107 do 2000 punkt\u00f3w D-Points na wybrane przez siebie wydatki na podr\u00f3\u017ce osobiste lub s\u0142u\u017cbowe.<\/li>\n<li>Limitowane korzystanie z monet D-Points do jednej kategorii poniesionych koszt\u00f3w na wybrane wydatki zwi\u0105zane z podr\u00f3\u017cami rekomendowanymi przez D Travel Club.<\/li>\n<li>Pe\u0142ny dost\u0119p do najlepszych z najlepszych ofert turystycznych w bran\u017cy z ca\u0142ego \u015bwiata.<\/li>\n<li>Nieograniczona pasywna miesi\u0119czna wyp\u0142ata prowizji od wszystkich bezpo\u015brednich poleconych i do pierwszych 2 pier\u015bcieni<\/li>\n<li>Wyp\u0142ata prowizji rozpoczyna si\u0119 od pierwszych czterech udanych pozyskanych poleconych, niezale\u017cnie od tego, z jakiego serwisu DiBuCard i kraju pochodz\u0105<\/li>\n<\/ul>\t\t\t\t\t\t<\/div>\n\t\t\t\t<\/div>\n\t\t\t\t<div class=\"elementor-element elementor-element-784dfc7b elementor-align-justify elementor-widget elementor-widget-button\" data-id=\"784dfc7b\" data-element_type=\"widget\" data-widget_type=\"button.default\">\n\t\t\t\t<div class=\"elementor-widget-container\">\n\t\t\t\t\t<div class=\"elementor-button-wrapper\">\n\t\t\t<a class=\"elementor-button elementor-button-link elementor-size-sm\" href=\"https:\/\/www.dibucard.com\/dtc\/signupcommunity.php\">\n\t\t\t\t\t\t<span class=\"elementor-button-content-wrapper\">\n\t\t\t\t\t\t\t\t\t<span class=\"elementor-button-text\">Zapisz si\u0119 z planem Visioner<\/span>\n\t\t\t\t\t<\/span>\n\t\t\t\t\t<\/a>\n\t\t<\/div>\n\t\t\t\t<\/div>\n\t\t\t\t<\/div>\n\t\t\t\t\t<\/div>\n\t\t<\/div>\n\t\t\t\t<div class=\"elementor-column elementor-col-33 elementor-top-column elementor-element elementor-element-e7866ad\" data-id=\"e7866ad\" data-element_type=\"column\">\n\t\t\t<div class=\"elementor-widget-wrap elementor-element-populated\">\n\t\t\t\t\t\t<div class=\"elementor-element elementor-element-7592c24c elementor-align-center elementor-widget elementor-widget-button\" data-id=\"7592c24c\" data-element_type=\"widget\" data-widget_type=\"button.default\">\n\t\t\t\t<div class=\"elementor-widget-container\">\n\t\t\t\t\t<div class=\"elementor-button-wrapper\">\n\t\t\t<a class=\"elementor-button elementor-button-link elementor-size-sm\" href=\"https:\/\/www.dibucard.com\/dtc\/signupcommunity.php\">\n\t\t\t\t\t\t<span class=\"elementor-button-content-wrapper\">\n\t\t\t\t\t\t\t\t\t<span class=\"elementor-button-text\">Vacationer $60.00\/miesi\u0119cznie<\/span>\n\t\t\t\t\t<\/span>\n\t\t\t\t\t<\/a>\n\t\t<\/div>\n\t\t\t\t<\/div>\n\t\t\t\t<\/div>\n\t\t\t\t<div class=\"elementor-element elementor-element-e4adfc2 elementor-widget elementor-widget-text-editor\" data-id=\"e4adfc2\" data-element_type=\"widget\" data-widget_type=\"text-editor.default\">\n\t\t\t\t<div class=\"elementor-widget-container\">\n\t\t\t\t\t\t\t<p><strong>Plan Klienta WAKACJONIER obejmuje:<\/strong><\/p><ul style=\"list-style-type: square;\"><li>Automatyczna akumulacja 120 punkt\u00f3w D-Points po pomy\u015blnej rejestracji.<\/li><li>Automatyczna akumulacja 120 punkt\u00f3w D-Points przy ka\u017cdym miesi\u0119cznym odnowieniu konta.<\/li><li>Automatyczna akumulacja 60 D-Points z ka\u017cdym nowym kontem poleconym osobi\u015bcie.<\/li><li>Automatyczna kumulacja 25 D-Points przy ka\u017cdym miesi\u0119cznym odnowieniu konta ka\u017cdego bezpo\u015bredniego cz\u0142onka poleconego osobi\u015bcie.<\/li><li>Po podr\u00f3\u017cy mo\u017cesz wykorzysta\u0107 do 4000 punkt\u00f3w D-Points na wybrane przez siebie wydatki na podr\u00f3\u017ce osobiste lub s\u0142u\u017cbowe.<\/li><li>Limitowane korzystanie z monet D-Points do trzech kategorii poniesionych koszt\u00f3w na wybrane wydatki zwi\u0105zane z podr\u00f3\u017cami rekomendowanymi przez D Travel Club.<\/li><li>Pe\u0142ny dost\u0119p do najlepszych z najlepszych ofert turystycznych w bran\u017cy z ca\u0142ego \u015bwiata.<\/li><li>Nieograniczona pasywna miesi\u0119czna wyp\u0142ata prowizji od wszystkich bezpo\u015brednich poleconych i do pierwszych 2 pier\u015bcieni.<\/li><li>Wyp\u0142ata prowizji rozpoczyna si\u0119 od pierwszych czterech udanych pozyskanych poleconych, niezale\u017cnie od tego, z jakiego serwisu DiBuCard i kraju pochodz\u0105.<\/li><\/ul>\t\t\t\t\t\t<\/div>\n\t\t\t\t<\/div>\n\t\t\t\t<div class=\"elementor-element elementor-element-48907710 elementor-align-justify elementor-widget elementor-widget-button\" data-id=\"48907710\" data-element_type=\"widget\" data-widget_type=\"button.default\">\n\t\t\t\t<div class=\"elementor-widget-container\">\n\t\t\t\t\t<div class=\"elementor-button-wrapper\">\n\t\t\t<a class=\"elementor-button elementor-button-link elementor-size-sm\" href=\"https:\/\/www.dibucard.com\/dtc\/signupcommunity.php\">\n\t\t\t\t\t\t<span class=\"elementor-button-content-wrapper\">\n\t\t\t\t\t\t\t\t\t<span class=\"elementor-button-text\">Zapisz si\u0119 z planem Vacationer<\/span>\n\t\t\t\t\t<\/span>\n\t\t\t\t\t<\/a>\n\t\t<\/div>\n\t\t\t\t<\/div>\n\t\t\t\t<\/div>\n\t\t\t\t\t<\/div>\n\t\t<\/div>\n\t\t\t\t<div class=\"elementor-column elementor-col-33 elementor-top-column elementor-element elementor-element-5f5a5c4e\" data-id=\"5f5a5c4e\" data-element_type=\"column\">\n\t\t\t<div class=\"elementor-widget-wrap elementor-element-populated\">\n\t\t\t\t\t\t<div class=\"elementor-element elementor-element-492d3ebc elementor-align-center elementor-widget elementor-widget-button\" data-id=\"492d3ebc\" data-element_type=\"widget\" data-widget_type=\"button.default\">\n\t\t\t\t<div class=\"elementor-widget-container\">\n\t\t\t\t\t<div class=\"elementor-button-wrapper\">\n\t\t\t<a class=\"elementor-button elementor-button-link elementor-size-sm\" href=\"https:\/\/www.dibucard.com\/dtc\/signupcommunity.php\">\n\t\t\t\t\t\t<span class=\"elementor-button-content-wrapper\">\n\t\t\t\t\t\t\t\t\t<span class=\"elementor-button-text\">Traveler $110.00\/miesi\u0119cznei<\/span>\n\t\t\t\t\t<\/span>\n\t\t\t\t\t<\/a>\n\t\t<\/div>\n\t\t\t\t<\/div>\n\t\t\t\t<\/div>\n\t\t\t\t<div class=\"elementor-element elementor-element-70cc021f elementor-widget elementor-widget-text-editor\" data-id=\"70cc021f\" data-element_type=\"widget\" data-widget_type=\"text-editor.default\">\n\t\t\t\t<div class=\"elementor-widget-container\">\n\t\t\t\t\t\t\t<p><strong>Abonament TRAVELER\u00a0klient obejmuje:<\/strong><\/p><ul style=\"list-style-type: square;\"><li><span style=\"color: #000000;\">Automatyczna akumulacja 220 D-Points po pomy\u015blnej rejestracji.<\/span><\/li><li><span style=\"color: #000000;\">Automatyczna akumulacja 220 punkt\u00f3w D-Points przy ka\u017cdym miesi\u0119cznym odnowieniu konta.<\/span><\/li><li><span style=\"color: #000000;\">Automatyczna akumulacja 120 punkt\u00f3w D-Points z ka\u017cdym nowym kontem poleconym osobi\u015bcie. <\/span><\/li><li><span style=\"color: #000000;\">Automatyczna akumulacja 50 D-Points przy ka\u017cdym miesi\u0119cznym odnowieniu konta ka\u017cdego osobi\u015bcie poleconego u\u017cytkownika.<\/span><\/li><li>Po podr\u00f3\u017cy mo\u017cesz wykorzysta\u0107 do 6000 Punkt\u00f3w D-Points na wybrane przez siebie wydatki na podr\u00f3\u017ce osobiste lub s\u0142u\u017cbowe.<\/li><li><span style=\"color: #000000;\">Nieograniczone korzystanie z punkt\u00f3w D-Points na wybrane wydatki zwi\u0105zane z podr\u00f3\u017cami rekomendowanymi przez D Travel Club.<\/span><\/li><li><span style=\"color: #000000;\">Pe\u0142ny dost\u0119p do najlepszych z najlepszych ofert turystycznych w bran\u017cy z ca\u0142ego \u015bwiata.<\/span><\/li><li><span style=\"color: #000000;\">Nieograniczona pasywna miesi\u0119czna wyp\u0142ata prowizji od wszystkich bezpo\u015brednich poleconych.<\/span><\/li><li><span style=\"color: #000000;\">Nieograniczona pasywna miesi\u0119czna wyp\u0142ata prowizji od wszystkich bezpo\u015brednich poleconych i do pierwszych 2 pier\u015bcieni.<\/span><\/li><li><span style=\"color: #000000;\">Wyp\u0142ata prowizji rozpoczyna si\u0119 od pierwszych czterech udanych pozyskanych poleconych, niezale\u017cnie od tego, z jakiego serwisu DiBuCard i kraju pochodz\u0105.<\/span><\/li><\/ul>\t\t\t\t\t\t<\/div>\n\t\t\t\t<\/div>\n\t\t\t\t<div class=\"elementor-element elementor-element-2801e39c elementor-align-justify elementor-widget elementor-widget-button\" data-id=\"2801e39c\" data-element_type=\"widget\" data-widget_type=\"button.default\">\n\t\t\t\t<div class=\"elementor-widget-container\">\n\t\t\t\t\t<div class=\"elementor-button-wrapper\">\n\t\t\t<a class=\"elementor-button elementor-button-link elementor-size-sm\" href=\"https:\/\/www.dibucard.com\/dtc\/signupcommunity.php\">\n\t\t\t\t\t\t<span class=\"elementor-button-content-wrapper\">\n\t\t\t\t\t\t\t\t\t<span class=\"elementor-button-text\">Zapisz si\u0119 z planem Traveler<\/span>\n\t\t\t\t\t<\/span>\n\t\t\t\t\t<\/a>\n\t\t<\/div>\n\t\t\t\t<\/div>\n\t\t\t\t<\/div>\n\t\t\t\t\t<\/div>\n\t\t<\/div>\n\t\t\t\t\t<\/div>\n\t\t<\/section>\n\t\t\t\t<\/div>\n\t\t","protected":false},"excerpt":{"rendered":"<p>Pieni\u0105dze i czas razem pakiety cz\u0142onkowskie DTC.Poni\u017cej mo\u017cesz wybra\u0107 pakiet, od kt\u00f3rego chcesz zacz\u0105\u0107. Ka\u017cda subskrypcja zapewnia mo\u017cliwo\u015b\u0107 elastycznego finansowania podr\u00f3\u017cy, kiedy tylko chcesz, gdziekolwiek chcesz i jak d\u0142ugo chcesz. Jedyn\u0105 r\u00f3\u017cnic\u0105 jest czas potrzebny na stworzenie takiej mo\u017cliwo\u015bci. Zawsze mo\u017cesz prze\u0142\u0105czy\u0107 si\u0119 z ni\u017cszej subskrypcji na wy\u017csz\u0105. Zapraszamy do D Travel Club i do [&hellip;]<\/p>\n","protected":false},"author":102,"featured_media":0,"parent":1579,"menu_order":0,"comment_status":"closed","ping_status":"closed","template":"","meta":{"ngg_post_thumbnail":0,"footnotes":""},"_links":{"self":[{"href":"https:\/\/www.dibucard.com\/dtc\/wp-json\/wp\/v2\/pages\/4665"}],"collection":[{"href":"https:\/\/www.dibucard.com\/dtc\/wp-json\/wp\/v2\/pages"}],"about":[{"href":"https:\/\/www.dibucard.com\/dtc\/wp-json\/wp\/v2\/types\/page"}],"author":[{"embeddable":true,"href":"https:\/\/www.dibucard.com\/dtc\/wp-json\/wp\/v2\/users\/102"}],"replies":[{"embeddable":true,"href":"https:\/\/www.dibucard.com\/dtc\/wp-json\/wp\/v2\/comments?post=4665"}],"version-history":[{"count":79,"href":"https:\/\/www.dibucard.com\/dtc\/wp-json\/wp\/v2\/pages\/4665\/revisions"}],"predecessor-version":[{"id":8345,"href":"https:\/\/www.dibucard.com\/dtc\/wp-json\/wp\/v2\/pages\/4665\/revisions\/8345"}],"up":[{"embeddable":true,"href":"https:\/\/www.dibucard.com\/dtc\/wp-json\/wp\/v2\/pages\/1579"}],"wp:attachment":[{"href":"https:\/\/www.dibucard.com\/dtc\/wp-json\/wp\/v2\/media?parent=4665"}],"curies":[{"name":"wp","href":"https:\/\/api.w.org\/{rel}","templated":true}]}}