{"id":4381,"date":"2022-06-09T17:19:01","date_gmt":"2022-06-09T17:19:01","guid":{"rendered":"https:\/\/www.dibucard.com\/dtc\/?page_id=4381"},"modified":"2022-07-10T19:51:35","modified_gmt":"2022-07-10T19:51:35","slug":"paliwo","status":"publish","type":"page","link":"https:\/\/www.dibucard.com\/dtc\/polska\/podroze-pl\/paliwo\/","title":{"rendered":"Paliwo"},"content":{"rendered":"\t\t<div data-elementor-type=\"wp-page\" data-elementor-id=\"4381\" class=\"elementor elementor-4381\">\n\t\t\t\t\t\t<section class=\"elementor-section elementor-top-section elementor-element elementor-element-50a1231c elementor-section-boxed elementor-section-height-default elementor-section-height-default\" data-id=\"50a1231c\" data-element_type=\"section\" data-settings=\"{&quot;background_background&quot;:&quot;classic&quot;}\">\n\t\t\t\t\t\t<div class=\"elementor-container elementor-column-gap-default\">\n\t\t\t\t\t<div class=\"elementor-column elementor-col-50 elementor-top-column elementor-element elementor-element-f987c80\" data-id=\"f987c80\" data-element_type=\"column\">\n\t\t\t<div class=\"elementor-widget-wrap elementor-element-populated\">\n\t\t\t\t\t\t<div class=\"elementor-element elementor-element-24388681 elementor-widget elementor-widget-text-editor\" data-id=\"24388681\" data-element_type=\"widget\" data-widget_type=\"text-editor.default\">\n\t\t\t\t<div class=\"elementor-widget-container\">\n\t\t\t<style>\/*! elementor - v3.21.0 - 26-05-2024 *\/\n.elementor-widget-text-editor.elementor-drop-cap-view-stacked .elementor-drop-cap{background-color:#69727d;color:#fff}.elementor-widget-text-editor.elementor-drop-cap-view-framed .elementor-drop-cap{color:#69727d;border:3px solid;background-color:transparent}.elementor-widget-text-editor:not(.elementor-drop-cap-view-default) .elementor-drop-cap{margin-top:8px}.elementor-widget-text-editor:not(.elementor-drop-cap-view-default) .elementor-drop-cap-letter{width:1em;height:1em}.elementor-widget-text-editor .elementor-drop-cap{float:left;text-align:center;line-height:1;font-size:50px}.elementor-widget-text-editor .elementor-drop-cap-letter{display:inline-block}<\/style>\t\t\t\t<p style=\"text-align: center;\"><span style=\"color: #ffcc00;\"><strong><span style=\"font-size: 18pt;\">D-Points na paliwo<\/span><\/strong><\/span><\/p><p style=\"text-align: center;\"><span style=\"font-size: 14pt; color: #ccffcc;\">Je\u015bli potrzebujesz swoje D-Points u\u017cy\u0107 na rzecz zwrotu koszt\u00f3w paliwa b\u0119dziesz m\u00f3g\u0142 to zrobi\u0107. Ka\u017cdego miesi\u0105ca mo\u017cesz zamienic 3000 (minimum 900 D- Points), swoich uzbieranych D-Points w celu odzyskania cz\u0119\u015bci koszt\u00f3w.\u00a0\u00a0<\/span><\/p><p style=\"text-align: center;\"><span style=\"font-size: 14pt; color: #ccffcc;\">Przeliczenie paliwowe D-Points to: 1 US $ = 30 D-Points<\/span><\/p><p style=\"text-align: center;\"><span style=\"font-size: 14pt; color: #ccffcc;\">Zapraszamy.<\/span><\/p>\t\t\t\t\t\t<\/div>\n\t\t\t\t<\/div>\n\t\t\t\t\t<\/div>\n\t\t<\/div>\n\t\t\t\t<div class=\"elementor-column elementor-col-50 elementor-top-column elementor-element elementor-element-4ddc2326\" data-id=\"4ddc2326\" data-element_type=\"column\">\n\t\t\t<div class=\"elementor-widget-wrap elementor-element-populated\">\n\t\t\t\t\t\t<div class=\"elementor-element elementor-element-5839b691 elementor-widget elementor-widget-image\" data-id=\"5839b691\" data-element_type=\"widget\" data-widget_type=\"image.default\">\n\t\t\t\t<div class=\"elementor-widget-container\">\n\t\t\t<style>\/*! elementor - v3.21.0 - 26-05-2024 *\/\n.elementor-widget-image{text-align:center}.elementor-widget-image a{display:inline-block}.elementor-widget-image a img[src$=\".svg\"]{width:48px}.elementor-widget-image img{vertical-align:middle;display:inline-block}<\/style>\t\t\t\t\t\t\t\t\t\t<img fetchpriority=\"high\" decoding=\"async\" width=\"474\" height=\"315\" src=\"https:\/\/www.dibucard.com\/dtc\/wp-content\/uploads\/sites\/54\/2022\/06\/gas-station.jpg\" class=\"attachment-large size-large wp-image-4362\" alt=\"\" srcset=\"https:\/\/www.dibucard.com\/dtc\/wp-content\/uploads\/sites\/54\/2022\/06\/gas-station.jpg 474w, https:\/\/www.dibucard.com\/dtc\/wp-content\/uploads\/sites\/54\/2022\/06\/gas-station-300x199.jpg 300w, https:\/\/www.dibucard.com\/dtc\/wp-content\/uploads\/sites\/54\/2022\/06\/gas-station-458x305.jpg 458w, https:\/\/www.dibucard.com\/dtc\/wp-content\/uploads\/sites\/54\/2022\/06\/gas-station-360x240.jpg 360w\" sizes=\"(max-width: 474px) 100vw, 474px\" \/>\t\t\t\t\t\t\t\t\t\t\t\t\t<\/div>\n\t\t\t\t<\/div>\n\t\t\t\t\t<\/div>\n\t\t<\/div>\n\t\t\t\t\t<\/div>\n\t\t<\/section>\n\t\t\t\t<section class=\"elementor-section elementor-top-section elementor-element elementor-element-baf857a elementor-section-boxed elementor-section-height-default elementor-section-height-default\" data-id=\"baf857a\" data-element_type=\"section\" data-settings=\"{&quot;background_background&quot;:&quot;classic&quot;}\">\n\t\t\t\t\t\t<div class=\"elementor-container elementor-column-gap-default\">\n\t\t\t\t\t<div class=\"elementor-column elementor-col-100 elementor-top-column elementor-element elementor-element-580972b\" data-id=\"580972b\" data-element_type=\"column\">\n\t\t\t<div class=\"elementor-widget-wrap elementor-element-populated\">\n\t\t\t\t\t\t<div class=\"elementor-element elementor-element-d8c0737 elementor-widget elementor-widget-shortcode\" data-id=\"d8c0737\" data-element_type=\"widget\" data-widget_type=\"shortcode.default\">\n\t\t\t\t<div class=\"elementor-widget-container\">\n\t\t\t\t\t<div class=\"elementor-shortcode\"><noscript class=\"ninja-forms-noscript-message\">\n\tNotice: JavaScript is required for this content.<\/noscript>\n<p>You have to be login to see this form<\/p><\/div>\n\t\t\t\t<\/div>\n\t\t\t\t<\/div>\n\t\t\t\t\t<\/div>\n\t\t<\/div>\n\t\t\t\t\t<\/div>\n\t\t<\/section>\n\t\t\t\t<\/div>\n\t\t","protected":false},"excerpt":{"rendered":"<p>D-Points na paliwo Je\u015bli potrzebujesz swoje D-Points u\u017cy\u0107 na rzecz zwrotu koszt\u00f3w paliwa b\u0119dziesz m\u00f3g\u0142 to zrobi\u0107. Ka\u017cdego miesi\u0105ca mo\u017cesz zamienic 3000 (minimum 900 D- Points), swoich uzbieranych D-Points w celu odzyskania cz\u0119\u015bci koszt\u00f3w.\u00a0\u00a0 Przeliczenie paliwowe D-Points to: 1 US $ = 30 D-Points Zapraszamy.<\/p>\n","protected":false},"author":102,"featured_media":0,"parent":1853,"menu_order":0,"comment_status":"closed","ping_status":"closed","template":"myaccount-template.php","meta":{"ngg_post_thumbnail":0,"footnotes":""},"_links":{"self":[{"href":"https:\/\/www.dibucard.com\/dtc\/wp-json\/wp\/v2\/pages\/4381"}],"collection":[{"href":"https:\/\/www.dibucard.com\/dtc\/wp-json\/wp\/v2\/pages"}],"about":[{"href":"https:\/\/www.dibucard.com\/dtc\/wp-json\/wp\/v2\/types\/page"}],"author":[{"embeddable":true,"href":"https:\/\/www.dibucard.com\/dtc\/wp-json\/wp\/v2\/users\/102"}],"replies":[{"embeddable":true,"href":"https:\/\/www.dibucard.com\/dtc\/wp-json\/wp\/v2\/comments?post=4381"}],"version-history":[{"count":46,"href":"https:\/\/www.dibucard.com\/dtc\/wp-json\/wp\/v2\/pages\/4381\/revisions"}],"predecessor-version":[{"id":7181,"href":"https:\/\/www.dibucard.com\/dtc\/wp-json\/wp\/v2\/pages\/4381\/revisions\/7181"}],"up":[{"embeddable":true,"href":"https:\/\/www.dibucard.com\/dtc\/wp-json\/wp\/v2\/pages\/1853"}],"wp:attachment":[{"href":"https:\/\/www.dibucard.com\/dtc\/wp-json\/wp\/v2\/media?parent=4381"}],"curies":[{"name":"wp","href":"https:\/\/api.w.org\/{rel}","templated":true}]}}