{"id":51,"date":"2017-12-01T03:21:42","date_gmt":"2017-12-01T03:21:42","guid":{"rendered":"https:\/\/www.dibucard.com\/dbcpl\/?page_id=51"},"modified":"2022-07-18T21:09:02","modified_gmt":"2022-07-18T19:09:02","slug":"utworz-wizytowke","status":"publish","type":"page","link":"https:\/\/www.dibucard.com\/dbcpl\/dibucard-polska\/moje-konto\/utworz-wizytowke\/","title":{"rendered":"Utw\u00f3rz wizyt\u00f3wk\u0119"},"content":{"rendered":"","protected":false},"excerpt":{"rendered":"","protected":false},"author":102,"featured_media":0,"parent":33,"menu_order":0,"comment_status":"closed","ping_status":"closed","template":"myprofile22-template.php","meta":{"ngg_post_thumbnail":0,"footnotes":""},"_links":{"self":[{"href":"https:\/\/www.dibucard.com\/dbcpl\/wp-json\/wp\/v2\/pages\/51"}],"collection":[{"href":"https:\/\/www.dibucard.com\/dbcpl\/wp-json\/wp\/v2\/pages"}],"about":[{"href":"https:\/\/www.dibucard.com\/dbcpl\/wp-json\/wp\/v2\/types\/page"}],"author":[{"embeddable":true,"href":"https:\/\/www.dibucard.com\/dbcpl\/wp-json\/wp\/v2\/users\/102"}],"replies":[{"embeddable":true,"href":"https:\/\/www.dibucard.com\/dbcpl\/wp-json\/wp\/v2\/comments?post=51"}],"version-history":[{"count":4,"href":"https:\/\/www.dibucard.com\/dbcpl\/wp-json\/wp\/v2\/pages\/51\/revisions"}],"predecessor-version":[{"id":10751,"href":"https:\/\/www.dibucard.com\/dbcpl\/wp-json\/wp\/v2\/pages\/51\/revisions\/10751"}],"up":[{"embeddable":true,"href":"https:\/\/www.dibucard.com\/dbcpl\/wp-json\/wp\/v2\/pages\/33"}],"wp:attachment":[{"href":"https:\/\/www.dibucard.com\/dbcpl\/wp-json\/wp\/v2\/media?parent=51"}],"curies":[{"name":"wp","href":"https:\/\/api.w.org\/{rel}","templated":true}]}}