{"id":36,"date":"2017-12-01T01:09:13","date_gmt":"2017-12-01T01:09:13","guid":{"rendered":"https:\/\/www.dibucard.com\/dbcpl\/?page_id=36"},"modified":"2023-10-28T18:58:36","modified_gmt":"2023-10-28T16:58:36","slug":"regulamin-korzystania","status":"publish","type":"page","link":"https:\/\/www.dibucard.com\/dbcpl\/regulamin-korzystania\/","title":{"rendered":"Regulamin korzystania"},"content":{"rendered":"\t\t<div data-elementor-type=\"wp-page\" data-elementor-id=\"36\" class=\"elementor elementor-36\">\n\t\t\t\t\t\t<section class=\"elementor-section elementor-top-section elementor-element elementor-element-359d7ccd elementor-section-boxed elementor-section-height-default elementor-section-height-default\" data-id=\"359d7ccd\" data-element_type=\"section\">\n\t\t\t\t\t\t<div class=\"elementor-container elementor-column-gap-default\">\n\t\t\t\t\t<div class=\"elementor-column elementor-col-100 elementor-top-column elementor-element elementor-element-2c13fc75\" data-id=\"2c13fc75\" data-element_type=\"column\">\n\t\t\t<div class=\"elementor-widget-wrap elementor-element-populated\">\n\t\t\t\t\t\t<div class=\"elementor-element elementor-element-51e28d99 elementor-widget elementor-widget-text-editor\" data-id=\"51e28d99\" data-element_type=\"widget\" data-widget_type=\"text-editor.default\">\n\t\t\t\t<div class=\"elementor-widget-container\">\n\t\t\t\t\t\t\t<h4><span style=\"color: #000000;\">Regulamin korzystania z bazy danych\u00a0witryny cyfrowej wizytowki DiBuCard.<\/span><\/h4><p><span style=\"color: #000000;\"><strong>Niniejszy regulamin okre\u015bla zasady i warunki korzystania z bazy danych portalu DiBuCard. Serwis DiBuCard jest zarzadz\u0105ny i udostepniony przez firm\u0119 DiBuCard Internatonal, LLC z siedzib\u0105 w Las Vegas, Nevada, U.S.A.<\/strong><\/span><\/p><p><img decoding=\"async\" class=\"alignleft wp-image-39\" src=\"https:\/\/www.dibucard.com\/dbcpl\/wp-content\/uploads\/sites\/30\/2017\/12\/Grey-bar.jpg\" alt=\"\" width=\"1422\" height=\"3\" srcset=\"https:\/\/www.dibucard.com\/dbcpl\/wp-content\/uploads\/sites\/30\/2017\/12\/Grey-bar.jpg 1322w, https:\/\/www.dibucard.com\/dbcpl\/wp-content\/uploads\/sites\/30\/2017\/12\/Grey-bar-300x1.jpg 300w, https:\/\/www.dibucard.com\/dbcpl\/wp-content\/uploads\/sites\/30\/2017\/12\/Grey-bar-768x2.jpg 768w, https:\/\/www.dibucard.com\/dbcpl\/wp-content\/uploads\/sites\/30\/2017\/12\/Grey-bar-1024x2.jpg 1024w, https:\/\/www.dibucard.com\/dbcpl\/wp-content\/uploads\/sites\/30\/2017\/12\/Grey-bar-748x3.jpg 748w\" sizes=\"(max-width: 1422px) 100vw, 1422px\" \/><\/p><p>\u00a0<\/p><ol><li><span style=\"color: #000000;\">Witryna DiBuCard\u00a0upowa\u017cnia u\u017cytkownika serwisu internetowego do korzystania z bazy danych w ograniczonym zakresie wynikaj\u0105cym z tego regulaminu.<\/span><\/li><li><span style=\"color: #000000;\">Baza danych zbioru the DiBuCard zawiera informacje o\u00a0osobach, firmach\u00a0i innych podmiotach pozwalaj\u0105ce na ich identyfikacj\u0119.<\/span><\/li><li><span style=\"color: #000000;\">Wpisy (wizyt\u00f3wki cyfrowe) oraz inne formy publikacji na stronach zbioru DiBuCard podlegaj\u0105 cennikowi pakiet\u00f3w umieszczonemu w serwisie\u00a0lub indywidualnym ustaleniom. S\u0105 to ostateczne, powtarzaj\u0105ce si\u0119 cyklicznie p\u0142atno\u015bci comiesi\u0119czne, corocznie lub w innym cyklu czasowym nie podlegajace zwrotowi w \u017cadnym wypadku.<\/span><\/li><li><span style=\"color: #000000;\">W przypadku nie uiszczenia op\u0142aty abonamentowej w dniu orginalnego odnowienia us\u0142ugi\u00a0 u\u017cytkownik ma czas do 30 dni \u017ceby uaktualizowa\u0107 swoje informacje p\u0142atnicze i op\u0142aci\u0107 us\u0142ug\u0119. Je\u015bli po up\u0142ywie 30 dni od orginalnego dnia odnowienia us\u0142ugi us\u0142uga nie zostanie op\u0142acona konto i publikacje u\u017cytkownika zostan\u0105 automatycznie anulowane.<\/span><\/li><li><span style=\"color: #000000;\">Odzyskanie anulowanego konta i informacji tam zawartych mo\u017ce nast\u0105pi\u0107 po wyst\u0105pieniu przez u\u017cytkownika z pro<span id=\"result_box\" class=\"short_text\" lang=\"en\"><span class=\"hps\">\u017a<\/span><\/span>b\u0105 w tej sprawie na adres dibucard@usa.com i ewentualnym pozytywnym rozpatrzeniu. Je\u015bli decyzja b\u0119dzie pozytywna, konto u\u017cytkownika zostanie odnowione po uiszczeniu przez u\u017cytkownika op\u0142aty w wysoko\u015bci 150,00 Z\u0141 polski dla obszaru polskiego ($150.00 USD dla innych rejonow). Pro<span id=\"result_box\" class=\"short_text\" lang=\"en\"><span class=\"hps\">\u017a<\/span><\/span>ba o odnowienie konta mo\u017ce nast\u0105pi\u0107 w czasie nie d\u0142u\u017cszym jak 60 dni od jego anulowania. Decyzje zarz\u0105du DiBuCard s\u0105\u00a0 ostateczne.<\/span><\/li><li><span style=\"color: #000000;\">Zarz\u0105d DiBuCard nie ponosi odpowiedzialno\u015bci za tre\u015b\u0107i, zdj\u0119cia i videa zamieszczane na virtualnych interaktywnych profilach tzw. kartach VIP DiBuCard przez u\u017cytkownik\u00f3w, ani za \u017cadne inne tre\u015bci umieszczane na witrynie DiBuCard przez u\u017cytkownikow na innych oferowanych przez diBuCard us\u0142ugach abonamentowych.<\/span><\/li><li><span style=\"color: #000000;\">Firma lub osoba prywatna rejestruj\u0105c si\u0119 w portalu ponosi wszelk\u0105 odpowiedzialno\u015b\u0107 za tre\u015bci jakie umieszcza na ministronie (wizyt\u00f3wce) i wszystkich prezentacjach, w szczeg\u00f3lno\u015bci za prawdziwo\u015b\u0107 danych, rzetelno\u015b\u0107 tre\u015bci, a tak\u017ce zgodno\u015b\u0107 z obowi\u0105zuj\u0105cym prawem, zwyczajami i normami moralnymi oraz niniejszym regulaminem.<\/span><\/li><li><span style=\"color: #000000;\">Umieszczenie\u00a0cyfrowej wizyt\u00f3wki\u00a0 lub innej \u00a0publikacji na stronach portalu DiBuCard jest r\u00f3wnoznaczne z\u00a0o\u015bwiadczeniem \u017ce osoba publikuj\u0105ca\u00a0i op\u0142acaj\u0105ca\u00a0us\u0142ug\u0119 ma pe\u0142ne prawo prawne\u00a0i moralne do takiej publikacji.<\/span><\/li><li><span style=\"color: #000000;\">Publikujac\u00a0wszelkie informacje\u00a0osoba op\u0142acaj\u0105ca us\u0142ug\u0119 ponosi pe\u0142n\u0105 odpowiedzialno\u015b\u0107 prawn\u0105 za jej tre\u015b\u0107 w \u015bwietle prawa\u00a0kraju lub rejonu w kt\u00f3rym zamieszkuje, kraju lub rejonu w kt\u00f3rym znajduje lub jest zarejestrowana firma oraz obowiazujacego w tym zakresie prawa mi\u0119dzynarodowego.<\/span><\/li><li><span style=\"color: #000000;\">Informacje zawarte w tre\u015bci wizyt\u00f3wki nie mog\u0105 by\u0107 jak\u0105kolwiek form\u0105 rekrutacji opisujacej zarabianie bonus\u00f3w, premii, zarobk\u00f3w lub innych form dochodowych. W tre\u015bci nie wolno wstawia\u0107 bezpo\u015bredniej prezentacji w formie video, tekstowej , graficznej lub jakichkolwiek innych promocji o dochodach, kt\u00f3re mog\u0105 by\u0107, lub s\u0105, sprzeczna z interesem innych u\u017cytkownik\u00f3w katalogu wizyt\u00f3wek DiBuCard.<\/span><\/li><li><span style=\"color: #000000;\">Firma lub osoba prywatna op\u0142acaj\u0105ca us\u0142uge r\u00f3wnie\u017c ponosi konsekwencje prawne za u\u017cycie nazw, s\u0142\u00f3w i znak\u00f3w zastrze\u017conych.<\/span><\/li><li><span style=\"color: #000000;\">Wszystkie informacje zamieszczane na stronach serwisu DiBuCard powinny by\u0107 prawdziwe, kompletne, dok\u0142adne i nie mog\u0105 wprowadza\u0107 w b\u0142\u0105d. W przypadku naruszenia kt\u00f3rejkolwiek z powy\u017cszych zasad,\u00a0\u00a0zarz\u0105d serwisu\u00a0upowa\u017cniony jest w ka\u017cdym czasie do usuni\u0119cia publikowanych informacji, prezentacji czy te\u017c ca\u0142ej ministrony i\u00a0u\u017cytkownikowi nie przys\u0142uguje zwrot poniesionych wydatk\u00f3w ani odr\u0119bne odszkodowanie.<\/span><\/li><li><span style=\"color: #000000;\">Dokonanie wpisu do bazy DiBuCard odbywa si\u0119 poprzez wype\u0142nienie formularza rejestracyjnego. Jego wype\u0142nienie jest jednoznaczne z akceptacj\u0105 automatycznie pobieranej przez system op\u0142aty za publikacj\u0119 (wizyt\u00f3wk\u0119), a\u017c do anulowania us\u0142ugi poprzez u\u017cytkownika lub administracje, oraz z akceptacj\u0105 niniejszego regulaminu. Op\u0142aty te s\u0105 ostateczne i nie podlegaj\u0105 zwrotowi w \u017cadnym wypadku.<\/span><\/li><li><span style=\"color: #000000;\">Akceptuj\u0105c niniejszy regulamin u\u017cytkownik wyra\u017ca zgod\u0119 na otrzymywanie informacji o \u015bwiadczeniu us\u0142ug drog\u0105 elektroniczn\u0105, przesy\u0142anych przez\u00a0DiBuCard\u00a0i jej partner\u00f3w.<\/span><\/li><li><span style=\"color: #000000;\">Serwis dost\u0119pny jest 24 godziny na dob\u0119, we wszystkie dni roku. Jednak\u017ce\u00a0\u00a0DiBuCard\u00a0 zastrzega sobie mo\u017cliwo\u015b\u0107 dokonywania przerw spowodowanych nag\u0142ymi wypadkami, b\u0105d\u017a te\u017c konserwacj\u0105 serwisu.\u00a0 DiBuCard\u00a0i jej partnerzy w \u017cadnym przypadku nie odpowiadaj\u0105 za ewentualne straty spowodowane takimi przerwami.<\/span><\/li><li><span style=\"color: #000000;\">Dane uzyskane za pomoc\u0105 serwisu internetowego\u00a0DiBuCard mog\u0105 by\u0107 wykorzystywane jedynie w celach informatycznych danego u\u017cytkownika indywidualnego b\u0105d\u017a firmy, przez co rozumie si\u0119, \u017ce dane powy\u017csze nie mog\u0105 by\u0107 wykorzystywane do cel\u00f3w komercyjnych (ka\u017cdego rodzaju), jak r\u00f3wnie\u017c nie w przypadku informacyjnej dzia\u0142alno\u015bci publicznej, chyba \u017ce, ich podstaw\u0105 jest odr\u0119bna umowa z\u00a0\u00a0DiBuCard\u00a0lub zam\u00f3wienie potwierdzone faktur\u0105.<\/span><\/li><li><span style=\"color: #000000;\">W tym m.in. niedozwolone jest:<\/span><\/li><li><span style=\"color: #000000;\">a) wykorzystanie informacji niew\u0142asnych uzyskanych z bazy danych do przeprowadzania korespondencji seryjnej, niezale\u017cnie od jej charakteru i tre\u015bci,<\/span><\/li><li><span style=\"color: #000000;\">b) odp\u0142atne b\u0105d\u017a nieodp\u0142atne udost\u0119pnianie informacji niew\u0142asnych uzyskanych z bazy danych osobom trzecim, a tak\u017ce publiczne udost\u0119pnianie b\u0105d\u017a rozpowszechnianie tych informacji.<\/span><\/li><li><span style=\"color: #000000;\">c) dost\u0119p do bazy danych za pomoc\u0105 oprogramowania nie b\u0119d\u0105cego zwyk\u0142\u0105 przegl\u0105dark\u0105 internetow\u0105 stanowi z\u0142amanie warunk\u00f3w niniejszego regulaminu oraz jest przes\u0142ank\u0105 do stwierdzenia naruszenia przepis\u00f3w ustawy.<\/span><\/li><li><span style=\"color: #000000;\">W przypadku naruszenia przez u\u017cytkownika warunk\u00f3w niniejszego regulaminu, albo powzi\u0119cia uzasadnionego przypuszczenia przez\u00a0zarz\u0105d\u00a0DiBuCard\u00a0, i\u017c u\u017cytkownik narusza lub planuje naruszenie niniejszych warunk\u00f3w, w szczeg\u00f3lno\u015bci poprzez wykorzystanie informacji, b\u0105d\u017a jej cz\u0119\u015bci,\u00a0 do jakiejkolwiek dzia\u0142alno\u015bci komercyjnej czy publicznej, firma zastrzega sobie mo\u017cliwo\u015b\u0107 zablokowania u\u017cytkownikowi dost\u0119pu do serwisu. Ponadto\u00a0 mo\u017ce w takim przypadku dochodzi\u0107 w\u0142asnych roszcze\u0144 odszkodowawczych zwi\u0105zanych z naruszeniem praw w\u0142asno\u015bci intelektualnej oraz praw os\u00f3b trzecich.<\/span><\/li><li><span style=\"color: #000000;\">Zarz\u0105d\u00a0DiBuCard podejmuje wszelkie starania, aby zapewni\u0107 u\u017cytkownikom jak najwy\u017csz\u0105 jako\u015b\u0107 serwisu. Firma nie ponosi jednak odpowiedzialno\u015bci za straty lub utracone korzy\u015bci u\u017cytkownika maj\u0105ce zwi\u0105zek z korzystaniem z serwisu, a spowodowane b\u0142\u0119dnymi informacjami zawartymi w bazie danych lub niew\u0142a\u015bciwym funkcjonowaniem sieci Internet.<\/span><\/li><li><span style=\"color: #000000;\">Zarz\u0105d DiBuCard zastrzega sobie prawo do zawieszenia\/zablokowania\/usuni\u0119cia konta U\u017cytkownika\/wizyt\u00f3wki\/og\u0142oszenia, kt\u00f3ry \u0142amie kt\u00f3rekolwiek z postanowie\u0144 niniejszego Regulaminu, a w szczeg\u00f3lno\u015bci:<\/span><\/li><li><div id=\"tts_button\"><span style=\"color: #000000;\">\u2013<span id=\"result_box\" lang=\"pl\"><span class=\"hps\">Je\u015bli<\/span> <span class=\"hps\">nowy u\u017cytkownik<\/span> <span class=\"hps\">nie opublikowa\u0142<\/span> informacji <span class=\"hps\">w ci\u0105gu\u00a030 dni<\/span> <span class=\"hps\">kalendarzowych<\/span> <span class=\"hps\">po<\/span> <span class=\"hps\">jego \/<\/span> <span class=\"hps\">jej<\/span> <span class=\"hps\">pocz\u0105tkowej<\/span> <span class=\"hps\">rejestracji.<\/span><\/span><\/span><\/div><\/li><li><span style=\"color: #000000;\">\u2013Wszelkiego rodzaju spam.<\/span><\/li><li><span style=\"color: #000000;\">\u2013Reklama konkurencyjnych serwis\u00f3w.<\/span><\/li><li><span style=\"color: #000000;\">-U\u017cywanie s\u0142\u00f3w powszechnie uznawanych za wulgarne.<\/span><\/li><li><span style=\"color: #000000;\">\u2013Informacje zawieraj\u0105ce tre\u015bci szkodz\u0105ce lub oczerniaj\u0105ce innych u\u017cytkownik\u00f3w\u00a0zbioru DiBuCard lub pracownik\u00f3w firmy lub ich partner\u00f3w.<\/span><\/li><li><span style=\"color: #000000;\">\u2013Informacje lub publikacje\u00a0zawieraj\u0105ce tre\u015bci pornograficzne w ka\u017cdej formie pisemnej lub graficznej (zdj\u0119cia, rysunki, szkice, etc).<\/span><\/li><li><span style=\"color: #000000;\">\u2013Informacje i publikacje kt\u00f3rych tre\u015b\u0107 jest wulgarna,<\/span><\/li><li><span style=\"color: #000000;\">\u2013Informacje i publikacje zawieraj\u0105ce tre\u015bci oraz zdj\u0119cia \u0142ami\u0105ce prawo obowi\u0105zuj\u0105ce w Polsce, Uni Europejskiej ora prawa mi\u0119dzynarodowego.<\/span><\/li><li><span style=\"color: #000000;\">\u2013Informacje obra\u017aliwe, szkaluj\u0105ce.<\/span><\/li><li><span style=\"color: #000000;\">\u2013Informacje nawo\u0142uj\u0105 do przemocy lub nienawi\u015bci na tle narodowo\u015bciowym, rasowym i religijnym, itp.<\/span><\/li><li><span style=\"color: #000000;\">\u2013Informacje reklamuj\u0105ce us\u0142ugi\u00a0lub towary niew\u0142asne jakiegokolwiek rodzaju.<\/span><\/li><li><span style=\"color: #000000;\">\u2013Informacje lub publikacje niezgodne z powszechnie przyj\u0119tymi zasadami Netykiety.<\/span><\/li><li><span style=\"color: #000000;\">\u2013Informacje lub publikacje stoj\u0105ce w sprzeczno\u015bci z polskim prawem i z prawem miedzynarodowym.<\/span><\/li><li><span style=\"color: #000000;\">\u2013Informacje lub publikacje uznane za sprzeczne z zasadami i mogace dzia\u0142a\u0107 na szkode zbioru DiBuCard lub jego u\u017cytkownikow jak rownie\u017c, firmy lub jej partner\u00f3w.<\/span><\/li><li><span style=\"color: #000000;\">-Administracja\u00a0i zarz\u0105d\u00a0DiBuCard\u00a0zastrzega sobie mo\u017cliwo\u015b\u0107 usuwania memoria\u0142\u00f3w niepe\u0142nych, og\u00f3lnikowych i tych o niskiej wiarygodno\u015bci.<\/span><\/li><li><span style=\"color: #000000;\">-Publikacje\u00a0typu Kupno\/S<span id=\"result_box\" class=\"short_text\" lang=\"pl\"><span class=\"hps\">przeda\u017c<\/span><\/span> nie sa dozwolone i administracja katalogu\u00a0 zastrzega sobie mo\u017cliwo\u015b\u0107 usuwania takich publikacji.<\/span><\/li><li><span style=\"color: #000000;\">-Op\u0142ata cz\u0142onkowska upowa\u017cnia ka\u017cdego aktywnego u\u017cytkownika do edycji swoich wizyt\u00f3wek lub wprowadzania nowych, poprawiania ich lub uaktualizowywania. W momencie likwidacji konta i nie anulowania przez u\u017cytkownika\u00a0 swoich\u00a0publikacji, opublikowane materia\u0142y staj\u0105 sie automatycznie w\u0142asno\u015bci\u0105 DiBuCard.<\/span><\/li><li><span style=\"color: #000000;\">-W przypadku z\u0142amania jednego, lub wiecej z w\/w punkt\u00f3w regulaminu,\u00a0zarz\u0105d DiBuCard zastrzega sobie mo\u017cliwo\u015b\u0107:<\/span><\/li><li><span style=\"color: #000000;\">a) wprowadzania indywidualnych ogranicze\u0144 na dost\u0119p do serwisu dla poszczeg\u00f3lnych u\u017cytkownik\u00f3w<\/span><\/li><li><span style=\"color: #000000;\">b) do odst\u0105pienia od publikacji danych teleadresowych firmy<\/span><\/li><li><span style=\"color: #000000;\">c) zablokowania konta u\u017cytkownika jak i\u00a0publikacji do odwolania lub permanentnie.<\/span><\/li><li><span style=\"color: #000000;\">W przypadku z\u0142amania obowi\u0105zuj\u0105cego regulaminu i blokady publikacji, u\u017cytkownik zrzeka si\u0119 jakichkolwiek roszcze\u0144 z tytu\u0142u wniesionej wp\u0142aty.<\/span><\/li><li><span style=\"color: #000000;\">U\u017cytkownik ma prawo odwolania od decyzji zablokowania konta u\u017cytkownika jak i publikacji w formie pisemnej nie p\u00f3\u017aniej jak w 10 dni roboczych od daty zablokowania konta u\u017cytkownika. Odwo\u0142anie musi zostac wys\u0142ane na adres email dibucard@usa.com lub do DiBuCard Customer Service, 1815 W. Charleston Blvd. suite 6., Las Vegas NV 89102, USA. Zarz\u0105d DiBuCard zobowiazuje sie do rozpatrzenia odwo\u0142ania u\u017cytkownika w okresie 30 dni od daty otrzymania odwo\u0142ania. Do czasu rozpatrzenia odwo\u0142ania wszelka dzia\u0142alno\u015b\u0107 i publikacje w zbiorze DiBuCard zostan\u0105 zawieszone.<\/span><\/li><li><span style=\"color: #000000;\">Zarz\u0105d firmy DiBuCard zastrzega sobie prawo do zmiany tre\u015bci niniejszego regulaminu i uruchomienia nowej wersji w ka\u017cdym czasie i bez powiadomienia.<\/span><\/li><li><span style=\"color: #000000;\">Przy z\u0142o\u017conym systemie informatycznym, dzia\u0142aj\u0105cym na tak du\u017c\u0105 skal\u0119 jak w przypadku DiBuCard, mog\u0105 wyst\u0105pi\u0107 awarie techniczne, spowodowane k\u0142opotami ze sprz\u0119tem b\u0105d\u017a oprogramowaniem niezale\u017cnymi od zarz\u0105du. Zarz\u0105d DiBuCard nie ponosi \u017cadnej odpowiedzialno\u015bci za awarie systemu informatycznego i nie zwraca w zwi\u0105zku z tym \u017cadnych poniesionych przez U\u017cytkownik\u00f3w koszt\u00f3w zwi\u0105zanych z wadliwym dzia\u0142aniem portalu.<\/span><\/li><li><span style=\"color: #000000;\">Zarz\u0105d zbioru DiBuCard nie ponosi odpowiedzialno\u015bci za jako\u015b\u0107 danych pochodz\u0105cych z baz danych firm wsp\u00f3\u0142pracuj\u0105cych z serwisem. Dokonuj\u0105c wpisu do bazy u\u017cytkownik akceptuje wszystkie punkty regulaminu.<\/span><\/li><li><span style=\"color: #000000;\">W przypadkach nieuregulowanych w niniejszym regulaminie zastosowanie maj\u0105 przepisy ustawy o ochronie baz danych.<\/span><\/li><\/ol>\t\t\t\t\t\t<\/div>\n\t\t\t\t<\/div>\n\t\t\t\t\t<\/div>\n\t\t<\/div>\n\t\t\t\t\t<\/div>\n\t\t<\/section>\n\t\t\t\t<\/div>\n\t\t","protected":false},"excerpt":{"rendered":"<p>Regulamin korzystania z bazy danych\u00a0witryny cyfrowej wizytowki DiBuCard. Niniejszy regulamin okre\u015bla zasady i warunki korzystania z bazy danych portalu DiBuCard. Serwis DiBuCard jest zarzadz\u0105ny i udostepniony przez firm\u0119 DiBuCard Internatonal, LLC z siedzib\u0105 w Las Vegas, Nevada, U.S.A. \u00a0 Witryna DiBuCard\u00a0upowa\u017cnia u\u017cytkownika serwisu internetowego do korzystania z bazy danych w ograniczonym zakresie wynikaj\u0105cym z tego [&hellip;]<\/p>\n","protected":false},"author":102,"featured_media":0,"parent":0,"menu_order":0,"comment_status":"closed","ping_status":"closed","template":"","meta":{"ngg_post_thumbnail":0,"footnotes":""},"_links":{"self":[{"href":"https:\/\/www.dibucard.com\/dbcpl\/wp-json\/wp\/v2\/pages\/36"}],"collection":[{"href":"https:\/\/www.dibucard.com\/dbcpl\/wp-json\/wp\/v2\/pages"}],"about":[{"href":"https:\/\/www.dibucard.com\/dbcpl\/wp-json\/wp\/v2\/types\/page"}],"author":[{"embeddable":true,"href":"https:\/\/www.dibucard.com\/dbcpl\/wp-json\/wp\/v2\/users\/102"}],"replies":[{"embeddable":true,"href":"https:\/\/www.dibucard.com\/dbcpl\/wp-json\/wp\/v2\/comments?post=36"}],"version-history":[{"count":41,"href":"https:\/\/www.dibucard.com\/dbcpl\/wp-json\/wp\/v2\/pages\/36\/revisions"}],"predecessor-version":[{"id":16751,"href":"https:\/\/www.dibucard.com\/dbcpl\/wp-json\/wp\/v2\/pages\/36\/revisions\/16751"}],"wp:attachment":[{"href":"https:\/\/www.dibucard.com\/dbcpl\/wp-json\/wp\/v2\/media?parent=36"}],"curies":[{"name":"wp","href":"https:\/\/api.w.org\/{rel}","templated":true}]}}