{"id":271,"date":"2018-02-10T19:22:44","date_gmt":"2018-02-10T19:22:44","guid":{"rendered":"https:\/\/www.dibucard.com\/dbcpl\/?page_id=271"},"modified":"2023-07-20T22:33:15","modified_gmt":"2023-07-20T20:33:15","slug":"vip-dla-zwierzat","status":"publish","type":"page","link":"https:\/\/www.dibucard.com\/dbcpl\/vip-dla-zwierzat\/","title":{"rendered":"VIP dla zagubionych zwierz\u0105t"},"content":{"rendered":"\t\t<div data-elementor-type=\"wp-post\" data-elementor-id=\"271\" class=\"elementor elementor-271\">\n\t\t\t\t\t\t<section class=\"elementor-section elementor-top-section elementor-element elementor-element-424e9bc elementor-section-boxed elementor-section-height-default elementor-section-height-default\" data-id=\"424e9bc\" data-element_type=\"section\">\n\t\t\t\t\t\t<div class=\"elementor-container elementor-column-gap-default\">\n\t\t\t\t\t<div class=\"elementor-column elementor-col-100 elementor-top-column elementor-element elementor-element-d9ad0b1\" data-id=\"d9ad0b1\" data-element_type=\"column\">\n\t\t\t<div class=\"elementor-widget-wrap elementor-element-populated\">\n\t\t\t\t\t\t<div class=\"elementor-element elementor-element-d7450cd elementor-widget elementor-widget-text-editor\" data-id=\"d7450cd\" data-element_type=\"widget\" data-widget_type=\"text-editor.default\">\n\t\t\t\t<div class=\"elementor-widget-container\">\n\t\t\t\t\t\t\t<div id=\"gt-c\" class=\"g-section\"><div id=\"gt-form-c\"><form id=\"gt-form\" action=\"\/\" enctype=\"application\/x-www-form-urlencoded\" method=\"post\" name=\"text_form\"><div id=\"gt-text-all\"><div id=\"gt-main\"><div id=\"gt-text-c\"><div id=\"gt-text-top\"><div id=\"gt-res-c\" class=\"g-unit\"><div id=\"gt-res-p\"><div id=\"gt-res-data\"><div id=\"gt-res-wrap\"><div id=\"gt-res-content\"><div id=\"gt-res-dir-ctr\" class=\"trans-verified-button-large\" dir=\"ltr\" style=\"text-align: center;\"><span id=\"result_box\" class=\"short_text\" lang=\"pl\" style=\"font-size: 18pt; color: #99ccff;\"><span style=\"color: #000080;\">Wirtualny profil interaktywny <span id=\"result_box\" class=\"short_text\" lang=\"pl\">dla zagubionych zwierz\u0105t<\/span> &#8211; VIP.<\/span><br \/><\/span><\/div><\/div><\/div><\/div><\/div><\/div><\/div><\/div><\/div><\/div><\/form><\/div><\/div>\t\t\t\t\t\t<\/div>\n\t\t\t\t<\/div>\n\t\t\t\t\t<\/div>\n\t\t<\/div>\n\t\t\t\t\t<\/div>\n\t\t<\/section>\n\t\t\t\t<section class=\"elementor-section elementor-top-section elementor-element elementor-element-f0ddade elementor-section-boxed elementor-section-height-default elementor-section-height-default\" data-id=\"f0ddade\" data-element_type=\"section\">\n\t\t\t\t\t\t<div class=\"elementor-container elementor-column-gap-default\">\n\t\t\t\t\t<div class=\"elementor-column elementor-col-33 elementor-top-column elementor-element elementor-element-33e119c\" data-id=\"33e119c\" data-element_type=\"column\">\n\t\t\t<div class=\"elementor-widget-wrap elementor-element-populated\">\n\t\t\t\t\t\t<div class=\"elementor-element elementor-element-c53451b elementor-widget elementor-widget-heading\" data-id=\"c53451b\" data-element_type=\"widget\" data-widget_type=\"heading.default\">\n\t\t\t\t<div class=\"elementor-widget-container\">\n\t\t\t<h2 class=\"elementor-heading-title elementor-size-default\"><span id=\"result_box\" lang=\"pl\"><span>Dlaczego dobrze jest mie\u0107 P-VIP profil swojego zwierzaka i jak go stworzy\u0107.<\/span><\/span><\/h2>\t\t<\/div>\n\t\t\t\t<\/div>\n\t\t\t\t<div class=\"elementor-element elementor-element-6db9ad9 elementor-widget elementor-widget-text-editor\" data-id=\"6db9ad9\" data-element_type=\"widget\" data-widget_type=\"text-editor.default\">\n\t\t\t\t<div class=\"elementor-widget-container\">\n\t\t\t\t\t\t\t<div><div><form action=\"\/\" enctype=\"application\/x-www-form-urlencoded\" method=\"post\"><div><div><div><div><div><div><div><div><div><div dir=\"ltr\"><span lang=\"pl\" style=\"font-size: 12pt;\"><span style=\"color: #ffffff;\">Najwa\u017cniejsze zalety<\/span><br \/><\/span><\/div><\/div><\/div><div dir=\"ltr\"><div><div><div><div><div><div><div><div><div><div><div><div dir=\"ltr\">\u00a0<\/div><div dir=\"ltr\"><span lang=\"pl\" style=\"color: #99ccff; font-size: 12pt;\"><span title=\"Pet's VIP start working instantly with a simple online setup. \u00a0\u00a0\u00a0\u00a0\"><span style=\"color: #333300;\"><strong>1.<\/strong> VIP zwierzaka zaczyna dzia\u0142a\u0107 natychmiast po utworzeniu dzi\u0119ki prostej konfiguracji online.<\/span><br \/><\/span><span style=\"color: #333300;\"><span title=\"All contact information can be always change or update. \u00a0\u00a0\u00a0\u00a0\"><strong>2.<\/strong> Wszystkie informacje kontaktowe mo\u017cna zawsze zmieni\u0107 lub zaktualizowa\u0107.<br \/><\/span><span title=\"Google interactive map with your pet\u2019s home address and direction how to get there. \u00a0\u00a0\u00a0\u00a0\">Interaktywna mapa Google z adresem domowym Twojego zwierzaka i wskaz\u00f3wkami, jak si\u0119 tam dosta\u0107.<br \/><\/span><span title=\"Pet\u2019s VIP tags never needs any charging to be active. \"><strong>3.<\/strong> Tagi VIP zwierzaka nigdy nie wymagaj\u0105 \u0142adowania.<br \/><\/span><span title=\"You can start your pet's search and lead it direct from your pet's profile, you don't have to count on luck so some stranger will find it. \u00a0\u00a0\u00a0\u00a0\"><strong>4.<\/strong> Mo\u017cesz rozpocz\u0105\u0107 wyszukiwanie swojego zwierzaka i poprowadzi\u0107 je bezpo\u015brednio z profilu zwierzaka, nie musisz liczy\u0107 na szcz\u0119\u015bcie, aby jaki\u015b nieznajomy go znalaz\u0142.<br \/><\/span><span title=\"Interactive tags can work for different pets, just update your pet\u2019s profile.\"><strong>5.<\/strong> Interaktywne tagi mog\u0105 dzia\u0142a\u0107 dla r\u00f3\u017cnych zwierz\u0105t, po prostu zaktualizuj profil swojego zwierzaka. <\/span><span title=\"Everyone who your share your Pet\u2019s VIP with will instantly know how your pet look and where pet got lost. \u00a0\u00a0\u00a0\u00a0\"><br \/><\/span><\/span><\/span><\/div><div dir=\"ltr\"><span style=\"color: #333300; font-size: 12pt;\"><span lang=\"pl\"><span title=\"Everyone who your share your Pet\u2019s VIP with will instantly know how your pet look and where pet got lost. \u00a0\u00a0\u00a0\u00a0\"><strong>6.<\/strong> Ka\u017cdy, komu podasz VIP swojego zwierzaka, natychmiast dowie si\u0119, jak wygl\u0105da\u0142 Tw\u00f3j zwierzak i gdzie <\/span><\/span><span lang=\"pl\"><span title=\"Everyone who your share your Pet\u2019s VIP with will instantly know how your pet look and where pet got lost. \u00a0\u00a0\u00a0\u00a0\"><span lang=\"pl\"><span title=\"Everyone who your share your Pet\u2019s VIP with will instantly know how your pet look and where pet got lost. \u00a0\u00a0\u00a0\u00a0\">si\u0119 <\/span><\/span>zgubi\u0142.<br \/><\/span><span title=\"You are in full control of whole searching activity strait from your pet\u2019s VIP account. \u00a0\u00a0\u00a0\u00a0\"><strong>7.<\/strong> Masz pe\u0142n\u0105 kontrol\u0119 nad ca\u0142\u0105 aktywno\u015bci\u0105 poszukiwawcz\u0105 z konta VIP swojego zwierzaka.<br \/><\/span><span title=\"Person who'll finded your pet just need to scan a tag\u2019s QR code or NFC chip to see whole your pet\u2019s profile. \u00a0\u00a0\u00a0\u00a0\"><strong>8.<\/strong> Osoba, kt\u00f3ra znajdzie twojego zwierzaka, musi tylko zeskanowa\u0107 kod QR lub NFC tag, aby zobaczy\u0107 ca\u0142y profil Twojego zwierzaka.<br \/><\/span><span title=\"Person who'll finded your pet will be just one click away to contact you via phone, text or email. \u00a0\u00a0\u00a0\u00a0\"><strong>9.<\/strong> Osoba, kt\u00f3ra znajdzie Twojego zwierzaka, b\u0119dzie w zasi\u0119gu jednego klikni\u0119cia, aby skontaktowa\u0107 si\u0119 z Tob\u0105 telefonicznie, SMS-em lub e-mailem.<br \/><\/span><span title=\"Person who'll finded your pet can share this good news direct on yours social media platforms such as your facebook page, tweeter etc. \u00a0\u00a0\u00a0\u00a0\"><strong>10.<\/strong> Osoba, kt\u00f3ra znajdzie Twojego zwierzaka, mo\u017ce podzieli\u0107 si\u0119 t\u0105 dobr\u0105 wiadomo\u015bci\u0105 bezpo\u015brednio na twoich platformach spo\u0142eczno\u015bciowych, takich jak twoja strona na Facebooku, tweeter itp.<br \/><\/span><span title=\"Pet\u2019s Finder VIP is compatible with all mobile devices and desktop computers. \u00a0\u00a0\u00a0\u00a0\"><strong>11.<\/strong> Aplikacja Pet&#8217;s Finder VIP jest kompatybilna ze wszystkimi urz\u0105dzeniami mobilnymi i komputerami stacjonarnymi.<\/span><\/span><\/span><\/div><div dir=\"ltr\"><span lang=\"pl\" style=\"color: #333300; font-size: 12pt;\"><span title=\"VIP tags are always active and ready to scan.\"><strong>12.<\/strong> Tagi VIP s\u0105 zawsze aktywne i gotowe do skanowania.<\/span><\/span><\/div><\/div><\/div><\/div><\/div><\/div><\/div><\/div><\/div><\/div><\/div><\/div><\/div><\/div><\/div><\/div><\/div><\/div><\/div><\/div><\/form><\/div><\/div>\t\t\t\t\t\t<\/div>\n\t\t\t\t<\/div>\n\t\t\t\t<div class=\"elementor-element elementor-element-6c95676 elementor-widget elementor-widget-google_maps\" data-id=\"6c95676\" data-element_type=\"widget\" data-widget_type=\"google_maps.default\">\n\t\t\t\t<div class=\"elementor-widget-container\">\n\t\t\t\t\t<div class=\"elementor-custom-embed\">\n\t\t\t<iframe loading=\"lazy\"\n\t\t\t\t\tsrc=\"https:\/\/maps.google.com\/maps?q=marszalkowska%2C%20warszawa%2C%20Poland&#038;t=m&#038;z=10&#038;output=embed&#038;iwloc=near\"\n\t\t\t\t\ttitle=\"marszalkowska, warszawa, Poland\"\n\t\t\t\t\taria-label=\"marszalkowska, warszawa, Poland\"\n\t\t\t><\/iframe>\n\t\t<\/div>\n\t\t\t\t<\/div>\n\t\t\t\t<\/div>\n\t\t\t\t\t<\/div>\n\t\t<\/div>\n\t\t\t\t<div class=\"elementor-column elementor-col-33 elementor-top-column elementor-element elementor-element-1fd7365\" data-id=\"1fd7365\" data-element_type=\"column\">\n\t\t\t<div class=\"elementor-widget-wrap elementor-element-populated\">\n\t\t\t\t\t\t<div class=\"elementor-element elementor-element-74693f9 elementor-widget elementor-widget-heading\" data-id=\"74693f9\" data-element_type=\"widget\" data-widget_type=\"heading.default\">\n\t\t\t\t<div class=\"elementor-widget-container\">\n\t\t\t<h2 class=\"elementor-heading-title elementor-size-default\"><span class=\"short_text\" id=\"result_box\" lang=\"pl\"><span>Co zrobi\u0107, je\u015bli Twoje zwierz\u0119 zaginie.<\/span><\/span><\/h2>\t\t<\/div>\n\t\t\t\t<\/div>\n\t\t\t\t<div class=\"elementor-element elementor-element-b420bb9 elementor-widget elementor-widget-image\" data-id=\"b420bb9\" data-element_type=\"widget\" data-widget_type=\"image.default\">\n\t\t\t\t<div class=\"elementor-widget-container\">\n\t\t\t\t\t\t\t\t\t\t\t\t\t<img fetchpriority=\"high\" decoding=\"async\" width=\"576\" height=\"1024\" src=\"https:\/\/www.dibucard.com\/dbcpl\/wp-content\/uploads\/sites\/30\/2018\/02\/013-576x1024.jpg\" class=\"attachment-large size-large wp-image-281\" alt=\"\" srcset=\"https:\/\/www.dibucard.com\/dbcpl\/wp-content\/uploads\/sites\/30\/2018\/02\/013-576x1024.jpg 576w, https:\/\/www.dibucard.com\/dbcpl\/wp-content\/uploads\/sites\/30\/2018\/02\/013-197x350.jpg 197w, https:\/\/www.dibucard.com\/dbcpl\/wp-content\/uploads\/sites\/30\/2018\/02\/013-281x500.jpg 281w, https:\/\/www.dibucard.com\/dbcpl\/wp-content\/uploads\/sites\/30\/2018\/02\/013-768x1365.jpg 768w, https:\/\/www.dibucard.com\/dbcpl\/wp-content\/uploads\/sites\/30\/2018\/02\/013.jpg 1836w\" sizes=\"(max-width: 576px) 100vw, 576px\" \/>\t\t\t\t\t\t\t\t\t\t\t\t\t<\/div>\n\t\t\t\t<\/div>\n\t\t\t\t<div class=\"elementor-element elementor-element-3115632 elementor-widget elementor-widget-text-editor\" data-id=\"3115632\" data-element_type=\"widget\" data-widget_type=\"text-editor.default\">\n\t\t\t\t<div class=\"elementor-widget-container\">\n\t\t\t\t\t\t\t<div id=\"gt-c\" class=\"g-section\"><div id=\"gt-form-c\"><form id=\"gt-form\" action=\"\/\" enctype=\"application\/x-www-form-urlencoded\" method=\"post\" name=\"text_form\"><div id=\"gt-text-all\"><div id=\"gt-main\"><div id=\"gt-text-c\"><div id=\"gt-text-top\"><div id=\"gt-res-c\" class=\"g-unit\"><div id=\"gt-res-p\"><div id=\"gt-res-data\"><div id=\"gt-res-wrap\"><div id=\"gt-res-content\"><div id=\"gt-res-dir-ctr\" class=\"trans-verified-button-small\" dir=\"ltr\"><p><span id=\"result_box\" lang=\"pl\" style=\"font-size: 12pt; color: #000000;\">1. Zaloguj si\u0119 do VIP-a Twojego zwierzaka na urz\u0105dzeniu mobilnym lub dowolnym dost\u0119pnym w tym momencie komputerze.<\/span><\/p><p><span style=\"color: #000000; font-size: 12pt;\">2. Stw\u00f3rz nagrod\u0119 za znalezienie zwierzaka.<\/span><\/p><p><span style=\"color: #000000; font-size: 12pt;\">3. Sprawd\u017a, zaktualizuj je\u015bli to konieczne i opublikuj zaktualizowany wirtualny profil interakcji Twojego zwierzaka.<\/span><\/p><p><span style=\"color: #000000; font-size: 12pt;\">4. Udost\u0119pnij VIP swojego zwierzaka we wszystkich sieciach spo\u0142eczno\u015bciowych.<\/span><\/p><p><span style=\"color: #000000; font-size: 12pt;\">5. Pytaj, dzwoni\u0105c lub wysy\u0142aj\u0105c SMS-y do wszystkich znajomych, aby udost\u0119pni\u0107 \u0142\u0105cze VIP swojego zwierzaka w swoich sieciach spo\u0142eczno\u015bciowych.<\/span><\/p><p><span style=\"color: #000000; font-size: 12pt;\">6. Popro\u015b wszystkich, aby w ci\u0105gu kilku dni zwr\u00f3cili uwag\u0119 na wiadomo\u015bci dotycz\u0105ce twojego zagubionego zwierzaka.<\/span><\/p><p><span style=\"color: #000000; font-size: 12pt;\">7. B\u0105d\u017a czujny i uwa\u017caj na tekst, po\u0142\u0105czenie lub wiadomo\u015b\u0107 pochodz\u0105c\u0105 od nieznanego nadawcy o swoim zwierzaku.<\/span><\/p><p><span style=\"color: #000000; font-size: 12pt;\">8. Po znalezieniu Twojego zwierzaka znalazca ma dost\u0119p do wszystkich informacji na temat VIP Twojego zwierzaka.<\/span><\/p><p><span style=\"color: #000000; font-size: 12pt;\">9. On lub ona mo\u017ce natychmiast powiadomi\u0107 Ci\u0119 przez SMS, e-mail lub telefon lub w mediach spo\u0142eczno\u015bciowych o znalezieniu twojego zwierzaka.<\/span><span id=\"t-served-community-button\" class=\"trans-verified-button goog-toolbar-button\" role=\"button\" aria-hidden=\"true\"><\/span><\/p><\/div><\/div><\/div><\/div><\/div><\/div><\/div><\/div><\/div><\/div><\/form><\/div><\/div>\t\t\t\t\t\t<\/div>\n\t\t\t\t<\/div>\n\t\t\t\t\t<\/div>\n\t\t<\/div>\n\t\t\t\t<div class=\"elementor-column elementor-col-33 elementor-top-column elementor-element elementor-element-c40f7f1\" data-id=\"c40f7f1\" data-element_type=\"column\">\n\t\t\t<div class=\"elementor-widget-wrap elementor-element-populated\">\n\t\t\t\t\t\t<div class=\"elementor-element elementor-element-abc1f49 elementor-widget elementor-widget-heading\" data-id=\"abc1f49\" data-element_type=\"widget\" data-widget_type=\"heading.default\">\n\t\t\t\t<div class=\"elementor-widget-container\">\n\t\t\t<h2 class=\"elementor-heading-title elementor-size-default\"><span id=\"result_box\" lang=\"pl\"><span>Posiadanie zwierzaka to wspania\u0142e uczucie, wi\u0119c jego utrata mo\u017ce by\u0107 bolesna.<\/span><\/span><\/h2>\t\t<\/div>\n\t\t\t\t<\/div>\n\t\t\t\t<div class=\"elementor-element elementor-element-aa1b040 elementor-widget elementor-widget-text-editor\" data-id=\"aa1b040\" data-element_type=\"widget\" data-widget_type=\"text-editor.default\">\n\t\t\t\t<div class=\"elementor-widget-container\">\n\t\t\t\t\t\t\t<div><div><form action=\"\/\" enctype=\"application\/x-www-form-urlencoded\" method=\"post\"><div><div><div><div><div><div><div><div><div><div dir=\"ltr\"><p><span style=\"color: #000000; font-size: 12pt;\"><span lang=\"pl\">Us<\/span><span lang=\"pl\"><span lang=\"pl\">\u0142<\/span>uga Virtual Interactive Profile Twojego zwierzaka z DiBuCard zapewnia dodatkow\u0105 szanse, dzi\u0119ki kt\u00f3rej znalezienie zwierzaka staje si\u0119 \u0142atwiejsze i szybsze.<\/span><\/span><\/p><p><span style=\"color: #000000; font-size: 12pt;\">Po rejestracji wszystko, co musisz zrobi\u0107, to stworzy\u0107 wirtualny interaktywny profil twojego zwierzaka (PVIP). Jest to \u0142atwy i bardzo prosty proces. Wystarczy wpisa\u0107 wszystkie niezb\u0119dne informacje, jak si\u0119 z Tob\u0105 skontaktowa\u0107 w przypadku zgubienia zwierzaka, co jest konieczne a co niejest wskazane z medycznego punktu Twojego zwierzaka, itp. Wi\u0119cej informacji podasz, szybszy i bezpieczniejszy b\u0119dzie proces.<br \/><\/span><\/p><p><span style=\"font-size: 12pt; color: #000000;\">Mo\u017cesz r\u00f3wnie\u017c wstawi\u0107 najbardziej aktualne zdj\u0119cie swojego zwierzaka lub klip wideo, aby proces wyszukiwania by\u0142 jak najprostszy. Gdy to zrobisz, wydamy unikalne zakodowane tagi dla Twojego pupila i wy\u015blemy je na adres podany przez Ciebie (prosimy pozwoli\u0107 na 2 tygodnie na przybycie tag\u00f3w VIP Twojego zwierzaka). <br \/><\/span><\/p><p><span style=\"font-size: 12pt; color: #000000;\">Tagi VIP Twojego zwierzaka maj\u0105 zaprogramowan\u0105 technologi\u0119 NFC i \u0142\u0105cz\u0105 si\u0119 bezpo\u015brednio z wirtualnym interaktywnym profilem Twojego zwierzaka na stronie DiBuCard.<\/span><\/p><p><span style=\"color: #000000; font-size: 12pt;\">Ka\u017cdy P-VIP tag ma r\u00f3wnie\u017c wydrukowany kod QR kt\u00f3ry jest zaprogramowany z tymi samymi informacjami, co chip NFC.<\/span><\/p><p><span style=\"color: #000000; font-size: 12pt;\"><span lang=\"pl\">W przypadku zmiany niekt\u00f3rych informacji kontaktowych (adresu, numeru telefonu itp.), Mo\u017cesz ja\u00a0 zawsze zaktualizow<\/span><span lang=\"pl\"><span lang=\"pl\">\u0107<\/span> przez tyle razy, ile to konieczne.<\/span><\/span><\/p><p><span style=\"color: #000000; font-size: 12pt;\">Interaktywne tagi Twojego zwierzaka mog\u0105 dzia\u0142a\u0107 dla r\u00f3\u017cnych zwierz\u0105t, nie tylko dla tego pocz\u0105tkowo stworzonego. Po prostu zaktualizuj profil P-VIP swojego zwierzaka i opublikuj go.<\/span><\/p><p><span style=\"color: #000000; font-size: 12pt;\">Gdy opublikujesz go, program natychmiast zaktualizuje linki do ka\u017cdego stworzonego przez wcze<span lang=\"pl\"><span lang=\"pl\">\u015b<\/span>niej tagu P-VIP do aktualnych informacji<\/span><\/span><\/p><p><span style=\"color: #000000; font-size: 12pt;\">Je\u015bli Twoje zwierz\u0119 zaginie, mo\u017cesz udost\u0119pni\u0107 Wirtualny Profil Interaktywny zaginionego zwierzaka rodzinie, znajomym i s\u0105siadom przez telefon, tekst lub za po\u015brednictwem medi\u00f3w spo\u0142eczno\u015bciowych bezpo\u015brednio z w\u0142asnego urz\u0105dzenia mobilnego. <\/span><\/p><p><span style=\"color: #000000; font-size: 12pt;\"><span lang=\"pl\">Mo\u017cesz rozpocza\u0107 ca\u0142\u0105 akcj\u0119 poszukiwawcz<\/span><span lang=\"pl\"><span lang=\"pl\">\u0105<\/span> a nast<\/span><span lang=\"pl\"><span lang=\"pl\">\u0119<\/span>pnie ni<\/span><span lang=\"pl\"><span lang=\"pl\">\u0105<\/span> kierowa<\/span><span lang=\"pl\"><span lang=\"pl\">\u0107<\/span> w u\u0142amku sekundy i a<\/span><span lang=\"pl\"><span lang=\"pl\">\u017c<\/span> do skutku.<\/span><\/span><\/p><\/div><\/div><\/div><\/div><\/div><\/div><\/div><\/div><\/div><\/div><\/form><\/div><\/div>\t\t\t\t\t\t<\/div>\n\t\t\t\t<\/div>\n\t\t\t\t\t<\/div>\n\t\t<\/div>\n\t\t\t\t\t<\/div>\n\t\t<\/section>\n\t\t\t\t<\/div>\n\t\t","protected":false},"excerpt":{"rendered":"<p>Wirtualny profil interaktywny dla zagubionych zwierz\u0105t &#8211; VIP. Dlaczego dobrze jest mie\u0107 P-VIP profil swojego zwierzaka i jak go stworzy\u0107. Najwa\u017cniejsze zalety\u00a01. VIP zwierzaka zaczyna dzia\u0142a\u0107 natychmiast po utworzeniu dzi\u0119ki prostej konfiguracji online.2. Wszystkie informacje kontaktowe mo\u017cna zawsze zmieni\u0107 lub zaktualizowa\u0107.Interaktywna mapa Google z adresem domowym Twojego zwierzaka i wskaz\u00f3wkami, jak si\u0119 tam dosta\u0107.3. Tagi [&hellip;]<\/p>\n","protected":false},"author":102,"featured_media":0,"parent":0,"menu_order":0,"comment_status":"closed","ping_status":"closed","template":"","meta":{"ngg_post_thumbnail":0,"footnotes":""},"_links":{"self":[{"href":"https:\/\/www.dibucard.com\/dbcpl\/wp-json\/wp\/v2\/pages\/271"}],"collection":[{"href":"https:\/\/www.dibucard.com\/dbcpl\/wp-json\/wp\/v2\/pages"}],"about":[{"href":"https:\/\/www.dibucard.com\/dbcpl\/wp-json\/wp\/v2\/types\/page"}],"author":[{"embeddable":true,"href":"https:\/\/www.dibucard.com\/dbcpl\/wp-json\/wp\/v2\/users\/102"}],"replies":[{"embeddable":true,"href":"https:\/\/www.dibucard.com\/dbcpl\/wp-json\/wp\/v2\/comments?post=271"}],"version-history":[{"count":26,"href":"https:\/\/www.dibucard.com\/dbcpl\/wp-json\/wp\/v2\/pages\/271\/revisions"}],"predecessor-version":[{"id":14552,"href":"https:\/\/www.dibucard.com\/dbcpl\/wp-json\/wp\/v2\/pages\/271\/revisions\/14552"}],"wp:attachment":[{"href":"https:\/\/www.dibucard.com\/dbcpl\/wp-json\/wp\/v2\/media?parent=271"}],"curies":[{"name":"wp","href":"https:\/\/api.w.org\/{rel}","templated":true}]}}