{"id":2503,"date":"2020-11-18T01:51:54","date_gmt":"2020-11-18T01:51:54","guid":{"rendered":"https:\/\/www.dibucard.com\/dbcpl\/?page_id=2503"},"modified":"2022-12-30T18:00:23","modified_gmt":"2022-12-30T17:00:23","slug":"zasady-prywatnosci","status":"publish","type":"page","link":"https:\/\/www.dibucard.com\/dbcpl\/zasady-prywatnosci\/","title":{"rendered":"Zasady prywatno\u015bci"},"content":{"rendered":"\t\t<div data-elementor-type=\"wp-page\" data-elementor-id=\"2503\" class=\"elementor elementor-2503\">\n\t\t\t\t\t\t<section class=\"elementor-section elementor-top-section elementor-element elementor-element-e899f91 elementor-section-boxed elementor-section-height-default elementor-section-height-default\" data-id=\"e899f91\" data-element_type=\"section\">\n\t\t\t\t\t\t<div class=\"elementor-container elementor-column-gap-default\">\n\t\t\t\t\t<div class=\"elementor-column elementor-col-100 elementor-top-column elementor-element elementor-element-9ed2033\" data-id=\"9ed2033\" data-element_type=\"column\" data-settings=\"{&quot;background_background&quot;:&quot;classic&quot;}\">\n\t\t\t<div class=\"elementor-widget-wrap elementor-element-populated\">\n\t\t\t\t\t\t<div class=\"elementor-element elementor-element-beb8d59 elementor-widget elementor-widget-text-editor\" data-id=\"beb8d59\" data-element_type=\"widget\" data-widget_type=\"text-editor.default\">\n\t\t\t\t<div class=\"elementor-widget-container\">\n\t\t\t\t\t\t\t<p><span style=\"color: #000000;\">MIESZKA\u0143CY EUROPY: PRAWA DO PRYWATNO\u015aCI I MI\u0118DZYNARODOWE PRZEKAZYWANIE DANYCH<\/span><\/p><p><span style=\"color: #000000;\">Je\u015bli jeste\u015b mieszka\u0144cem Europy, masz prawo dost\u0119pu do swoich danych osobowych oraz prawo do \u017c\u0105dania ich poprawienia, aktualizacji lub usuni\u0119cia. Mo\u017cesz sprzeciwi\u0107 si\u0119 przetwarzaniu twoich danych osobowych, poprosi\u0107 nas o ograniczenie przetwarzania twoich danych osobowych i za\u017c\u0105da\u0107 przeniesienia twoich danych osobowych. Podobnie, je\u015bli zebrali\u015bmy i przetworzyli\u015bmy Twoje dane osobowe za Twoj\u0105 zgod\u0105, mo\u017cesz wycofa\u0107 swoj\u0105 zgod\u0119 w dowolnym momencie. Wycofanie zgody nie wp\u0142ynie na zgodno\u015b\u0107 z prawem przetwarzania, kt\u00f3rego dokonali\u015bmy przed wycofaniem, ani na przetwarzanie Twoich danych osobowych w oparciu o podstaw\u0119 prawn\u0105 innego ni\u017c zgoda. Us\u0142uga zasadniczo zapewnia rozs\u0105dne sposoby przegl\u0105dania i zmiany informacji o profilu, a u\u017cytkownik mo\u017ce w dowolnym momencie zrezygnowa\u0107 z otrzymywania komunikat\u00f3w marketingowych, klikaj\u0105c \u0142\u0105cze \u201eanuluj subskrypcj\u0119\u201d lub \u201erezygnacja\u201d w marketingowych wiadomo\u015bciach e-mail, kt\u00f3re wysy\u0142amy lub w ustawieniach konta. Je\u015bli masz jakiekolwiek pytania lub uwagi dotycz\u0105ce przetwarzania Twoich danych osobowych, mo\u017cesz skontaktowa\u0107 si\u0119 z nami poprzez adres email dibucard@usa.com. Nale\u017cy pami\u0119ta\u0107, \u017ce je\u015bli jeste\u015b mieszka\u0144cem Europy, \u201eadministratorem danych\u201d odpowiedzialnym za ochron\u0119 Twoich danych osobowych zwi\u0105zanych z Us\u0142ug\u0105 DiBuCard.com jest sp\u00f3\u0142ka z ograniczon\u0105 odpowiedzialno\u015bci\u0105 DiBuCard International LLC za\u0142o\u017cona i dzia\u0142aj\u0105ca w Stanach Zjednoczonych Ameryki P\u00f3\u0142nocnej w stanie Nevada.<\/span><\/p><p><span style=\"color: #000000;\">W przypadku mieszka\u0144c\u00f3w Europy nale\u017cy pami\u0119ta\u0107, \u017ce dane osobowe, kt\u00f3re otrzymujemy od Ciebie lub na Tw\u00f3j temat, mog\u0105 by\u0107 przekazywane, przetwarzane i przechowywane poza EOG w Szwajcarii w celach opisanych w niniejszej Polityce prywatno\u015bci, w tym w Stanach Zjednoczonych. Powa\u017cnie traktujemy prywatno\u015b\u0107 naszych u\u017cytkownik\u00f3w i dlatego podejmujemy kroki w celu ochrony Twoich informacji, w tym zapewniaj\u0105c odpowiedni poziom ochrony danych zgodnie z Unijnymi standardami obowi\u0105zuj\u0105cymi na dzie\u0144 dzisiejszy. Kroki te obejmuj\u0105 wykorzystanie standard\u00f3w ustalonych przez Komisj\u0119 Europejsk\u0105 do przekazywania danych osobowych zgodnie z przepisami Unii Europejskiej o ochronie danych.<\/span><\/p><p><span style=\"color: #000000;\">\u017beby zapozna\u0107 sie z ca\u0142o\u015bci\u0105 Zasad Prywatno\u015bci prosimy <strong><a style=\"color: #000000;\" href=\"https:\/\/www.dibucard.com\/privacy\/\" target=\"_blank\" rel=\"noopener\">klikn\u0105\u0107 tutaj.<\/a><\/strong><\/span><\/p><p><span style=\"color: #000000;\">Zeby zapoznac sie z ciasteczkami <strong><a style=\"color: #000000;\" href=\"https:\/\/www.dibucard.com\/cookie-statement\/\" target=\"_blank\" rel=\"noopener\">kliknij tutaj<\/a><\/strong><\/span><\/p>\t\t\t\t\t\t<\/div>\n\t\t\t\t<\/div>\n\t\t\t\t\t<\/div>\n\t\t<\/div>\n\t\t\t\t\t<\/div>\n\t\t<\/section>\n\t\t\t\t<\/div>\n\t\t","protected":false},"excerpt":{"rendered":"<p>MIESZKA\u0143CY EUROPY: PRAWA DO PRYWATNO\u015aCI I MI\u0118DZYNARODOWE PRZEKAZYWANIE DANYCH Je\u015bli jeste\u015b mieszka\u0144cem Europy, masz prawo dost\u0119pu do swoich danych osobowych oraz prawo do \u017c\u0105dania ich poprawienia, aktualizacji lub usuni\u0119cia. Mo\u017cesz sprzeciwi\u0107 si\u0119 przetwarzaniu twoich danych osobowych, poprosi\u0107 nas o ograniczenie przetwarzania twoich danych osobowych i za\u017c\u0105da\u0107 przeniesienia twoich danych osobowych. Podobnie, je\u015bli zebrali\u015bmy i przetworzyli\u015bmy [&hellip;]<\/p>\n","protected":false},"author":102,"featured_media":0,"parent":0,"menu_order":0,"comment_status":"closed","ping_status":"closed","template":"","meta":{"ngg_post_thumbnail":0,"footnotes":""},"_links":{"self":[{"href":"https:\/\/www.dibucard.com\/dbcpl\/wp-json\/wp\/v2\/pages\/2503"}],"collection":[{"href":"https:\/\/www.dibucard.com\/dbcpl\/wp-json\/wp\/v2\/pages"}],"about":[{"href":"https:\/\/www.dibucard.com\/dbcpl\/wp-json\/wp\/v2\/types\/page"}],"author":[{"embeddable":true,"href":"https:\/\/www.dibucard.com\/dbcpl\/wp-json\/wp\/v2\/users\/102"}],"replies":[{"embeddable":true,"href":"https:\/\/www.dibucard.com\/dbcpl\/wp-json\/wp\/v2\/comments?post=2503"}],"version-history":[{"count":9,"href":"https:\/\/www.dibucard.com\/dbcpl\/wp-json\/wp\/v2\/pages\/2503\/revisions"}],"predecessor-version":[{"id":12155,"href":"https:\/\/www.dibucard.com\/dbcpl\/wp-json\/wp\/v2\/pages\/2503\/revisions\/12155"}],"wp:attachment":[{"href":"https:\/\/www.dibucard.com\/dbcpl\/wp-json\/wp\/v2\/media?parent=2503"}],"curies":[{"name":"wp","href":"https:\/\/api.w.org\/{rel}","templated":true}]}}