{"id":21,"date":"2017-11-30T18:27:52","date_gmt":"2017-11-30T18:27:52","guid":{"rendered":"https:\/\/www.dibucard.com\/dbcpl\/?page_id=21"},"modified":"2023-11-05T17:54:46","modified_gmt":"2023-11-05T16:54:46","slug":"zapisz-sie","status":"publish","type":"page","link":"https:\/\/www.dibucard.com\/dbcpl\/zapisz-sie\/","title":{"rendered":"Zapisz si\u0119"},"content":{"rendered":"\t\t<div data-elementor-type=\"wp-page\" data-elementor-id=\"21\" class=\"elementor elementor-21\">\n\t\t\t\t\t\t<section class=\"elementor-section elementor-top-section elementor-element elementor-element-7a72fe6 elementor-section-boxed elementor-section-height-default elementor-section-height-default\" data-id=\"7a72fe6\" data-element_type=\"section\">\n\t\t\t\t\t\t<div class=\"elementor-container elementor-column-gap-default\">\n\t\t\t\t\t<div class=\"elementor-column elementor-col-33 elementor-top-column elementor-element elementor-element-c5fa014\" data-id=\"c5fa014\" data-element_type=\"column\">\n\t\t\t<div class=\"elementor-widget-wrap elementor-element-populated\">\n\t\t\t\t\t\t<div class=\"elementor-element elementor-element-1caf92f elementor-widget elementor-widget-text-editor\" data-id=\"1caf92f\" data-element_type=\"widget\" data-widget_type=\"text-editor.default\">\n\t\t\t\t<div class=\"elementor-widget-container\">\n\t\t\t\t\t\t\t<p><span style=\"color: #000000;\">Cyfrowa wizyt\u00f3wka VIP (Wirtualny Interaktywny Profil), to unikalny produkt, s\u0142u\u017c\u0105cy do promocji i marketingu twojej firmy, us\u0142ugi, produktu, czy te\u017c ka\u017cdego innego podmiotu, kt\u00f3ry potrzebujesz rozpowszechnia\u0107, reklamowa\u0107 i popularyzowa\u0107. Mo\u017ce s\u0142u\u017cy\u0107 osobom indywidualnym, lub firmom czy te\u017c organizacjom, kt\u00f3rych cz\u0142onkowie b\u0119d\u0105 si\u0119 pos\u0142ugiwa\u0107 kart\u0105 VIP, w celu propagowania swojej instytucji. Ka\u017cdy, kto zdecyduje si\u0119 na posiadanie i u\u017cywanie wizyt\u00f3wki z DiBuCard opr\u00f3cz dost\u0119pu do wszystkich jej mo\u017cliwo\u015bci technicznych ma jeszcze jedn\u0105 dodatkow\u0105 i bardzo unikaln\u0105 opcj\u0119.<\/span><\/p><p><span style=\"color: #000000;\">Poprzez popularyzacje w\u0142asnej organizacji lub siebie przy pomocy karty z DiBuCard, mo\u017ce jednocze\u015bnie zarabia\u0107 dodatkowy doch\u00f3d w postaci wp\u0142yw\u00f3w pasywnych. Ta unikalna opcja jest dost\u0119pna ekskluzywnie TYLKO w firmie DiBuCard. Jej dzia\u0142anie jest automatyczne i wi\u0105\u017ce si\u0119 bezpo\u015brednio z podstawow\u0105 funkcj\u0105 ka\u017cdej wizyt\u00f3wki, jak\u0105 jest jej rozdawanie. Popularyzuj\u0105c w\u0142asn\u0105 firm\u0119 lub organizacje, mo\u017cesz jednocze\u015bnie zarabia\u0107 doch\u00f3d pasywny. Jest to opcja dodatkowa ca\u0142kowicie wliczona w koszt abonamentu wizyt\u00f3wki, tylko dla tych, kt\u00f3rzy taki doch\u00f3d chc\u0105 tworzy\u0107.<\/span><\/p>\t\t\t\t\t\t<\/div>\n\t\t\t\t<\/div>\n\t\t\t\t\t<\/div>\n\t\t<\/div>\n\t\t\t\t<div class=\"elementor-column elementor-col-33 elementor-top-column elementor-element elementor-element-bc336c3\" data-id=\"bc336c3\" data-element_type=\"column\">\n\t\t\t<div class=\"elementor-widget-wrap elementor-element-populated\">\n\t\t\t\t\t\t<div class=\"elementor-element elementor-element-a5f9af2 elementor-widget elementor-widget-text-editor\" data-id=\"a5f9af2\" data-element_type=\"widget\" data-widget_type=\"text-editor.default\">\n\t\t\t\t<div class=\"elementor-widget-container\">\n\t\t\t\t\t\t\t<p><span style=\"color: #000000;\">System DiBuCard, b\u0119dzie konsolidowa\u0142 wszystkie wp\u0142ywy z rachunk\u00f3w tych, kt\u00f3rzy posiadaj\u0105 op\u0142acone abonamenty wizyt\u00f3wki VIP w grupie, kt\u00f3r\u0105 stworzy\u0142e\u015b. Rachunki te, b\u0119d\u0105 przeliczane i odpowiednia kwota b\u0119dzie wp\u0142ywa\u0107 na Twoje konto bankowe. B\u0119dzie si\u0119 to dzia\u0142o automatycznie co miesi\u0105c, bez wk\u0142adu Twojego czasu i pracy. To jest doch\u00f3d pasywny, kt\u00f3ry w\u0142a\u015bnie wypracowa\u0142e\u015b. Twoja jednorazowa praca w postaci utworzenia dla siebie wizyt\u00f3wki VIP i zaproponowania 4 abonament\u00f3w innym uruchomi\u0142o proces tworzenia dochodu pasywnego. Zapro\u015b ich teraz do wsp\u00f3\u0142pracy, a tw\u00f3j doch\u00f3d zacznie si\u0119 powi\u0119ksza\u0107.<\/span><\/p><p><span style=\"color: #000000;\">Im wi\u0119cej klient\u00f3w wykupi dla siebie us\u0142ug\u0119 cyfrowej wizyt\u00f3wki DiBuCard, tym wi\u0119kszy b\u0119dzie Tw\u00f3j doch\u00f3d pasywny. Dla ciebie nie ma znaczenia, czy klienci DiBuCard realizuj\u0105 plan iSKRA, czy nie. Je\u015bli op\u0142acaj\u0105 swoje rachunki za kart\u0119 VIP, Ty b\u0119dziesz z tego zarabia\u0142, a poniewa\u017c us\u0142uga jest op\u0142acana ka\u017cdego miesi\u0105ca, wi\u0119c twoje wp\u0142ywy pasywne, r\u00f3wnie\u017c b\u0119d\u0105 wp\u0142ywa\u0107 na Twoje konto w banku ka\u017cdego miesi\u0105ca. Proces ten, b\u0119dzie si\u0119 systematycznie powtarza\u0142 tak d\u0142ugo, jak d\u0142ugo ci klienci firmy DiBuCard, b\u0119d\u0105 korzysta\u0107 z us\u0142ugi cyfrowej wizyt\u00f3wki VIP. Maj\u0105 oni trzy bardzo silne powody, \u017ceby op\u0142aca\u0107 swoj\u0105 us\u0142ug\u0119 karty VIP, s\u0105 to:<\/span><\/p>\t\t\t\t\t\t<\/div>\n\t\t\t\t<\/div>\n\t\t\t\t\t<\/div>\n\t\t<\/div>\n\t\t\t\t<div class=\"elementor-column elementor-col-33 elementor-top-column elementor-element elementor-element-5757df4\" data-id=\"5757df4\" data-element_type=\"column\">\n\t\t\t<div class=\"elementor-widget-wrap elementor-element-populated\">\n\t\t\t\t\t\t<div class=\"elementor-element elementor-element-cb1b173 elementor-widget elementor-widget-text-editor\" data-id=\"cb1b173\" data-element_type=\"widget\" data-widget_type=\"text-editor.default\">\n\t\t\t\t<div class=\"elementor-widget-container\">\n\t\t\t\t\t\t\t<p><span style=\"color: #000000;\">1.<b>Pierwszy, <\/b>to nowoczesno\u015b\u0107, unikalno\u015b\u0107 i wszechstronno\u015b\u0107 u\u017cycia wizyt\u00f3wki VIP. Jej mo\u017cliwo\u015bci promowania biznesu lub produktu, pasji, tw\u00f3rczo\u015bci, pomocy innym s\u0105 niepor\u00f3wnywalne z konwencjonaln\u0105 kart\u0105 biznesow\u0105. Jest to produkt z przysz\u0142o\u015bci\u0105 dla m\u0142odych i nowoczesnych przedsi\u0119biorc\u00f3w, ale te\u017c dla do\u015bwiadczonych ludzi biznesu.<\/span><\/p><p><span style=\"color: #000000;\">2.<b>Drugi,<\/b> to dost\u0119pno\u015b\u0107 us\u0142ugi DiBuCard. Jej zasi\u0119g jest og\u00f3lno\u015bwiatowy, przekazywanie b\u0142yskawiczne, aktualizacja poprzez klikni\u0119cie, a koszt minimalny.<\/span><\/p><p><span style=\"color: #000000;\">3.<b>Trzeci <\/b>pow\u00f3d, to mo\u017cliwo\u015b\u0107 utworzenia dochodu pasywnego, na bazie posiadania wizyt\u00f3wki z DiBuCard. Promujesz w\u0142asny biznes a robi\u0105c to, zarabiasz pasywnie.<\/span><\/p><p><span style=\"color: #000000;\">S\u0105 to trzy pot\u0119\u017cne przyczyny, dla kt\u00f3rych posiadanie wizyt\u00f3wki VIP ma sens. To z kolei, jest jednoznaczne z tym, \u017ce je\u017celi podejmiesz w\u0142a\u015bciwe decyzji i wykonasz konieczne czynno\u015bci, tw\u00f3j doch\u00f3d pasywny b\u0119dzie zawsze wp\u0142ywa\u0142 na twoje konto w banku i si\u0119 powi\u0119ksza\u0142.<\/span><\/p><p><span style=\"color: #000000;\">Z wizyt\u00f3wk\u0105 z DiBuCard nie mo\u017cesz przegra\u0107, z DiBuCard jeste\u015b zawsze wygrany!<\/span><\/p><p><span style=\"color: #000000;\">Wsp\u00f3lnie jeste\u015bmy <b>NIESAMOWICI!<\/b><\/span><\/p>\t\t\t\t\t\t<\/div>\n\t\t\t\t<\/div>\n\t\t\t\t\t<\/div>\n\t\t<\/div>\n\t\t\t\t\t<\/div>\n\t\t<\/section>\n\t\t\t\t<section class=\"elementor-section elementor-top-section elementor-element elementor-element-42a26a8 elementor-section-boxed elementor-section-height-default elementor-section-height-default\" data-id=\"42a26a8\" data-element_type=\"section\">\n\t\t\t\t\t\t<div class=\"elementor-container elementor-column-gap-default\">\n\t\t\t\t\t<div class=\"elementor-column elementor-col-100 elementor-top-column elementor-element elementor-element-17a46af\" data-id=\"17a46af\" data-element_type=\"column\">\n\t\t\t<div class=\"elementor-widget-wrap elementor-element-populated\">\n\t\t\t\t\t\t<div class=\"elementor-element elementor-element-9fcfe27 elementor-widget elementor-widget-text-editor\" data-id=\"9fcfe27\" data-element_type=\"widget\" data-widget_type=\"text-editor.default\">\n\t\t\t\t<div class=\"elementor-widget-container\">\n\t\t\t\t\t\t\t<p><span style=\"font-size: 12pt; color: #000000;\">Prosimy klikn\u0105\u0107 napis <a style=\"color: #000000;\" href=\"https:\/\/www.dibucard.com\/dbcpl\/signupcommunity.php\">\u201eChc\u0119 si\u0119 zarejestrowa\u0107&#8230;\u201d<\/a>. System przeniesie ci\u0119 do cz\u0119\u015bci op\u0142aty. Nale\u017cy wype\u0142ni\u0107 konieczne pola, wybra\u0107 has\u0142o i wykupi\u0107 dla siebie abonament. Od tego dnia Twoje cz\u0142onkostwo w systemie DiBuCard b\u0119dzie op\u0142acane automatycznie ka\u017cdego miesi\u0105ca. System b\u0119dzie pobiera\u0142 op\u0142at\u0119 z twojej karty p\u0142atniczej (VISA, MasterCard, itp), w ka\u017cd\u0105 rocznic\u0119 dnia Twojej pierwszej rejestracji. Prosimy pami\u0119ta\u0107, \u017ce Twoja rejestracja jest bez kontraktowa i swoje cz\u0142onkostwo mo\u017cesz anulowa\u0107 w ka\u017cdej chwili. Jednak\u017ce <strong>raz op\u0142acona op\u0142ata miesi\u0119czna, nie mo\u017ce by\u0107 zwr\u00f3cona. <\/strong><\/span><\/p><p><span style=\"font-size: 14pt; color: #ccffcc;\"><span style=\"color: #000000; font-size: 12pt;\">Dzi\u0119kujemy i witamy w \u015awiecie DiBuCard. \u017beby wykupi\u0107 abonament karty VIP, kliknij na poni\u017cszy guzik.<\/span><br \/><\/span><\/p>\t\t\t\t\t\t<\/div>\n\t\t\t\t<\/div>\n\t\t\t\t\t<\/div>\n\t\t<\/div>\n\t\t\t\t\t<\/div>\n\t\t<\/section>\n\t\t\t\t<section class=\"elementor-section elementor-top-section elementor-element elementor-element-85b5548 elementor-section-boxed elementor-section-height-default elementor-section-height-default\" data-id=\"85b5548\" data-element_type=\"section\">\n\t\t\t\t\t\t<div class=\"elementor-container elementor-column-gap-default\">\n\t\t\t\t\t<div class=\"elementor-column elementor-col-100 elementor-top-column elementor-element elementor-element-522370b\" data-id=\"522370b\" data-element_type=\"column\">\n\t\t\t<div class=\"elementor-widget-wrap elementor-element-populated\">\n\t\t\t\t\t\t<div class=\"elementor-element elementor-element-28d3bd8 elementor-widget elementor-widget-button\" data-id=\"28d3bd8\" data-element_type=\"widget\" data-widget_type=\"button.default\">\n\t\t\t\t<div class=\"elementor-widget-container\">\n\t\t\t\t\t<div class=\"elementor-button-wrapper\">\n\t\t\t<a class=\"elementor-button elementor-button-link elementor-size-sm\" href=\"https:\/\/www.dibucard.com\/dbcpl\/signupcommunity.php\">\n\t\t\t\t\t\t<span class=\"elementor-button-content-wrapper\">\n\t\t\t\t\t\t\t\t\t<span class=\"elementor-button-text\">Chc\u0119 si\u0119 zarejestrowa\u0107 i wykupi\u0107 abonament wirtualnej wizyt\u00f3wki, karty VIP.<\/span>\n\t\t\t\t\t<\/span>\n\t\t\t\t\t<\/a>\n\t\t<\/div>\n\t\t\t\t<\/div>\n\t\t\t\t<\/div>\n\t\t\t\t\t<\/div>\n\t\t<\/div>\n\t\t\t\t\t<\/div>\n\t\t<\/section>\n\t\t\t\t<\/div>\n\t\t","protected":false},"excerpt":{"rendered":"<p>Cyfrowa wizyt\u00f3wka VIP (Wirtualny Interaktywny Profil), to unikalny produkt, s\u0142u\u017c\u0105cy do promocji i marketingu twojej firmy, us\u0142ugi, produktu, czy te\u017c ka\u017cdego innego podmiotu, kt\u00f3ry potrzebujesz rozpowszechnia\u0107, reklamowa\u0107 i popularyzowa\u0107. Mo\u017ce s\u0142u\u017cy\u0107 osobom indywidualnym, lub firmom czy te\u017c organizacjom, kt\u00f3rych cz\u0142onkowie b\u0119d\u0105 si\u0119 pos\u0142ugiwa\u0107 kart\u0105 VIP, w celu propagowania swojej instytucji. Ka\u017cdy, kto zdecyduje si\u0119 na [&hellip;]<\/p>\n","protected":false},"author":102,"featured_media":0,"parent":0,"menu_order":0,"comment_status":"closed","ping_status":"closed","template":"","meta":{"ngg_post_thumbnail":0,"footnotes":""},"_links":{"self":[{"href":"https:\/\/www.dibucard.com\/dbcpl\/wp-json\/wp\/v2\/pages\/21"}],"collection":[{"href":"https:\/\/www.dibucard.com\/dbcpl\/wp-json\/wp\/v2\/pages"}],"about":[{"href":"https:\/\/www.dibucard.com\/dbcpl\/wp-json\/wp\/v2\/types\/page"}],"author":[{"embeddable":true,"href":"https:\/\/www.dibucard.com\/dbcpl\/wp-json\/wp\/v2\/users\/102"}],"replies":[{"embeddable":true,"href":"https:\/\/www.dibucard.com\/dbcpl\/wp-json\/wp\/v2\/comments?post=21"}],"version-history":[{"count":85,"href":"https:\/\/www.dibucard.com\/dbcpl\/wp-json\/wp\/v2\/pages\/21\/revisions"}],"predecessor-version":[{"id":16911,"href":"https:\/\/www.dibucard.com\/dbcpl\/wp-json\/wp\/v2\/pages\/21\/revisions\/16911"}],"wp:attachment":[{"href":"https:\/\/www.dibucard.com\/dbcpl\/wp-json\/wp\/v2\/media?parent=21"}],"curies":[{"name":"wp","href":"https:\/\/api.w.org\/{rel}","templated":true}]}}