{"id":197,"date":"2017-12-24T18:42:17","date_gmt":"2017-12-24T18:42:17","guid":{"rendered":"https:\/\/www.dibucard.com\/dbcpl\/?page_id=197"},"modified":"2020-10-22T15:44:39","modified_gmt":"2020-10-22T15:44:39","slug":"o-karcie-dibucard","status":"publish","type":"page","link":"https:\/\/www.dibucard.com\/dbcpl\/o-karcie-dibucard\/","title":{"rendered":"O karcie DiBuCard"},"content":{"rendered":"\t\t<div data-elementor-type=\"wp-page\" data-elementor-id=\"197\" class=\"elementor elementor-197\">\n\t\t\t\t\t\t<section class=\"elementor-section elementor-top-section elementor-element elementor-element-6016ac97 elementor-section-boxed elementor-section-height-default elementor-section-height-default\" data-id=\"6016ac97\" data-element_type=\"section\">\n\t\t\t\t\t\t<div class=\"elementor-container elementor-column-gap-default\">\n\t\t\t\t\t<div class=\"elementor-column elementor-col-100 elementor-top-column elementor-element elementor-element-455705aa\" data-id=\"455705aa\" data-element_type=\"column\">\n\t\t\t<div class=\"elementor-widget-wrap elementor-element-populated\">\n\t\t\t\t\t\t<div class=\"elementor-element elementor-element-635f3169 elementor-widget elementor-widget-text-editor\" data-id=\"635f3169\" data-element_type=\"widget\" data-widget_type=\"text-editor.default\">\n\t\t\t\t<div class=\"elementor-widget-container\">\n\t\t\t\t\t\t\t<span style=\"color: #ccffff;\"><strong><span style=\"font-size: 14pt;\">Karta VIP czyli Virtualny Inteligentny Profil.<\/span><\/strong><\/span>\n\n<span style=\"color: #99ccff; font-size: 14pt;\">Wirtualny inteligentny&nbsp; profil z DiBuCard wizyt\u00f3wka VIP zosta\u0142a specjalnie zaprojektowana, aby\u015b m\u00f3g\u0142&nbsp;dzieli\u0107 si\u0119 informacjami ze swoimi&nbsp;klientami w nowoczesny i b\u0142yskawiczny&nbsp;spos\u00f3b. Innymi s\u0142owy, jest to wirtualna wizyt\u00f3wka Twojej firmy lub twoja osobista, kt\u00f3r\u0105 jako \u017ce jest to&nbsp;informaja cyfrowa mo\u017cesz zawsze aktualizowa\u0107, zmienia\u0107 i ulepsza\u0107. <\/span>\n\n<span style=\"color: #99ccff; font-size: 14pt;\">Posiadanie wizyt\u00f3wki VIP pozwala na przekazywanie informacji o Twojej firmie w ka\u017cdym czasie i do ka\u017cdego. Mog\u0105 one przemierzy\u0107 tysi\u0105ce&nbsp;kilometr\u00f3w w u\u0142amku sekundy, aby umo\u017cliwi\u0107 ci ich wymian\u0119 z potencjalnymi klientami. Pozwala to zaoszcz\u0119dzi\u0107 pieni\u0105dze i czas kt\u00f3re mo\u017cesz po\u015bwieci\u0107 na rozwijanie Twojej firmy i prowadzenie dzia\u0142alno\u015bci gospodarczej.<\/span>\n\n<span style=\"color: #99ccff; font-size: 14pt;\">Wirtualna inteligentna karta profilowa z DiBuCard to przyszlo\u015b\u0107 a posiadanie jej dzisiaj postawi twoj\u0105 firm\u0119 przed konkurencj\u0105. Przy pomocy&nbsp;karty VIP osi\u0105gnisz przewag\u0119 poprzez mo\u017cliwo\u015b\u0107&nbsp;zdobywania nowych terytori\u00f3w zanim twoi konkurenci tam dotr\u0105. Przep\u0142yw informacji w biznesie i jej wymiana to podstawa dzia\u0142alno\u015bci ka\u017cdej firmy a szybko\u015b\u0107 jej przekazu to podstawa sucesu. Cyfrowa karta VIP zosta\u0142a stworzona przez takich przedsi\u0119biorc\u00f3w jak Ty, dla takich przedsi\u0119biorc\u00f3w jak ty, poniewaz my rozumiemy jak wa\u017cne jest w dzisiejszym \u015bwiecie biznesu posiadanie narz\u0119dzi pozwalaj\u0105cych&nbsp;prze\u015bcign\u0105\u0107 konkurenc\u0119, wyprzedzi\u0107 j\u0105 i wygra\u0107.<\/span>\n\n<span style=\"color: #99ccff; font-size: 14pt;\">Stw\u00f3rz dla siebie Wirtualn\u0105 Inteligentn\u0105 Wizyt\u00f3wk\u0119 VIP dzisiaj zanim zrobi to konkurent.<\/span>\t\t\t\t\t\t<\/div>\n\t\t\t\t<\/div>\n\t\t\t\t\t<\/div>\n\t\t<\/div>\n\t\t\t\t\t<\/div>\n\t\t<\/section>\n\t\t\t\t<section class=\"elementor-section elementor-top-section elementor-element elementor-element-f79030d elementor-section-boxed elementor-section-height-default elementor-section-height-default\" data-id=\"f79030d\" data-element_type=\"section\">\n\t\t\t\t\t\t<div class=\"elementor-container elementor-column-gap-default\">\n\t\t\t\t\t<div class=\"elementor-column elementor-col-100 elementor-top-column elementor-element elementor-element-5af311c\" data-id=\"5af311c\" data-element_type=\"column\">\n\t\t\t<div class=\"elementor-widget-wrap elementor-element-populated\">\n\t\t\t\t\t\t<div class=\"elementor-element elementor-element-ccaa9b1 elementor-widget elementor-widget-button\" data-id=\"ccaa9b1\" data-element_type=\"widget\" data-widget_type=\"button.default\">\n\t\t\t\t<div class=\"elementor-widget-container\">\n\t\t\t\t\t<div class=\"elementor-button-wrapper\">\n\t\t\t<a class=\"elementor-button elementor-button-link elementor-size-sm\" href=\"https:\/\/www.dibucard.com\/contact-us\/\" target=\"_blank\">\n\t\t\t\t\t\t<span class=\"elementor-button-content-wrapper\">\n\t\t\t\t\t\t\t\t\t<span class=\"elementor-button-text\">\u017beby si\u0119 z nami skontaktowa\u0107, prosimy klikn\u0105\u0107 tutaj.<\/span>\n\t\t\t\t\t<\/span>\n\t\t\t\t\t<\/a>\n\t\t<\/div>\n\t\t\t\t<\/div>\n\t\t\t\t<\/div>\n\t\t\t\t\t<\/div>\n\t\t<\/div>\n\t\t\t\t\t<\/div>\n\t\t<\/section>\n\t\t\t\t<\/div>\n\t\t","protected":false},"excerpt":{"rendered":"<p>Karta VIP czyli Virtualny Inteligentny Profil. Wirtualny inteligentny&nbsp; profil z DiBuCard wizyt\u00f3wka VIP zosta\u0142a specjalnie zaprojektowana, aby\u015b m\u00f3g\u0142&nbsp;dzieli\u0107 si\u0119 informacjami ze swoimi&nbsp;klientami w nowoczesny i b\u0142yskawiczny&nbsp;spos\u00f3b. Innymi s\u0142owy, jest to wirtualna wizyt\u00f3wka Twojej firmy lub twoja osobista, kt\u00f3r\u0105 jako \u017ce jest to&nbsp;informaja cyfrowa mo\u017cesz zawsze aktualizowa\u0107, zmienia\u0107 i ulepsza\u0107. Posiadanie wizyt\u00f3wki VIP pozwala na przekazywanie [&hellip;]<\/p>\n","protected":false},"author":102,"featured_media":0,"parent":0,"menu_order":0,"comment_status":"closed","ping_status":"closed","template":"","meta":{"ngg_post_thumbnail":0,"footnotes":""},"_links":{"self":[{"href":"https:\/\/www.dibucard.com\/dbcpl\/wp-json\/wp\/v2\/pages\/197"}],"collection":[{"href":"https:\/\/www.dibucard.com\/dbcpl\/wp-json\/wp\/v2\/pages"}],"about":[{"href":"https:\/\/www.dibucard.com\/dbcpl\/wp-json\/wp\/v2\/types\/page"}],"author":[{"embeddable":true,"href":"https:\/\/www.dibucard.com\/dbcpl\/wp-json\/wp\/v2\/users\/102"}],"replies":[{"embeddable":true,"href":"https:\/\/www.dibucard.com\/dbcpl\/wp-json\/wp\/v2\/comments?post=197"}],"version-history":[{"count":10,"href":"https:\/\/www.dibucard.com\/dbcpl\/wp-json\/wp\/v2\/pages\/197\/revisions"}],"predecessor-version":[{"id":1389,"href":"https:\/\/www.dibucard.com\/dbcpl\/wp-json\/wp\/v2\/pages\/197\/revisions\/1389"}],"wp:attachment":[{"href":"https:\/\/www.dibucard.com\/dbcpl\/wp-json\/wp\/v2\/media?parent=197"}],"curies":[{"name":"wp","href":"https:\/\/api.w.org\/{rel}","templated":true}]}}