{"id":189,"date":"2017-12-17T02:15:34","date_gmt":"2017-12-17T02:15:34","guid":{"rendered":"https:\/\/www.dibucard.com\/dbcpl\/?page_id=189"},"modified":"2018-04-14T17:46:31","modified_gmt":"2018-04-14T17:46:31","slug":"media-spolecznosciowe","status":"publish","type":"page","link":"https:\/\/www.dibucard.com\/dbcpl\/media-spolecznosciowe\/","title":{"rendered":"Media spo\u0142eczno\u015bciowe"},"content":{"rendered":"<p style=\"text-align: center;\"><strong><span id=\"result_box\" class=\"short_text\" lang=\"pl\" style=\"color: #99ccff; font-size: 14pt;\">DiBuCard i media spo\u0142eczno\u015bciowe<\/span><\/strong><\/p>\n<p><img fetchpriority=\"high\" decoding=\"async\" class=\"size-medium wp-image-182 aligncenter\" src=\"https:\/\/www.dibucard.com\/dbcpl\/wp-content\/uploads\/sites\/30\/2017\/12\/Social-Media-500x220.png\" alt=\"\" width=\"500\" height=\"220\" srcset=\"https:\/\/www.dibucard.com\/dbcpl\/wp-content\/uploads\/sites\/30\/2017\/12\/Social-Media-500x220.png 500w, https:\/\/www.dibucard.com\/dbcpl\/wp-content\/uploads\/sites\/30\/2017\/12\/Social-Media-350x154.png 350w, https:\/\/www.dibucard.com\/dbcpl\/wp-content\/uploads\/sites\/30\/2017\/12\/Social-Media-768x338.png 768w, https:\/\/www.dibucard.com\/dbcpl\/wp-content\/uploads\/sites\/30\/2017\/12\/Social-Media.png 973w\" sizes=\"(max-width: 500px) 100vw, 500px\" \/><\/p>\n<p><span id=\"result_box\" lang=\"pl\" style=\"color: #99ccff;\"><span style=\"font-size: 14pt;\">DiBuCard to cyfrowa karta biznesowa zaprojektowana do pracy z mediami spo\u0142eczno\u015bciowymi. Mo\u017cesz na niej udost\u0119pnia\u0107 nie tylko podstawowe informacje kontaktowe swoim klientom, ale tak\u017ce stron\u0119 twojej firmy na Facebooku, gdzie mog\u0105 oni wchodzi\u0107 w interakcje czyta\u0107 wszystkie wiadomo\u015bci i informacje, kt\u00f3re udost\u0119pniasz odwiedzaj\u0105cym. Twoi klienci mog\u0105 &#8220;polubi\u0107&#8221; Twoj\u0105 stron\u0119 i\u00a0komentowa\u0107 bezpo\u015brednio z udost\u0119pnionej im twojej\u00a0wizyt\u00f3wki VIP.<\/span><\/span><\/p>\n<p><span style=\"color: #99ccff; font-size: 14pt;\">Korzystaj\u0105c z tych opcji karty VIP, mo\u017cesz skutecznie pozyskiwa\u0107 nowych klient\u00f3w za pomoc\u0105 medi\u00f3w spo\u0142eczno\u015bciowych bez spamowania lub naciagania swoich przyjaci\u00f3\u0142, rodziny i odwiedzaj\u0105cych!<\/span><\/p>\n<p><span id=\"result_box\" lang=\"pl\" style=\"font-size: 14pt;\"><strong><span style=\"color: #99ccff;\">Dzi\u0119ki VIP z DiBuCard mo\u017cesz:<\/span><\/strong><\/span><\/p>\n<ul>\n<li><span id=\"result_box\" lang=\"pl\" style=\"font-size: 14pt;\"><span style=\"color: #99ccff;\">Po\u0142\u0105czy\u0107 si\u0119 z wi\u0119ksz\u0105 liczb\u0105 os\u00f3b za pomoc\u0105 medi\u00f3w spo\u0142eczno\u015bciowych<\/span><\/span><\/li>\n<li><span id=\"result_box\" lang=\"pl\" style=\"font-size: 14pt;\"><span style=\"color: #99ccff;\">Warto\u015bciowo\u00a0sp\u0119dza\u0107 czas w mediach spo\u0142eczno\u015bciowych<\/span><\/span><\/li>\n<li><span id=\"result_box\" lang=\"pl\" style=\"font-size: 14pt;\"><span style=\"color: #99ccff;\">Promowa\u0107 swoj\u0105 firm\u0119 bez spamowania<\/span><\/span><\/li>\n<li><span id=\"result_box\" lang=\"pl\" style=\"font-size: 14pt;\"><span style=\"color: #99ccff;\">Budowa\u0107 swoj\u0105 mark\u0119 i przyci\u0105ga\u0107\u00a0klient\u00f3w do siebie i swojej firmy<\/span><\/span><\/li>\n<\/ul>\n<p><img decoding=\"async\" class=\"size-medium wp-image-190 aligncenter\" src=\"https:\/\/www.dibucard.com\/dbcpl\/wp-content\/uploads\/sites\/30\/2017\/12\/Connect-them-all-500x498.png\" alt=\"\" width=\"500\" height=\"498\" srcset=\"https:\/\/www.dibucard.com\/dbcpl\/wp-content\/uploads\/sites\/30\/2017\/12\/Connect-them-all-500x498.png 500w, https:\/\/www.dibucard.com\/dbcpl\/wp-content\/uploads\/sites\/30\/2017\/12\/Connect-them-all-350x348.png 350w, https:\/\/www.dibucard.com\/dbcpl\/wp-content\/uploads\/sites\/30\/2017\/12\/Connect-them-all-768x764.png 768w, https:\/\/www.dibucard.com\/dbcpl\/wp-content\/uploads\/sites\/30\/2017\/12\/Connect-them-all.png 873w\" sizes=\"(max-width: 500px) 100vw, 500px\" \/><\/p>\n<p><strong><span id=\"result_box\" lang=\"pl\" style=\"color: #99ccff; font-size: 14pt;\">Dzi\u0119ki DiBuCard mo\u017cesz zablokowa\u0107 swoj\u0105 konkurencj\u0119.<\/span><\/strong><\/p>\n<div id=\"gt-res-dir-ctr\" class=\"trans-verified-button-small\" dir=\"ltr\">\n<p><span style=\"font-size: 14pt;\"><span id=\"gt-res-error\" style=\"color: #99ccff;\"><\/span><span lang=\"pl\"><span style=\"color: #99ccff;\"><span title=\"We are living in an increasingly digital world.\">\u017byjemy w coraz bardziej cyfrowym \u015bwiecie. <\/span><span title=\"The old business strategy of exchanging business cards is quickly becoming obsolete.\">Stara strategia handlowa polegaj\u0105ca na wymianie wizyt\u00f3wek szybko staje si\u0119 przestarza\u0142a. <\/span><span title=\"Social media has taken over as the way people communicate, connect, keep up with current events, find entertainment, and make purchases.\">Media spo\u0142eczno\u015bciowe przej\u0119\u0142y masowo rol\u0119 spotka<\/span><\/span><\/span><span style=\"color: #99ccff;\">\u0144<\/span><\/span> <span style=\"font-size: 14pt;\"><span id=\"result_box\" lang=\"pl\"><span style=\"color: #99ccff;\"><span title=\"Social media has taken over as the way people communicate, connect, keep up with current events, find entertainment, and make purchases.\">w realu. Teraz tam ludzie komunikuj\u0105 si\u0119, \u0142\u0105cz\u0105, \u015bledz\u0105 bie\u017c\u0105ce wydarzenia, znajduj\u0105 rozrywk\u0119 i robi\u0105 zakupy.\u00a0<\/span><span title=\"And it\u2019s not going away.\">A to dopiero poczatek trendu. <\/span><span title=\"That is why it is becoming increasingly important for business owners to have necessary tools for marketing on Facebook, Instagram, YouTube, and other platforms. \">Dlatego coraz wi\u0119ksze znaczenie dla w\u0142a\u015bcicieli firm ma posiadanie narz\u0119dzi niezb\u0119dnych do marketingu na Facebooku, Instagramie, YouTube i innych platformach spo\u0142eczno\u015bciowych.<\/span><\/span><\/span><\/span><\/p>\n<p style=\"text-align: center; padding-left: 30px;\"><span style=\"font-size: 14pt;\"><strong><span style=\"color: #99ccff;\" title=\"DiBuCard on social media can grow your business to new heights.\">DiBuCard w mediach spo\u0142eczno\u015bciowych mo\u017ce rozwin\u0105\u0107 Tw\u00f3j biznes\u00a0do nowego poziomu. <\/span><\/strong><\/span><\/p>\n<p style=\"text-align: center; padding-left: 30px;\"><span style=\"font-size: 14pt;\" title=\"DiBuCard has the power to integrate this new platform into your business so that you can attract more customers and grow your business. \"><span style=\"color: #99ccff;\">DiBuCard ma moc zintegrowania medi\u00f3w spo\u0142eczno\u015bciowych z Twoj\u0105 firm\u0105, dzi\u0119ki czemu mo\u017cesz przyci\u0105gn\u0105\u0107 wi\u0119cej klient\u00f3w i rozwija\u0107 sw\u00f3j biznes.<\/span><\/span><\/p>\n<p><span style=\"font-size: 14pt;\"><span style=\"color: #99ccff;\"><span title=\"DiBuCard is a virtual connection with your customers regarding your company, services or products.\">DiBuCard to wirtualne po\u0142\u0105czenie z klientami dotycz\u0105ce Twojej firmy, us\u0142ug lub produkt\u00f3w. <\/span><span title=\"You can connect and inform your customers about sales, special offers or events in your company at the present time.\">Mo\u017cesz teraz kontaktowa\u0107 si\u0119 i informowa\u0107 swoich klient\u00f3w o sprzeda\u017cy, ofertach specjalnych lub wydarzeniach w Twojej firmie. <\/span><span title=\"By updating information on your DiBuCard account, you update all of your DiBuCard ever made available at the same time.\">Aktualizuj\u0105c informacje na swoim koncie VIP, aktualizujesz ca\u0142\u0105 sie<span title=\"DiBuCard has the power to integrate this new platform into your business so that you can attract more customers and grow your business. \">\u0107<\/span> wizyt\u00f3wek VIP kiedykolwiek udost\u0119pnion\u0105 przez ciebie. Poprzez s<\/span><span title=\"Using conventional communication methods this simply can not be done.\">tosowanie konwencjonalnych metod komunikacji nie jest to mo\u017cliwe. <\/span><span title=\"With DiBuCard you can do it all at once and from one place \u2026 Your customers always have up-to-date information about your company on their own phones.\">Dzi\u0119ki VIP z DiBuCard mo\u017cesz zrobi\u0107 to wszystko naraz i z jednego miejsca. Twoi klienci zawsze maj\u0105 aktualne informacje o Twojej firmie na swoich telefonach.<\/span><\/span><span id=\"result_box\" lang=\"pl\" style=\"color: #99ccff;\"><\/span><\/span><span id=\"t-served-community-button\" class=\"trans-verified-button goog-toolbar-button\" role=\"button\" aria-hidden=\"true\"><\/span><\/p>\n<\/div>\n","protected":false},"excerpt":{"rendered":"<p>DiBuCard i media spo\u0142eczno\u015bciowe DiBuCard to cyfrowa karta biznesowa zaprojektowana do pracy z mediami spo\u0142eczno\u015bciowymi. Mo\u017cesz na niej udost\u0119pnia\u0107 nie tylko podstawowe informacje kontaktowe swoim klientom, ale tak\u017ce stron\u0119 twojej firmy na Facebooku, gdzie mog\u0105 oni wchodzi\u0107 w interakcje czyta\u0107 wszystkie wiadomo\u015bci i informacje, kt\u00f3re udost\u0119pniasz odwiedzaj\u0105cym. Twoi klienci mog\u0105 &#8220;polubi\u0107&#8221; Twoj\u0105 stron\u0119 i\u00a0komentowa\u0107 bezpo\u015brednio [&hellip;]<\/p>\n","protected":false},"author":102,"featured_media":0,"parent":0,"menu_order":0,"comment_status":"closed","ping_status":"closed","template":"","meta":{"ngg_post_thumbnail":0,"footnotes":""},"_links":{"self":[{"href":"https:\/\/www.dibucard.com\/dbcpl\/wp-json\/wp\/v2\/pages\/189"}],"collection":[{"href":"https:\/\/www.dibucard.com\/dbcpl\/wp-json\/wp\/v2\/pages"}],"about":[{"href":"https:\/\/www.dibucard.com\/dbcpl\/wp-json\/wp\/v2\/types\/page"}],"author":[{"embeddable":true,"href":"https:\/\/www.dibucard.com\/dbcpl\/wp-json\/wp\/v2\/users\/102"}],"replies":[{"embeddable":true,"href":"https:\/\/www.dibucard.com\/dbcpl\/wp-json\/wp\/v2\/comments?post=189"}],"version-history":[{"count":8,"href":"https:\/\/www.dibucard.com\/dbcpl\/wp-json\/wp\/v2\/pages\/189\/revisions"}],"predecessor-version":[{"id":357,"href":"https:\/\/www.dibucard.com\/dbcpl\/wp-json\/wp\/v2\/pages\/189\/revisions\/357"}],"wp:attachment":[{"href":"https:\/\/www.dibucard.com\/dbcpl\/wp-json\/wp\/v2\/media?parent=189"}],"curies":[{"name":"wp","href":"https:\/\/api.w.org\/{rel}","templated":true}]}}