{"id":157,"date":"2017-12-11T18:50:34","date_gmt":"2017-12-11T18:50:34","guid":{"rendered":"https:\/\/www.dibucard.com\/dbcpl\/?page_id=157"},"modified":"2018-04-14T17:48:48","modified_gmt":"2018-04-14T17:48:48","slug":"jak-to-dziala","status":"publish","type":"page","link":"https:\/\/www.dibucard.com\/dbcpl\/jak-to-dziala\/","title":{"rendered":"Jak to dzia\u0142a"},"content":{"rendered":"<p><span style=\"color: #ccffff; font-size: 14pt;\"><strong><span id=\"result_box\" lang=\"pl\">3 proste kroki.<\/span><\/strong><\/span><\/p>\n<p><span style=\"color: #99ccff; font-size: 14pt;\">DiBuCard to najprostszy i najszybszy spos\u00f3b na nawi\u0105zanie kontaktu z kontaktami biznesowymi i klientami. W dzisiejszym \u015bwiecie przedsi\u0119biorcy i w\u0142a\u015bciciele firm potrzebuj\u0105 niezawodnych i nowoczesnych narz\u0119dzi do rozwijania swojej dzia\u0142alno\u015bci. Przede wszystkim musimy by\u0107 zawsze o krok przed konkurencj\u0105. By\u0107 w stanie informowa\u0107 i kontaktowa\u0107 si\u0119 z naszymi klientami, zanim b\u0119d\u0105 mogli to zrobi\u0107 konkurenci. Wirtualna wizyt\u00f3wka firmy DiBuCard jest zaprojektowana w\u0142a\u015bnie w tym celu. Jest to proste, szybkie i bezpo\u015brednie po\u0142\u0105czenie\u00a0z najwa\u017cniejsz\u0105 cz\u0119\u015bci\u0105 Twojej firmy &#8230; Twoim klientem.<\/span><\/p>\n<p><span style=\"color: #99ccff; font-size: 14pt;\"><img fetchpriority=\"high\" decoding=\"async\" class=\"aligncenter size-large wp-image-173\" src=\"https:\/\/www.dibucard.com\/dbcpl\/wp-content\/uploads\/sites\/30\/2017\/12\/3b-1024x510.png\" alt=\"\" width=\"640\" height=\"319\" srcset=\"https:\/\/www.dibucard.com\/dbcpl\/wp-content\/uploads\/sites\/30\/2017\/12\/3b-1024x510.png 1024w, https:\/\/www.dibucard.com\/dbcpl\/wp-content\/uploads\/sites\/30\/2017\/12\/3b-350x174.png 350w, https:\/\/www.dibucard.com\/dbcpl\/wp-content\/uploads\/sites\/30\/2017\/12\/3b-500x249.png 500w, https:\/\/www.dibucard.com\/dbcpl\/wp-content\/uploads\/sites\/30\/2017\/12\/3b-768x383.png 768w, https:\/\/www.dibucard.com\/dbcpl\/wp-content\/uploads\/sites\/30\/2017\/12\/3b.png 1190w\" sizes=\"(max-width: 640px) 100vw, 640px\" \/><\/span><\/p>\n<p><img decoding=\"async\" class=\"alignnone size-full wp-image-39\" src=\"https:\/\/www.dibucard.com\/dbcpl\/wp-content\/uploads\/sites\/30\/2017\/12\/Grey-bar.jpg\" alt=\"\" width=\"1322\" height=\"3\" srcset=\"https:\/\/www.dibucard.com\/dbcpl\/wp-content\/uploads\/sites\/30\/2017\/12\/Grey-bar.jpg 1322w, https:\/\/www.dibucard.com\/dbcpl\/wp-content\/uploads\/sites\/30\/2017\/12\/Grey-bar-300x1.jpg 300w, https:\/\/www.dibucard.com\/dbcpl\/wp-content\/uploads\/sites\/30\/2017\/12\/Grey-bar-768x2.jpg 768w, https:\/\/www.dibucard.com\/dbcpl\/wp-content\/uploads\/sites\/30\/2017\/12\/Grey-bar-1024x2.jpg 1024w, https:\/\/www.dibucard.com\/dbcpl\/wp-content\/uploads\/sites\/30\/2017\/12\/Grey-bar-748x3.jpg 748w\" sizes=\"(max-width: 1322px) 100vw, 1322px\" \/><\/p>\n<p>&nbsp;<\/p>\n<p style=\"padding-left: 30px;\"><span style=\"color: #99ccff; font-size: 14pt;\"><span id=\"result_box\" lang=\"pl\"><span style=\"color: #ccffff;\"><strong>1 \u2022<\/strong><\/span> a) Wybierz sw\u00f3j abonament. b) Wype\u0142nij kr\u00f3tki formularz, aby utworzy\u0107 sw\u00f3j login i has\u0142o. c) Uzyskaj dost\u0119p do swojego konta.<\/span><span id=\"t-served-community-button\" class=\"trans-verified-button goog-toolbar-button\" role=\"button\" aria-hidden=\"true\"><\/span><\/span><\/p>\n<p style=\"padding-left: 30px;\"><span id=\"result_box\" lang=\"pl\" style=\"color: #99ccff; font-size: 14pt;\"><span style=\"color: #ccffff;\"><strong>2\u00a0\u2022<\/strong><\/span> a) Wprowad\u017a wszystkie informacje o swojej firmie. b) Zapisz i opublikuj. Pami\u0119taj, \u017ce mo\u017cesz zaktualizowa\u0107 lub zmieni\u0107 swoje dane w dowolnym momencie i tyle razy, ile potrzebujesz.<\/span><\/p>\n<p style=\"padding-left: 30px;\"><span style=\"color: #99ccff; font-size: 14pt;\"><span style=\"color: #ccffff;\"><strong>3 <\/strong><\/span><span id=\"result_box\" lang=\"pl\"><span style=\"color: #ccffff;\"><strong>\u2022<\/strong> <\/span>Udost\u0119pnij swoj\u0105 e-wizyt\u00f3wk\u0119, wysy\u0142aj\u0105c po prostu wiadomo\u015b\u0107 tekstow\u0105 https: \/\/ do wszystkich swoich kontakt\u00f3w biznesowych i klient\u00f3w. Nie zapomnij poprosi\u0107 ich o zapisanie go na ekranie g\u0142\u00f3wnym telefonu jako aplikacji, aby mogli \u0142atwo uzyska\u0107 do niej dost\u0119p, gdy b\u0119d\u0105 jej potrzebowa\u0107.<\/span><\/span><\/p>\n<p><img decoding=\"async\" class=\"alignnone size-full wp-image-39\" src=\"https:\/\/www.dibucard.com\/dbcpl\/wp-content\/uploads\/sites\/30\/2017\/12\/Grey-bar.jpg\" alt=\"\" width=\"1322\" height=\"3\" srcset=\"https:\/\/www.dibucard.com\/dbcpl\/wp-content\/uploads\/sites\/30\/2017\/12\/Grey-bar.jpg 1322w, https:\/\/www.dibucard.com\/dbcpl\/wp-content\/uploads\/sites\/30\/2017\/12\/Grey-bar-300x1.jpg 300w, https:\/\/www.dibucard.com\/dbcpl\/wp-content\/uploads\/sites\/30\/2017\/12\/Grey-bar-768x2.jpg 768w, https:\/\/www.dibucard.com\/dbcpl\/wp-content\/uploads\/sites\/30\/2017\/12\/Grey-bar-1024x2.jpg 1024w, https:\/\/www.dibucard.com\/dbcpl\/wp-content\/uploads\/sites\/30\/2017\/12\/Grey-bar-748x3.jpg 748w\" sizes=\"(max-width: 1322px) 100vw, 1322px\" \/><\/p>\n<p><span id=\"result_box\" lang=\"pl\" style=\"color: #ccffff; font-size: 14pt;\">To wszystko. Jest to prosta, szybka i pot\u0119\u017cna forma prowadzenia biznesu w XXI wieku. Stw<span id=\"result_box\" lang=\"pl\">\u00f3<\/span>rz swoj<span id=\"result_box\" lang=\"pl\">\u0105<\/span> DiBuCard dzisiaj.<\/span><\/p>\n","protected":false},"excerpt":{"rendered":"<p>3 proste kroki. DiBuCard to najprostszy i najszybszy spos\u00f3b na nawi\u0105zanie kontaktu z kontaktami biznesowymi i klientami. W dzisiejszym \u015bwiecie przedsi\u0119biorcy i w\u0142a\u015bciciele firm potrzebuj\u0105 niezawodnych i nowoczesnych narz\u0119dzi do rozwijania swojej dzia\u0142alno\u015bci. Przede wszystkim musimy by\u0107 zawsze o krok przed konkurencj\u0105. By\u0107 w stanie informowa\u0107 i kontaktowa\u0107 si\u0119 z naszymi klientami, zanim b\u0119d\u0105 mogli [&hellip;]<\/p>\n","protected":false},"author":102,"featured_media":0,"parent":0,"menu_order":0,"comment_status":"closed","ping_status":"closed","template":"","meta":{"ngg_post_thumbnail":0,"footnotes":""},"_links":{"self":[{"href":"https:\/\/www.dibucard.com\/dbcpl\/wp-json\/wp\/v2\/pages\/157"}],"collection":[{"href":"https:\/\/www.dibucard.com\/dbcpl\/wp-json\/wp\/v2\/pages"}],"about":[{"href":"https:\/\/www.dibucard.com\/dbcpl\/wp-json\/wp\/v2\/types\/page"}],"author":[{"embeddable":true,"href":"https:\/\/www.dibucard.com\/dbcpl\/wp-json\/wp\/v2\/users\/102"}],"replies":[{"embeddable":true,"href":"https:\/\/www.dibucard.com\/dbcpl\/wp-json\/wp\/v2\/comments?post=157"}],"version-history":[{"count":16,"href":"https:\/\/www.dibucard.com\/dbcpl\/wp-json\/wp\/v2\/pages\/157\/revisions"}],"predecessor-version":[{"id":359,"href":"https:\/\/www.dibucard.com\/dbcpl\/wp-json\/wp\/v2\/pages\/157\/revisions\/359"}],"wp:attachment":[{"href":"https:\/\/www.dibucard.com\/dbcpl\/wp-json\/wp\/v2\/media?parent=157"}],"curies":[{"name":"wp","href":"https:\/\/api.w.org\/{rel}","templated":true}]}}