{"id":130,"date":"2017-12-10T22:41:37","date_gmt":"2017-12-10T22:41:37","guid":{"rendered":"https:\/\/www.dibucard.com\/dbcpl\/?page_id=130"},"modified":"2018-06-27T19:46:16","modified_gmt":"2018-06-27T19:46:16","slug":"cechy","status":"publish","type":"page","link":"https:\/\/www.dibucard.com\/dbcpl\/cechy\/","title":{"rendered":"Dlaczego DiBuCard"},"content":{"rendered":"<div class=\"g-unit\" id=\"gt-res-c\">\n<div id=\"gt-res-p\">\n<div id=\"gt-res-data\">\n<div id=\"gt-res-wrap\">\n<div id=\"gt-res-content\">\n<div class=\"trans-verified-button-small\" id=\"gt-res-dir-ctr\" dir=\"ltr\">\n<p><span style=\"color: rgb(204, 255, 255); font-size: 14pt;\">Karta VIP&nbsp;to tw\u00f3j krok w przysz\u0142o\u015b\u0107. W dzisiejszym \u015bwiecie spos\u00f3b, w jaki ludzie robi\u0105 interesy, szybko si\u0119 zmienia. Je\u015bli chcemy odnie\u015b\u0107 sukces, musimy porusza\u0107 si\u0119 szybciej. DiBuCard to najlepsze narz\u0119dzie w \u015bwiecie biznesu, aby nad\u0105\u017cy\u0107 za konkurencj\u0105. Tworzymy rozwi\u0105zania, kt\u00f3re pozwalaj\u0105 przyspieszy\u0107 Tw\u00f3j biznes gdy prowadzisz dzia\u0142alno\u015b\u0107 w 21 wieku. Posiadaj\u0105c cyfrow\u0105 wizyt\u00f3wk\u0119 DiBuCard jeste\u015b zawsze jednym krokiem naprz\u00f3d przed konkurencj\u0105.<\/span><\/p>\n<\/div>\n<\/div>\n<div dir=\"ltr\"><span style=\"color: rgb(204, 255, 255); font-size: 14pt;\">A oto unikalne cechy wizyt<span id=\"result_box\" lang=\"pl\">\u00f3<\/span>wki DiBuCard&nbsp;i dlaczego warto wej\u015b\u0107 w jej posiadanie.<\/span><\/div>\n<\/div>\n<\/div>\n<div dir=\"ltr\"><img decoding=\"async\" width=\"1322\" height=\"3\" class=\"size-full wp-image-39 alignnone\" alt=\"\" src=\"https:\/\/www.dibucard.com\/dbcpl\/wp-content\/uploads\/sites\/30\/2017\/12\/Grey-bar.jpg\" srcset=\"https:\/\/www.dibucard.com\/dbcpl\/wp-content\/uploads\/sites\/30\/2017\/12\/Grey-bar.jpg 1322w, https:\/\/www.dibucard.com\/dbcpl\/wp-content\/uploads\/sites\/30\/2017\/12\/Grey-bar-300x1.jpg 300w, https:\/\/www.dibucard.com\/dbcpl\/wp-content\/uploads\/sites\/30\/2017\/12\/Grey-bar-768x2.jpg 768w, https:\/\/www.dibucard.com\/dbcpl\/wp-content\/uploads\/sites\/30\/2017\/12\/Grey-bar-1024x2.jpg 1024w, https:\/\/www.dibucard.com\/dbcpl\/wp-content\/uploads\/sites\/30\/2017\/12\/Grey-bar-748x3.jpg 748w\" sizes=\"(max-width: 1322px) 100vw, 1322px\" \/><\/div>\n<div dir=\"ltr\">\n<p><span style=\"color: rgb(204, 255, 255); font-size: 14pt;\"><strong>1. Uniwersalno\u015b\u0107. <\/strong><span id=\"result_box\" lang=\"pl\"><strong>DiBuCard doskonale nadaje si\u0119 do u\u017cytku biznesowego lub te\u017c osobistego.<\/strong><\/span><\/span><\/p>\n<p><span style=\"color: rgb(153, 204, 255); font-size: 14pt;\">Elektroniczna wizyt\u00f3wka DiBuCard nadaje sie&nbsp;zar\u00f3wno dla os\u00f3b, kt\u00f3re prowadz\u0105 dzia\u0142alno\u015b\u0107 gospodarcz\u0105, ale moze by\u0107 r\u00f3wnie\u017c przydatna dla wszystkich innych. Wybierz opcj\u0119 dla siebie. Je\u015bli ma by\u0107 to karta o firmie&nbsp;wpisz informacje reklamuj\u0105ce Tw\u00f3j biznes. Je\u015bli jest to karta osobista po prostu wpisz informacje o sobie tak aby&nbsp;reprezentowa\u0142y jak najlepiej Twoj\u0105 osobowo\u015b\u0107 i styl.<\/span><\/p>\n<p><span style=\"color: rgb(153, 204, 255); font-size: 14pt;\"><span style=\"color: rgb(204, 255, 255);\"><strong>2. <\/strong><\/span><span id=\"result_box\" lang=\"pl\"><span style=\"color: rgb(204, 255, 255);\"><strong>DiBuCard jest prosta i por\u0119czna.<\/strong><\/span><\/span><\/span><\/p>\n<p><span style=\"color: rgb(153, 204, 255); font-size: 14pt;\">Mo\u017cesz doda\u0107 swoj\u0105 kart\u0119 DiBuCard bezpo\u015brednio na ekranie g\u0142\u00f3wnym swojego telefonu, aby mie\u0107 natychmiastowy dost\u0119p do niej, gdy jeste\u015b na spotkaniu biznesowym, wydarzeniu networkingowym lub po prostu dobrze si\u0119 bawisz ze swoimi przyjaci\u00f3\u0142mi. Maj\u0105c swoj\u0105 wizyt\u00f3wke DiBuCard w telefonie nigdy jej nie zapomnisz i zawsze mo\u017cesz \u0142atwo udost\u0119pni\u0107 informacje o firmie lub dane osobowe innym, je\u015bli tego potrzebujesz.<\/span><\/p>\n<p><span id=\"result_box\" lang=\"pl\" style=\"font-size: 14pt;\"><span style=\"color: rgb(204, 255, 255);\"><strong>3. DiBuCard postawi Twoj\u0105 firm\u0119 przed konkurencj\u0105.<\/strong><\/span><\/span><\/p>\n<p><span style=\"color: rgb(153, 204, 255); font-size: 14pt;\">Jedno zdj\u0119cie&nbsp;to jak&nbsp;1000 s\u0142\u00f3w,&nbsp;a jedno wideo&nbsp;to jak&nbsp;1000 zdj\u0119\u0107. W dzisiejszych czasach wi\u0119cej os\u00f3b komunikuje si\u0119 za po\u015brednictwem film\u00f3w wideo ni\u017c kiedykolwiek wcze\u015bniej, wi\u0119c dlaczego nie udost\u0119pnia\u0107&nbsp;nowo\u015bci firmy za pomoc\u0105 klipu wideo bezpo\u015brednio z wizyt\u00f3wki DiBuCard? DiBuCard to Tw\u00f3j codzienny kana\u0142 informacyjny z nowo\u015bciami biznesowymi Twojej firmy.<\/span><span class=\"trans-verified-button goog-toolbar-button\" id=\"t-served-community-button\" role=\"button\" aria-hidden=\"true\"><\/span><\/p>\n<p><span style=\"color: rgb(153, 204, 255); font-size: 14pt;\"><span id=\"result_box\" lang=\"pl\"><span style=\"color: rgb(204, 255, 255);\"><strong>4. DiBuCard to co\u015b wi\u0119cej ni\u017c nowoczesna cyfrowa wizyt\u00f3wka.<\/strong><\/span><\/span><\/span><\/p>\n<p><span style=\"color: rgb(153, 204, 255); font-size: 14pt;\">Wiemy, \u017ce najlepszym sposobem na zbudowanie biznesu jest wsp\u00f3\u0142praca. DiBuCard&nbsp;gromadzi profesjonalist\u00f3w i ich klient\u00f3w w jedno miejsce. Tworz\u0105c unikaln\u0105 platform\u0119 internetow\u0105 DiBuCard, dajemy firmom&nbsp;bezpo\u015bredni spos\u00f3b udost\u0119pniania informacji&nbsp;ich klientom a klientom&nbsp;mo\u017cliwo\u015b\u0107 na natychmiastow\u0105 interakcj\u0119 z nimi. W ten spos\u00f3b zar\u00f3wno firmy jak i ich klienci mog\u0105 zbudowa\u0107 silne relacje i zaufanie niezb\u0119dne do przyspieszenia rozwoju firmy.<\/span><span class=\"trans-verified-button goog-toolbar-button\" id=\"t-served-community-button\" role=\"button\" aria-hidden=\"true\"><\/span><\/p>\n<p><span id=\"result_box\" lang=\"pl\" style=\"color: rgb(153, 204, 255); font-size: 14pt;\"><span style=\"color: rgb(204, 255, 255);\"><strong>5. DiBuCard to rozwi\u0105zanie typu &#8220;wszystko w jednym&#8221;.<\/strong><\/span><\/span><\/p>\n<p><span style=\"color: rgb(153, 204, 255); font-size: 14pt;\">Twoje konto DiBuCard pozwoli Ci nie tylko mie\u0107 swoj\u0105 w\u0142asn\u0105 wizyt\u00f3wk\u0119 DiBuCard, ale mo\u017cesz tak\u017ce stworzy\u0107 podobne wizyt\u00f3wki dla swoich wsp\u00f3\u0142pracownik\u00f3w. Zapewnia to mo\u017cliwo\u015b\u0107 promowania Twojej firmy z wielu punkt\u00f3w sprzeda\u017cy, ale w ten sam spos\u00f3b. Twoi pracownicy mog\u0105 promowa\u0107 produkty firmy jako ca\u0142o\u015bci lub mog\u0105 promowa\u0107 wy\u0142\u0105cznie promocje dzia\u0142u Twojej firmy w kt\u00f3rym dzia\u0142aja. DiBuCard to po prostu rozwi\u0105zanie biznesowe typu &#8220;wszystko w jednym&#8221;.<\/span><span class=\"trans-verified-button goog-toolbar-button\" id=\"t-served-community-button\" role=\"button\" aria-hidden=\"true\"><\/span><\/p>\n<p><span style=\"color: rgb(204, 255, 255); font-size: 14pt;\"><strong>6. Niewyczerpalno\u015b\u0107 i aktualno\u015b\u0107.<\/strong><\/span><\/p>\n<p><span style=\"color: rgb(153, 204, 255); font-size: 14pt;\">Karty biznesowe DiBuCard to niewyczerpalno\u015b\u0107 zasob\u00f3w, zawsze gotowe do rozdania i promowania firmy. Nie musisz si\u0119 martwi\u0107 \u017ce zabraknie ci wizyt\u00f3wek na spotkaniu networkingowym lub \u017ce masz ich za ma\u0142o. Twoje wizyt\u00f3wki DiBuCard s\u0105 zawsze aktualne. W ka\u017cdym momencie&nbsp;i z ka\u017cdego miejsca mo\u017cesz je uaktualni\u0107 wstawiaj\u0105c wa\u017cn\u0105 now\u0105 informacje dotycz\u0105ca firmy lub produktu. Co najwa\u017cniejsze to to \u017ce w chwili uaktualnienia informacji z twojego DiBuCard konta wszystkie rozdane do tej pory wizyt\u00f3wki automatycznie uaktualni\u0105 si\u0119 w tym samym czasie.<\/span><\/p>\n<p><span style=\"color: rgb(204, 255, 255); font-size: 14pt;\"><strong>7. Z wizyt\u00f3wk\u0105 DiBuCard stworzysz lojaln\u0105 baz\u0119 klient\u00f3w.<\/strong><\/span><\/p>\n<p><span style=\"color: rgb(153, 204, 255); font-size: 14pt;\">Poprzez sta\u0142y kontakt z klientami tworzysz lojalnych konsument\u00f3w oczekuj\u0105cych na nowo\u015bci i oferty specjalne Twojej firmy kt\u00f3re otrzymuj\u0105 bezpo\u015brednio do swoich telefon\u00f3w.&nbsp;\u015awiadomo\u015b\u0107 bycia &#8220;pierwszym&#8221; stwarza&nbsp;grunt do wywi\u0105zania wi\u0119zi i poczucia lojalno\u015bci. Konsument ch\u0119tniej kupuje tam gdzie wie \u017ce jest wyr\u00f3\u017cniony z &#8220;t\u0142umu&#8221;.<\/span><\/p>\n<p><span style=\"color: rgb(0, 204, 255);\"><strong><span style=\"font-size: 14pt;\">A oto co oferuje konto VIP Premium:<\/span><\/strong><\/span><\/p>\n<p><span id=\"result_box\" lang=\"pl\" style=\"color: rgb(153, 204, 255); font-size: 14pt;\">1. Nieograniczony i zabezpieczony has<span id=\"result_box\" lang=\"pl\">\u0142<\/span>em dost\u0119p do konta Twojej karty VIP.<br \/>\n2. Firmowe \/ osobiste logo \/ zdj\u0119cie VIP-profil<br \/>\n3. Informacje kontaktowe firmy \/ osoby fizycznej<br \/>\n4. Opis do 2000 znak\u00f3w<br \/>\n5. Firmowa lub osobista wtyczka promocji wideo z YouTube.<br \/>\n6. Firmowa interaktywna wtyczka&nbsp;firmowej strony Facebooku<br \/>\n7. Tw\u00f3j unikalny kod QR karty VIP wydrukowany pod logo <span id=\"result_box\" lang=\"pl\">Twojej firmy <\/span>\/ zdj\u0119ciem.<br \/>\n8. Bezpo\u015brednie linki do platform spo\u0142eczno\u015bciowych Twojej firmy<br \/>\n9.&nbsp;Interaktywne linki platform&nbsp;<span id=\"result_box\" lang=\"pl\">spo\u0142eczno\u015bciowych<\/span>&nbsp;dla klient\u00f3w, aby mogli udost\u0119pnia\u0107 informacje o twojej firmie na swoich platformach spo\u0142eczno\u015bciowych.<br \/>\n10. Nieograniczona&nbsp;ilo\u015b\u0107 aktualizacji \/ edycji karty VIP<br \/>\n11. Nieograniczona ilo\u015b\u0107&nbsp; udost\u0119pniania informacje z karty VIP.<br \/>\n12.&nbsp;Plakietka na biurko\/lad<span id=\"result_box\" lang=\"pl\">\u0119<\/span> do&nbsp;wsp\u00f3\u0142dzielenia informacji&nbsp;z&nbsp;Twojej&nbsp;karty VIP z wydrukowanym i zaprogramowanym dla ciebie kodem QR.<br \/>\n13. Chip NFC (Near Field Communication \/ <span class=\"short_text\" id=\"result_box\" lang=\"pl\">komunikacja w pobli\u017cu pola<\/span><span class=\"trans-verified-button goog-toolbar-button\" id=\"t-served-community-button\" role=\"button\" aria-hidden=\"true\"><\/span>) wszczepiony w plakietk<span id=\"result_box\" lang=\"pl\">\u0119 <\/span>VIP.<br \/>\n14.&nbsp;1 interaktywna wizyt\u00f3wk<span id=\"result_box\" lang=\"pl\">a<\/span> VIP z wszczepionym&nbsp;i zaprogramowanym chipem NFC oraz wydrukowanym na niej kodem QR prowadz\u0105cym do Twojej VIP.<br \/>\n<\/span><\/p>\n<\/div>\n<div dir=\"ltr\">&nbsp;<\/div>\n<\/div>\n<\/div>\n","protected":false},"excerpt":{"rendered":"<p>Karta VIP&nbsp;to tw\u00f3j krok w przysz\u0142o\u015b\u0107. W dzisiejszym \u015bwiecie spos\u00f3b, w jaki ludzie robi\u0105 interesy, szybko si\u0119 zmienia. Je\u015bli chcemy odnie\u015b\u0107 sukces, musimy porusza\u0107 si\u0119 szybciej. DiBuCard to najlepsze narz\u0119dzie w \u015bwiecie biznesu, aby nad\u0105\u017cy\u0107 za konkurencj\u0105. Tworzymy rozwi\u0105zania, kt\u00f3re pozwalaj\u0105 przyspieszy\u0107 Tw\u00f3j biznes gdy prowadzisz dzia\u0142alno\u015b\u0107 w 21 wieku. Posiadaj\u0105c cyfrow\u0105 wizyt\u00f3wk\u0119 DiBuCard jeste\u015b [&hellip;]<\/p>\n","protected":false},"author":102,"featured_media":0,"parent":0,"menu_order":0,"comment_status":"closed","ping_status":"closed","template":"","meta":{"ngg_post_thumbnail":0,"footnotes":""},"_links":{"self":[{"href":"https:\/\/www.dibucard.com\/dbcpl\/wp-json\/wp\/v2\/pages\/130"}],"collection":[{"href":"https:\/\/www.dibucard.com\/dbcpl\/wp-json\/wp\/v2\/pages"}],"about":[{"href":"https:\/\/www.dibucard.com\/dbcpl\/wp-json\/wp\/v2\/types\/page"}],"author":[{"embeddable":true,"href":"https:\/\/www.dibucard.com\/dbcpl\/wp-json\/wp\/v2\/users\/102"}],"replies":[{"embeddable":true,"href":"https:\/\/www.dibucard.com\/dbcpl\/wp-json\/wp\/v2\/comments?post=130"}],"version-history":[{"count":33,"href":"https:\/\/www.dibucard.com\/dbcpl\/wp-json\/wp\/v2\/pages\/130\/revisions"}],"predecessor-version":[{"id":419,"href":"https:\/\/www.dibucard.com\/dbcpl\/wp-json\/wp\/v2\/pages\/130\/revisions\/419"}],"wp:attachment":[{"href":"https:\/\/www.dibucard.com\/dbcpl\/wp-json\/wp\/v2\/media?parent=130"}],"curies":[{"name":"wp","href":"https:\/\/api.w.org\/{rel}","templated":true}]}}