{"id":60,"date":"2017-12-16T15:24:09","date_gmt":"2017-12-16T15:24:09","guid":{"rendered":"https:\/\/www.dibucard.com\/dbcd\/?page_id=60"},"modified":"2017-12-16T15:25:17","modified_gmt":"2017-12-16T15:25:17","slug":"social-media","status":"publish","type":"page","link":"https:\/\/www.dibucard.com\/dbcd\/social-media\/","title":{"rendered":"Social Media"},"content":{"rendered":"<p style=\"text-align: center;\"><span style=\"color: #99ccff;\"><strong><span id=\"result_box\" class=\"short_text\" lang=\"de\" style=\"font-size: 14pt;\">DiBuCard und Social Media<\/span><\/strong><\/span><\/p>\n<p><img fetchpriority=\"high\" decoding=\"async\" class=\"size-medium wp-image-58 aligncenter\" src=\"https:\/\/www.dibucard.com\/dbcd\/wp-content\/uploads\/sites\/31\/2017\/12\/Social-Media-500x220.png\" alt=\"\" width=\"500\" height=\"220\" srcset=\"https:\/\/www.dibucard.com\/dbcd\/wp-content\/uploads\/sites\/31\/2017\/12\/Social-Media-500x220.png 500w, https:\/\/www.dibucard.com\/dbcd\/wp-content\/uploads\/sites\/31\/2017\/12\/Social-Media-250x110.png 250w, https:\/\/www.dibucard.com\/dbcd\/wp-content\/uploads\/sites\/31\/2017\/12\/Social-Media-768x338.png 768w, https:\/\/www.dibucard.com\/dbcd\/wp-content\/uploads\/sites\/31\/2017\/12\/Social-Media.png 973w\" sizes=\"(max-width: 500px) 100vw, 500px\" \/><\/p>\n<p><span style=\"font-size: 14pt;\"><span id=\"result_box\" lang=\"de\" style=\"color: #99ccff;\">DiBuCard ist die erste e-Business Card, die f\u00fcr die Zusammenarbeit mit sozialen Medien entwickelt wurde. Sie k\u00f6nnen nicht nur Visitenkarten mit Ihren Kunden teilen, sondern auch die Facebook-Seite Ihres Unternehmens, auf der Ihre Kunden interagieren und alle Nachrichten und Informationen, die Sie mit Ihren Besuchern teilen, in einer aktuellen Zeit lesen k\u00f6nnen. Ihre Kunden k\u00f6nnen Ihre Seite &#8220;Gef\u00e4llt mir&#8221;, direkt von Ihrer E-Business-Karte, die Sie mit ihnen geteilt haben, kommentieren und Kontakte kn\u00fcpfen.<\/span><\/span><\/p>\n<p><span style=\"color: #99ccff; font-size: 14pt;\">Nutzen Sie den Vorteil der DiBuCard e-Business Card, um neue Kunden mit Social Media zu erreichen, ohne dass sie als Spam oder Verk\u00e4ufer erscheinen oder Ihre Freunde, Familie und Follower verfremden!<\/span><span id=\"t-served-community-button\" class=\"trans-verified-button goog-toolbar-button\" role=\"button\" aria-hidden=\"true\"><\/span><\/p>\n<p><img decoding=\"async\" class=\"alignnone wp-image-19 size-full\" src=\"https:\/\/www.dibucard.com\/dbcd\/wp-content\/uploads\/sites\/31\/2017\/12\/Grey-bar.jpg\" alt=\"\" width=\"1322\" height=\"3\" srcset=\"https:\/\/www.dibucard.com\/dbcd\/wp-content\/uploads\/sites\/31\/2017\/12\/Grey-bar.jpg 1322w, https:\/\/www.dibucard.com\/dbcd\/wp-content\/uploads\/sites\/31\/2017\/12\/Grey-bar-250x1.jpg 250w, https:\/\/www.dibucard.com\/dbcd\/wp-content\/uploads\/sites\/31\/2017\/12\/Grey-bar-500x1.jpg 500w, https:\/\/www.dibucard.com\/dbcd\/wp-content\/uploads\/sites\/31\/2017\/12\/Grey-bar-768x2.jpg 768w, https:\/\/www.dibucard.com\/dbcd\/wp-content\/uploads\/sites\/31\/2017\/12\/Grey-bar-1024x2.jpg 1024w, https:\/\/www.dibucard.com\/dbcd\/wp-content\/uploads\/sites\/31\/2017\/12\/Grey-bar-748x3.jpg 748w\" sizes=\"(max-width: 1322px) 100vw, 1322px\" \/><\/p>\n<p><span id=\"result_box\" lang=\"de\" style=\"color: #99ccff; font-size: 14pt;\">Mit DiBuCard k\u00f6nnen Sie:<\/span><\/p>\n<ul style=\"list-style-type: circle;\">\n<li><span id=\"result_box\" lang=\"de\" style=\"color: #99ccff; font-size: 14pt;\">Verbinde dich mit mehr Menschen \u00fcber soziale Medien<\/span><\/li>\n<li><span id=\"result_box\" lang=\"de\" style=\"color: #99ccff; font-size: 14pt;\">Verbringen Sie Ihre Zeit mit Social Media<\/span><\/li>\n<li><span id=\"result_box\" lang=\"de\" style=\"color: #99ccff; font-size: 14pt;\">Werben Sie f\u00fcr Ihr Unternehmen, ohne dabei spammy und salesy zu erscheinen<\/span><\/li>\n<li><span style=\"font-size: 14pt;\"><span id=\"result_box\" lang=\"de\" style=\"color: #99ccff;\">Bauen Sie Ihre Marke auf und ziehen Sie Menschen f\u00fcr sich und Ihr Unternehmen an<br \/>\nSteigern Sie kontinuierlich Ihre Kundenliste<\/span><span id=\"t-served-community-button\" class=\"trans-verified-button goog-toolbar-button\" role=\"button\" aria-hidden=\"true\"><\/span><\/span><\/li>\n<\/ul>\n<p><img decoding=\"async\" class=\"size-medium wp-image-61 aligncenter\" src=\"https:\/\/www.dibucard.com\/dbcd\/wp-content\/uploads\/sites\/31\/2017\/12\/Connect-them-all-500x498.png\" alt=\"\" width=\"500\" height=\"498\" srcset=\"https:\/\/www.dibucard.com\/dbcd\/wp-content\/uploads\/sites\/31\/2017\/12\/Connect-them-all-500x498.png 500w, https:\/\/www.dibucard.com\/dbcd\/wp-content\/uploads\/sites\/31\/2017\/12\/Connect-them-all-250x250.png 250w, https:\/\/www.dibucard.com\/dbcd\/wp-content\/uploads\/sites\/31\/2017\/12\/Connect-them-all-768x764.png 768w, https:\/\/www.dibucard.com\/dbcd\/wp-content\/uploads\/sites\/31\/2017\/12\/Connect-them-all.png 873w\" sizes=\"(max-width: 500px) 100vw, 500px\" \/><\/p>\n<p>&nbsp;<\/p>\n<p><span style=\"color: #99ccff;\"><strong><span id=\"result_box\" lang=\"de\" style=\"font-size: 14pt;\">Mit DiBuCard k\u00f6nnen Sie Ihre Konkurrenz aussperren.<\/span><\/strong><\/span><\/p>\n<p><span id=\"result_box\" lang=\"de\" style=\"color: #99ccff; font-size: 14pt;\"><span title=\"We are living in an increasingly digital world.\">Wir leben in einer zunehmend digitalen Welt. <\/span><span title=\"The old business strategy of exchanging business cards is quickly becoming obsolete.\">Die alte Gesch\u00e4ftsstrategie, Visitenkarten auszutauschen, wird schnell obsolet. <\/span><span title=\"Social media has taken over as the way people communicate, connect, keep up with current events, find entertainment, and make purchases.\">Soziale Medien haben die Art und Weise \u00fcbernommen, wie Menschen kommunizieren, sich verbinden, mit aktuellen Ereignissen Schritt halten, Unterhaltung finden und Eink\u00e4ufe t\u00e4tigen. <\/span><span title=\"And it\u2019s not going away.\">Und es geht nicht weg. <\/span><span title=\"That is why it is becoming increasingly important for business owners to have necessary tools for marketing on Facebook, Instagram, YouTube, and other platforms. \">Aus diesem Grund wird es f\u00fcr Gesch\u00e4ftsinhaber immer wichtiger, \u00fcber die notwendigen Tools f\u00fcr das Marketing auf Facebook, Instagram, YouTube und anderen Plattformen zu verf\u00fcgen.<\/span><\/span><\/p>\n<p><span style=\"color: #99ccff;\"><span title=\"DiBuCard on social media can grow your business to new heights.\">DiBuCard in sozialen Medien kann Ihr Unternehmen auf neue H\u00f6hen bringen. <\/span><span title=\"DiBuCard has the power to integrate this new platform into your business so that you can attract more customers and grow your business. \">DiBuCard hat die Macht, diese neue Plattform in Ihr Gesch\u00e4ft zu integrieren, so dass Sie mehr Kunden anziehen und Ihr Gesch\u00e4ft wachsen k\u00f6nnen.<\/span><\/span><\/p>\n<p><span style=\"color: #99ccff;\"><span title=\"DiBuCard is a virtual connection with your customers regarding your company, services or products.\">DiBuCard ist eine virtuelle Verbindung mit Ihren Kunden in Bezug auf Ihr Unternehmen, Dienstleistungen oder Produkte. <\/span><span title=\"You can connect and inform your customers about sales, special offers or events in your company at the present time.\">Sie k\u00f6nnen Ihre Kunden aktuell \u00fcber Verk\u00e4ufe, Sonderangebote oder Veranstaltungen in Ihrem Unternehmen informieren und informieren. <\/span><span title=\"By updating information on your DiBuCard account, you update all of your DiBuCard ever made available at the same time.\">Indem Sie Informationen auf Ihrem DiBuCard-Konto aktualisieren, aktualisieren Sie alle Ihre DiBuCard, die zur gleichen Zeit zur Verf\u00fcgung gestellt wurden. <\/span><span title=\"Using conventional communication methods this simply can not be done.\">Mit herk\u00f6mmlichen Kommunikationsmethoden ist dies einfach nicht m\u00f6glich. <\/span><span title=\"With DiBuCard you can do it all at once and from one place \u2026 Your customers always have up-to-date information about your company on their own phones.\">Mit DiBuCard k\u00f6nnen Sie alles auf einmal und von einem Ort aus &#8230; Ihre Kunden haben immer aktuelle Informationen \u00fcber Ihr Unternehmen auf ihren eigenen Telefonen.<\/span><\/span><\/p>\n<p><img decoding=\"async\" class=\"alignnone wp-image-19 size-full\" src=\"https:\/\/www.dibucard.com\/dbcd\/wp-content\/uploads\/sites\/31\/2017\/12\/Grey-bar.jpg\" alt=\"\" width=\"1322\" height=\"3\" srcset=\"https:\/\/www.dibucard.com\/dbcd\/wp-content\/uploads\/sites\/31\/2017\/12\/Grey-bar.jpg 1322w, https:\/\/www.dibucard.com\/dbcd\/wp-content\/uploads\/sites\/31\/2017\/12\/Grey-bar-250x1.jpg 250w, https:\/\/www.dibucard.com\/dbcd\/wp-content\/uploads\/sites\/31\/2017\/12\/Grey-bar-500x1.jpg 500w, https:\/\/www.dibucard.com\/dbcd\/wp-content\/uploads\/sites\/31\/2017\/12\/Grey-bar-768x2.jpg 768w, https:\/\/www.dibucard.com\/dbcd\/wp-content\/uploads\/sites\/31\/2017\/12\/Grey-bar-1024x2.jpg 1024w, https:\/\/www.dibucard.com\/dbcd\/wp-content\/uploads\/sites\/31\/2017\/12\/Grey-bar-748x3.jpg 748w\" sizes=\"(max-width: 1322px) 100vw, 1322px\" \/><\/p>\n<p style=\"text-align: center;\"><span style=\"color: #99ccff;\"><strong><span id=\"result_box\" lang=\"de\" style=\"font-size: 14pt;\">Warten Sie nicht, holen Sie sich heute Ihre DiBuCard<\/span><\/strong><\/span><\/p>\n","protected":false},"excerpt":{"rendered":"<p>DiBuCard und Social Media DiBuCard ist die erste e-Business Card, die f\u00fcr die Zusammenarbeit mit sozialen Medien entwickelt wurde. Sie k\u00f6nnen nicht nur Visitenkarten mit Ihren Kunden teilen, sondern auch die Facebook-Seite Ihres Unternehmens, auf der Ihre Kunden interagieren und alle Nachrichten und Informationen, die Sie mit Ihren Besuchern teilen, in einer aktuellen Zeit lesen [&hellip;]<\/p>\n","protected":false},"author":102,"featured_media":0,"parent":0,"menu_order":0,"comment_status":"closed","ping_status":"closed","template":"","meta":{"ngg_post_thumbnail":0,"footnotes":""},"_links":{"self":[{"href":"https:\/\/www.dibucard.com\/dbcd\/wp-json\/wp\/v2\/pages\/60"}],"collection":[{"href":"https:\/\/www.dibucard.com\/dbcd\/wp-json\/wp\/v2\/pages"}],"about":[{"href":"https:\/\/www.dibucard.com\/dbcd\/wp-json\/wp\/v2\/types\/page"}],"author":[{"embeddable":true,"href":"https:\/\/www.dibucard.com\/dbcd\/wp-json\/wp\/v2\/users\/102"}],"replies":[{"embeddable":true,"href":"https:\/\/www.dibucard.com\/dbcd\/wp-json\/wp\/v2\/comments?post=60"}],"version-history":[{"count":3,"href":"https:\/\/www.dibucard.com\/dbcd\/wp-json\/wp\/v2\/pages\/60\/revisions"}],"predecessor-version":[{"id":64,"href":"https:\/\/www.dibucard.com\/dbcd\/wp-json\/wp\/v2\/pages\/60\/revisions\/64"}],"wp:attachment":[{"href":"https:\/\/www.dibucard.com\/dbcd\/wp-json\/wp\/v2\/media?parent=60"}],"curies":[{"name":"wp","href":"https:\/\/api.w.org\/{rel}","templated":true}]}}