{"id":26,"date":"2017-12-04T17:14:29","date_gmt":"2017-12-04T17:14:29","guid":{"rendered":"https:\/\/www.dibucard.com\/dbcd\/?page_id=26"},"modified":"2021-10-17T04:26:37","modified_gmt":"2021-10-17T04:26:37","slug":"mein-konto","status":"publish","type":"page","link":"https:\/\/www.dibucard.com\/dbcd\/sample-page\/mein-konto\/","title":{"rendered":"Mein Konto"},"content":{"rendered":"\t\t<div data-elementor-type=\"wp-page\" data-elementor-id=\"26\" class=\"elementor elementor-26\">\n\t\t\t\t\t\t<section class=\"elementor-section elementor-top-section elementor-element elementor-element-4bd28383 elementor-section-boxed elementor-section-height-default elementor-section-height-default\" data-id=\"4bd28383\" data-element_type=\"section\">\n\t\t\t\t\t\t<div class=\"elementor-container elementor-column-gap-default\">\n\t\t\t\t\t<div class=\"elementor-column elementor-col-100 elementor-top-column elementor-element elementor-element-67613141\" data-id=\"67613141\" data-element_type=\"column\">\n\t\t\t<div class=\"elementor-widget-wrap elementor-element-populated\">\n\t\t\t\t\t\t<div class=\"elementor-element elementor-element-420defc elementor-widget elementor-widget-text-editor\" data-id=\"420defc\" data-element_type=\"widget\" data-widget_type=\"text-editor.default\">\n\t\t\t\t<div class=\"elementor-widget-container\">\n\t\t\t\t\t\t\t<p><span id=\"result_box\" lang=\"de\" style=\"color: #ccffcc; font-size: 14pt;\">Herzlichen Gl\u00fcckwunsch, Sie sind nur drei einfache Schritte von einem modernen Weg der Weitergabe Ihrer Gesch\u00e4ftsinformationen an Ihre Kunden, Kunden und Gesch\u00e4ftspartner. Lass sie wissen, wer du bist, was du tust und wie sie dich auf moderne Weise kontaktieren k\u00f6nnen. Erstellen Sie jetzt Ihre interaktive digitale Visitenkarte.<\/span><\/p><p><span style=\"color: #ccffcc; font-size: 14pt;\">Wie funktioniert eine digitale Visitenkarte?<\/span><br \/><span style=\"font-size: 14pt;\"><span style=\"color: #ccffcc;\">Eine digitale Visitenkarte (auch als virtuelle oder elektronische Visitenkarten bezeichnet) ist ein Online-Mittel zum Austausch von Kontaktinformationen. &#8230; Zus\u00e4tzlich zu Ihren normalen Kontaktinformationen (wie Name, Firma, E-Mail-Adresse und Telefonnummer) k\u00f6nnen Sie Ihre Karte mit einem Foto oder Video, einem Logo, Social Media-Profilen und vielem mehr bereichern.<\/span><\/span><\/p>\t\t\t\t\t\t<\/div>\n\t\t\t\t<\/div>\n\t\t\t\t\t<\/div>\n\t\t<\/div>\n\t\t\t\t\t<\/div>\n\t\t<\/section>\n\t\t\t\t<section class=\"elementor-section elementor-top-section elementor-element elementor-element-e9b4f03 elementor-section-boxed elementor-section-height-default elementor-section-height-default\" data-id=\"e9b4f03\" data-element_type=\"section\">\n\t\t\t\t\t\t<div class=\"elementor-container elementor-column-gap-default\">\n\t\t\t\t\t<div class=\"elementor-column elementor-col-20 elementor-top-column elementor-element elementor-element-980fe3d\" data-id=\"980fe3d\" data-element_type=\"column\">\n\t\t\t<div class=\"elementor-widget-wrap elementor-element-populated\">\n\t\t\t\t\t\t<div class=\"elementor-element elementor-element-7456019 elementor-widget elementor-widget-image\" data-id=\"7456019\" data-element_type=\"widget\" data-widget_type=\"image.default\">\n\t\t\t\t<div class=\"elementor-widget-container\">\n\t\t\t\t\t\t\t\t\t\t\t\t\t\t<a href=\"https:\/\/www.dibucard.com\/dbcd\/sample-page\/mein-konto\/vip-kartenprofil\/\">\n\t\t\t\t\t\t\t<img fetchpriority=\"high\" decoding=\"async\" width=\"234\" height=\"350\" src=\"https:\/\/www.dibucard.com\/dbcd\/wp-content\/uploads\/sites\/31\/2020\/10\/Mine-konto-01.jpg\" class=\"attachment-large size-large wp-image-92\" alt=\"\" srcset=\"https:\/\/www.dibucard.com\/dbcd\/wp-content\/uploads\/sites\/31\/2020\/10\/Mine-konto-01.jpg 234w, https:\/\/www.dibucard.com\/dbcd\/wp-content\/uploads\/sites\/31\/2020\/10\/Mine-konto-01-167x250.jpg 167w\" sizes=\"(max-width: 234px) 100vw, 234px\" \/>\t\t\t\t\t\t\t\t<\/a>\n\t\t\t\t\t\t\t\t\t\t\t\t\t<\/div>\n\t\t\t\t<\/div>\n\t\t\t\t\t<\/div>\n\t\t<\/div>\n\t\t\t\t<div class=\"elementor-column elementor-col-20 elementor-top-column elementor-element elementor-element-c82b211\" data-id=\"c82b211\" data-element_type=\"column\">\n\t\t\t<div class=\"elementor-widget-wrap elementor-element-populated\">\n\t\t\t\t\t\t<div class=\"elementor-element elementor-element-240d474 elementor-widget elementor-widget-image\" data-id=\"240d474\" data-element_type=\"widget\" data-widget_type=\"image.default\">\n\t\t\t\t<div class=\"elementor-widget-container\">\n\t\t\t\t\t\t\t\t\t\t\t\t\t\t<a href=\"https:\/\/www.dibucard.com\/dbcd\/sample-page\/mein-konto\/anleitung\/\">\n\t\t\t\t\t\t\t<img decoding=\"async\" width=\"234\" height=\"350\" src=\"https:\/\/www.dibucard.com\/dbcd\/wp-content\/uploads\/sites\/31\/2020\/10\/Mine-konto-02.jpg\" class=\"attachment-large size-large wp-image-93\" alt=\"\" srcset=\"https:\/\/www.dibucard.com\/dbcd\/wp-content\/uploads\/sites\/31\/2020\/10\/Mine-konto-02.jpg 234w, https:\/\/www.dibucard.com\/dbcd\/wp-content\/uploads\/sites\/31\/2020\/10\/Mine-konto-02-167x250.jpg 167w\" sizes=\"(max-width: 234px) 100vw, 234px\" \/>\t\t\t\t\t\t\t\t<\/a>\n\t\t\t\t\t\t\t\t\t\t\t\t\t<\/div>\n\t\t\t\t<\/div>\n\t\t\t\t\t<\/div>\n\t\t<\/div>\n\t\t\t\t<div class=\"elementor-column elementor-col-20 elementor-top-column elementor-element elementor-element-19fe0d7\" data-id=\"19fe0d7\" data-element_type=\"column\">\n\t\t\t<div class=\"elementor-widget-wrap elementor-element-populated\">\n\t\t\t\t\t\t<div class=\"elementor-element elementor-element-2df0b3c elementor-widget elementor-widget-image\" data-id=\"2df0b3c\" data-element_type=\"widget\" data-widget_type=\"image.default\">\n\t\t\t\t<div class=\"elementor-widget-container\">\n\t\t\t\t\t\t\t\t\t\t\t\t\t\t<a href=\"https:\/\/www.dibucard.com\/thebeplan\/\" target=\"_blank\">\n\t\t\t\t\t\t\t<img decoding=\"async\" width=\"234\" height=\"350\" src=\"https:\/\/www.dibucard.com\/dbcd\/wp-content\/uploads\/sites\/31\/2020\/10\/Mine-konto-04.jpg\" class=\"attachment-large size-large wp-image-112\" alt=\"\" srcset=\"https:\/\/www.dibucard.com\/dbcd\/wp-content\/uploads\/sites\/31\/2020\/10\/Mine-konto-04.jpg 234w, https:\/\/www.dibucard.com\/dbcd\/wp-content\/uploads\/sites\/31\/2020\/10\/Mine-konto-04-167x250.jpg 167w\" sizes=\"(max-width: 234px) 100vw, 234px\" \/>\t\t\t\t\t\t\t\t<\/a>\n\t\t\t\t\t\t\t\t\t\t\t\t\t<\/div>\n\t\t\t\t<\/div>\n\t\t\t\t\t<\/div>\n\t\t<\/div>\n\t\t\t\t<div class=\"elementor-column elementor-col-20 elementor-top-column elementor-element elementor-element-b850532\" data-id=\"b850532\" data-element_type=\"column\">\n\t\t\t<div class=\"elementor-widget-wrap elementor-element-populated\">\n\t\t\t\t\t\t<div class=\"elementor-element elementor-element-e191e2d elementor-widget elementor-widget-image\" data-id=\"e191e2d\" data-element_type=\"widget\" data-widget_type=\"image.default\">\n\t\t\t\t<div class=\"elementor-widget-container\">\n\t\t\t\t\t\t\t\t\t\t\t\t\t\t<a href=\"https:\/\/www.dibucard.com\/dbcd\/sample-page\/mein-konto\/vip-kartengebuhren\/\">\n\t\t\t\t\t\t\t<img loading=\"lazy\" decoding=\"async\" width=\"234\" height=\"350\" src=\"https:\/\/www.dibucard.com\/dbcd\/wp-content\/uploads\/sites\/31\/2020\/10\/Mine-konto-03.jpg\" class=\"attachment-large size-large wp-image-94\" alt=\"\" srcset=\"https:\/\/www.dibucard.com\/dbcd\/wp-content\/uploads\/sites\/31\/2020\/10\/Mine-konto-03.jpg 234w, https:\/\/www.dibucard.com\/dbcd\/wp-content\/uploads\/sites\/31\/2020\/10\/Mine-konto-03-167x250.jpg 167w\" sizes=\"(max-width: 234px) 100vw, 234px\" \/>\t\t\t\t\t\t\t\t<\/a>\n\t\t\t\t\t\t\t\t\t\t\t\t\t<\/div>\n\t\t\t\t<\/div>\n\t\t\t\t\t<\/div>\n\t\t<\/div>\n\t\t\t\t<div class=\"elementor-column elementor-col-20 elementor-top-column elementor-element elementor-element-54f9605\" data-id=\"54f9605\" data-element_type=\"column\">\n\t\t\t<div class=\"elementor-widget-wrap elementor-element-populated\">\n\t\t\t\t\t\t<div class=\"elementor-element elementor-element-f7ea462 elementor-widget elementor-widget-image\" data-id=\"f7ea462\" data-element_type=\"widget\" data-widget_type=\"image.default\">\n\t\t\t\t<div class=\"elementor-widget-container\">\n\t\t\t\t\t\t\t\t\t\t\t\t\t\t<a href=\"https:\/\/www.dibucard.com\/thebeplan\/account-information\/\">\n\t\t\t\t\t\t\t<img loading=\"lazy\" decoding=\"async\" width=\"234\" height=\"350\" src=\"https:\/\/www.dibucard.com\/dbcd\/wp-content\/uploads\/sites\/31\/2020\/12\/i-german.jpg\" class=\"attachment-large size-large wp-image-796\" alt=\"\" srcset=\"https:\/\/www.dibucard.com\/dbcd\/wp-content\/uploads\/sites\/31\/2020\/12\/i-german.jpg 234w, https:\/\/www.dibucard.com\/dbcd\/wp-content\/uploads\/sites\/31\/2020\/12\/i-german-167x250.jpg 167w\" sizes=\"(max-width: 234px) 100vw, 234px\" \/>\t\t\t\t\t\t\t\t<\/a>\n\t\t\t\t\t\t\t\t\t\t\t\t\t<\/div>\n\t\t\t\t<\/div>\n\t\t\t\t\t<\/div>\n\t\t<\/div>\n\t\t\t\t\t<\/div>\n\t\t<\/section>\n\t\t\t\t<section class=\"elementor-section elementor-top-section elementor-element elementor-element-fdfe3f4 elementor-section-boxed elementor-section-height-default elementor-section-height-default\" data-id=\"fdfe3f4\" data-element_type=\"section\">\n\t\t\t\t\t\t<div class=\"elementor-container elementor-column-gap-default\">\n\t\t\t\t\t<div class=\"elementor-column elementor-col-100 elementor-top-column elementor-element elementor-element-a9a8cfd\" data-id=\"a9a8cfd\" data-element_type=\"column\" data-settings=\"{&quot;background_background&quot;:&quot;classic&quot;}\">\n\t\t\t<div class=\"elementor-widget-wrap elementor-element-populated\">\n\t\t\t\t\t\t<div class=\"elementor-element elementor-element-63d7274 elementor-widget-divider--view-line elementor-widget elementor-widget-divider\" data-id=\"63d7274\" data-element_type=\"widget\" data-widget_type=\"divider.default\">\n\t\t\t\t<div class=\"elementor-widget-container\">\n\t\t\t\t\t<div class=\"elementor-divider\">\n\t\t\t<span class=\"elementor-divider-separator\">\n\t\t\t\t\t\t<\/span>\n\t\t<\/div>\n\t\t\t\t<\/div>\n\t\t\t\t<\/div>\n\t\t\t\t<div class=\"elementor-element elementor-element-6c04a87 elementor-widget elementor-widget-text-editor\" data-id=\"6c04a87\" data-element_type=\"widget\" data-widget_type=\"text-editor.default\">\n\t\t\t\t<div class=\"elementor-widget-container\">\n\t\t\t\t\t\t\t<p style=\"text-align: center;\"><span style=\"font-size: 14pt; color: #ccffff;\">Um einen neuen Kunden in einem anderen Land zu speichern, w\u00e4hlen Sie den entsprechenden aus und klicken Sie auf die Schaltfl\u00e4che. Denken Sie daran, dass sich Ihre bcd-Nummer im Feld &#8220;Sponsor&#8221; befindet.<\/span><\/p>\t\t\t\t\t\t<\/div>\n\t\t\t\t<\/div>\n\t\t\t\t\t<\/div>\n\t\t<\/div>\n\t\t\t\t\t<\/div>\n\t\t<\/section>\n\t\t\t\t<section class=\"elementor-section elementor-top-section elementor-element elementor-element-ca14be5 elementor-section-boxed elementor-section-height-default elementor-section-height-default\" data-id=\"ca14be5\" data-element_type=\"section\" data-settings=\"{&quot;background_background&quot;:&quot;classic&quot;}\">\n\t\t\t\t\t\t<div class=\"elementor-container elementor-column-gap-default\">\n\t\t\t\t\t<div class=\"elementor-column elementor-col-33 elementor-top-column elementor-element elementor-element-3ba8fb4\" data-id=\"3ba8fb4\" data-element_type=\"column\">\n\t\t\t<div class=\"elementor-widget-wrap elementor-element-populated\">\n\t\t\t\t\t\t<div class=\"elementor-element elementor-element-9f1ebe2 elementor-widget elementor-widget-image\" data-id=\"9f1ebe2\" data-element_type=\"widget\" data-widget_type=\"image.default\">\n\t\t\t\t<div class=\"elementor-widget-container\">\n\t\t\t\t\t\t\t\t\t\t\t\t\t\t<a href=\"https:\/\/www.dibucard.com\/global\/signupcommunity.php\">\n\t\t\t\t\t\t\t<img loading=\"lazy\" decoding=\"async\" width=\"312\" height=\"147\" src=\"https:\/\/www.dibucard.com\/dbcd\/wp-content\/uploads\/sites\/31\/2021\/10\/Dibu-Global-logo.png\" class=\"attachment-large size-large wp-image-1028\" alt=\"\" srcset=\"https:\/\/www.dibucard.com\/dbcd\/wp-content\/uploads\/sites\/31\/2021\/10\/Dibu-Global-logo.png 312w, https:\/\/www.dibucard.com\/dbcd\/wp-content\/uploads\/sites\/31\/2021\/10\/Dibu-Global-logo-250x118.png 250w\" sizes=\"(max-width: 312px) 100vw, 312px\" \/>\t\t\t\t\t\t\t\t<\/a>\n\t\t\t\t\t\t\t\t\t\t\t\t\t<\/div>\n\t\t\t\t<\/div>\n\t\t\t\t\t<\/div>\n\t\t<\/div>\n\t\t\t\t<div class=\"elementor-column elementor-col-33 elementor-top-column elementor-element elementor-element-b1074a8\" data-id=\"b1074a8\" data-element_type=\"column\">\n\t\t\t<div class=\"elementor-widget-wrap elementor-element-populated\">\n\t\t\t\t\t\t<div class=\"elementor-element elementor-element-f27b572 elementor-widget elementor-widget-image\" data-id=\"f27b572\" data-element_type=\"widget\" data-widget_type=\"image.default\">\n\t\t\t\t<div class=\"elementor-widget-container\">\n\t\t\t\t\t\t\t\t\t\t\t\t\t\t<a href=\"https:\/\/www.dibucard.com\/dbc\/signupcommunity.php\">\n\t\t\t\t\t\t\t<img loading=\"lazy\" decoding=\"async\" width=\"312\" height=\"147\" src=\"https:\/\/www.dibucard.com\/dbcd\/wp-content\/uploads\/sites\/31\/2021\/10\/DiBuCard-USA-logo.png\" class=\"attachment-large size-large wp-image-1016\" alt=\"\" srcset=\"https:\/\/www.dibucard.com\/dbcd\/wp-content\/uploads\/sites\/31\/2021\/10\/DiBuCard-USA-logo.png 312w, https:\/\/www.dibucard.com\/dbcd\/wp-content\/uploads\/sites\/31\/2021\/10\/DiBuCard-USA-logo-250x118.png 250w\" sizes=\"(max-width: 312px) 100vw, 312px\" \/>\t\t\t\t\t\t\t\t<\/a>\n\t\t\t\t\t\t\t\t\t\t\t\t\t<\/div>\n\t\t\t\t<\/div>\n\t\t\t\t\t<\/div>\n\t\t<\/div>\n\t\t\t\t<div class=\"elementor-column elementor-col-33 elementor-top-column elementor-element elementor-element-3abff36\" data-id=\"3abff36\" data-element_type=\"column\">\n\t\t\t<div class=\"elementor-widget-wrap elementor-element-populated\">\n\t\t\t\t\t\t<div class=\"elementor-element elementor-element-bd7011f elementor-widget elementor-widget-image\" data-id=\"bd7011f\" data-element_type=\"widget\" data-widget_type=\"image.default\">\n\t\t\t\t<div class=\"elementor-widget-container\">\n\t\t\t\t\t\t\t\t\t\t\t\t\t\t<a href=\"https:\/\/www.dibucard.com\/dbcpl\/signupcommunity.php\">\n\t\t\t\t\t\t\t<img loading=\"lazy\" decoding=\"async\" width=\"312\" height=\"147\" src=\"https:\/\/www.dibucard.com\/dbcd\/wp-content\/uploads\/sites\/31\/2021\/10\/DiBuCard-Polska-logo.png\" class=\"attachment-large size-large wp-image-1021\" alt=\"\" srcset=\"https:\/\/www.dibucard.com\/dbcd\/wp-content\/uploads\/sites\/31\/2021\/10\/DiBuCard-Polska-logo.png 312w, https:\/\/www.dibucard.com\/dbcd\/wp-content\/uploads\/sites\/31\/2021\/10\/DiBuCard-Polska-logo-250x118.png 250w\" sizes=\"(max-width: 312px) 100vw, 312px\" \/>\t\t\t\t\t\t\t\t<\/a>\n\t\t\t\t\t\t\t\t\t\t\t\t\t<\/div>\n\t\t\t\t<\/div>\n\t\t\t\t\t<\/div>\n\t\t<\/div>\n\t\t\t\t\t<\/div>\n\t\t<\/section>\n\t\t\t\t<section class=\"elementor-section elementor-top-section elementor-element elementor-element-d21cccc elementor-section-boxed elementor-section-height-default elementor-section-height-default\" data-id=\"d21cccc\" data-element_type=\"section\">\n\t\t\t\t\t\t<div class=\"elementor-container elementor-column-gap-default\">\n\t\t\t\t\t<div class=\"elementor-column elementor-col-100 elementor-top-column elementor-element elementor-element-72a2866\" data-id=\"72a2866\" data-element_type=\"column\">\n\t\t\t<div class=\"elementor-widget-wrap elementor-element-populated\">\n\t\t\t\t\t\t<div class=\"elementor-element elementor-element-c5464cc elementor-button-success elementor-align-center elementor-widget elementor-widget-button\" data-id=\"c5464cc\" data-element_type=\"widget\" data-widget_type=\"button.default\">\n\t\t\t\t<div class=\"elementor-widget-container\">\n\t\t\t\t\t<div class=\"elementor-button-wrapper\">\n\t\t\t<a class=\"elementor-button elementor-button-link elementor-size-xl\" href=\"https:\/\/www.dibucard.com\/tbp-poland\/\" target=\"_blank\">\n\t\t\t\t\t\t<span class=\"elementor-button-content-wrapper\">\n\t\t\t\t\t\t\t\t\t<span class=\"elementor-button-text\">TheBePlan hier klicken<\/span>\n\t\t\t\t\t<\/span>\n\t\t\t\t\t<\/a>\n\t\t<\/div>\n\t\t\t\t<\/div>\n\t\t\t\t<\/div>\n\t\t\t\t\t<\/div>\n\t\t<\/div>\n\t\t\t\t\t<\/div>\n\t\t<\/section>\n\t\t\t\t<\/div>\n\t\t","protected":false},"excerpt":{"rendered":"<p>Herzlichen Gl\u00fcckwunsch, Sie sind nur drei einfache Schritte von einem modernen Weg der Weitergabe Ihrer Gesch\u00e4ftsinformationen an Ihre Kunden, Kunden und Gesch\u00e4ftspartner. Lass sie wissen, wer du bist, was du tust und wie sie dich auf moderne Weise kontaktieren k\u00f6nnen. Erstellen Sie jetzt Ihre interaktive digitale Visitenkarte. Wie funktioniert eine digitale Visitenkarte?Eine digitale Visitenkarte (auch [&hellip;]<\/p>\n","protected":false},"author":102,"featured_media":0,"parent":2,"menu_order":0,"comment_status":"closed","ping_status":"closed","template":"myaccount-template.php","meta":{"ngg_post_thumbnail":0,"footnotes":""},"_links":{"self":[{"href":"https:\/\/www.dibucard.com\/dbcd\/wp-json\/wp\/v2\/pages\/26"}],"collection":[{"href":"https:\/\/www.dibucard.com\/dbcd\/wp-json\/wp\/v2\/pages"}],"about":[{"href":"https:\/\/www.dibucard.com\/dbcd\/wp-json\/wp\/v2\/types\/page"}],"author":[{"embeddable":true,"href":"https:\/\/www.dibucard.com\/dbcd\/wp-json\/wp\/v2\/users\/102"}],"replies":[{"embeddable":true,"href":"https:\/\/www.dibucard.com\/dbcd\/wp-json\/wp\/v2\/comments?post=26"}],"version-history":[{"count":44,"href":"https:\/\/www.dibucard.com\/dbcd\/wp-json\/wp\/v2\/pages\/26\/revisions"}],"predecessor-version":[{"id":1034,"href":"https:\/\/www.dibucard.com\/dbcd\/wp-json\/wp\/v2\/pages\/26\/revisions\/1034"}],"up":[{"embeddable":true,"href":"https:\/\/www.dibucard.com\/dbcd\/wp-json\/wp\/v2\/pages\/2"}],"wp:attachment":[{"href":"https:\/\/www.dibucard.com\/dbcd\/wp-json\/wp\/v2\/media?parent=26"}],"curies":[{"name":"wp","href":"https:\/\/api.w.org\/{rel}","templated":true}]}}