{"id":2,"date":"2017-12-03T01:19:47","date_gmt":"2017-12-03T01:19:47","guid":{"rendered":"https:\/\/www.dibucard.com\/dbcd\/?page_id=2"},"modified":"2022-02-27T06:16:35","modified_gmt":"2022-02-27T06:16:35","slug":"sample-page","status":"publish","type":"page","link":"https:\/\/www.dibucard.com\/dbcd\/","title":{"rendered":"DiBuCard Deutschland&#8230; Die eine Visitenkarte, die Sie jemals brauchen werden."},"content":{"rendered":"\t\t<div data-elementor-type=\"wp-page\" data-elementor-id=\"2\" class=\"elementor elementor-2\">\n\t\t\t\t\t\t<section class=\"elementor-section elementor-top-section elementor-element elementor-element-7ca5dd4 elementor-section-boxed elementor-section-height-default elementor-section-height-default\" data-id=\"7ca5dd4\" data-element_type=\"section\">\n\t\t\t\t\t\t<div class=\"elementor-container elementor-column-gap-default\">\n\t\t\t\t\t<div class=\"elementor-column elementor-col-100 elementor-top-column elementor-element elementor-element-e88f26b\" data-id=\"e88f26b\" data-element_type=\"column\">\n\t\t\t<div class=\"elementor-widget-wrap elementor-element-populated\">\n\t\t\t\t\t\t<div class=\"elementor-element elementor-element-743f035 elementor-widget elementor-widget-image\" data-id=\"743f035\" data-element_type=\"widget\" data-widget_type=\"image.default\">\n\t\t\t\t<div class=\"elementor-widget-container\">\n\t\t\t\t\t\t\t\t\t\t\t\t\t<img fetchpriority=\"high\" decoding=\"async\" width=\"640\" height=\"265\" src=\"https:\/\/www.dibucard.com\/dbcd\/wp-content\/uploads\/sites\/31\/2022\/02\/SMU-gr.png\" class=\"attachment-large size-large wp-image-1079\" alt=\"\" srcset=\"https:\/\/www.dibucard.com\/dbcd\/wp-content\/uploads\/sites\/31\/2022\/02\/SMU-gr.png 957w, https:\/\/www.dibucard.com\/dbcd\/wp-content\/uploads\/sites\/31\/2022\/02\/SMU-gr-500x207.png 500w, https:\/\/www.dibucard.com\/dbcd\/wp-content\/uploads\/sites\/31\/2022\/02\/SMU-gr-250x104.png 250w, https:\/\/www.dibucard.com\/dbcd\/wp-content\/uploads\/sites\/31\/2022\/02\/SMU-gr-768x319.png 768w\" sizes=\"(max-width: 640px) 100vw, 640px\" \/>\t\t\t\t\t\t\t\t\t\t\t\t\t<\/div>\n\t\t\t\t<\/div>\n\t\t\t\t<div class=\"elementor-element elementor-element-67c6700f elementor-widget elementor-widget-text-editor\" data-id=\"67c6700f\" data-element_type=\"widget\" data-widget_type=\"text-editor.default\">\n\t\t\t\t<div class=\"elementor-widget-container\">\n\t\t\t\t\t\t\t<div id=\"gt-res-dir-ctr\" class=\"trans-verified-button-small\" dir=\"ltr\" style=\"text-align: center;\"><span style=\"font-size: 14pt;\"><strong><span id=\"result_box\" style=\"color: #99ccff;\" lang=\"de\"><span title=\"Welcome. \"><span id=\"result_box\" lang=\"de\">Willkommen bei der ersten Visitenkarte f\u00fcr Social Media.<\/span><\/span><\/span><\/strong><\/span><\/div>\n<div dir=\"ltr\" style=\"text-align: center;\">&nbsp;<img decoding=\"async\" class=\"alignnone size-medium wp-image-58\" src=\"https:\/\/www.dibucard.com\/dbcd\/wp-content\/uploads\/sites\/31\/2017\/12\/Social-Media-500x220.png\" alt=\"\" width=\"500\" height=\"220\" srcset=\"https:\/\/www.dibucard.com\/dbcd\/wp-content\/uploads\/sites\/31\/2017\/12\/Social-Media-500x220.png 500w, https:\/\/www.dibucard.com\/dbcd\/wp-content\/uploads\/sites\/31\/2017\/12\/Social-Media-250x110.png 250w, https:\/\/www.dibucard.com\/dbcd\/wp-content\/uploads\/sites\/31\/2017\/12\/Social-Media-768x338.png 768w, https:\/\/www.dibucard.com\/dbcd\/wp-content\/uploads\/sites\/31\/2017\/12\/Social-Media.png 973w\" sizes=\"(max-width: 500px) 100vw, 500px\" \/><\/div>\n<div dir=\"ltr\">&nbsp;<\/div>\n<div class=\"trans-verified-button-small\" dir=\"ltr\"><span id=\"result_box\" lang=\"de\"><span title=\"Welcome. \"><img decoding=\"async\" class=\"size-full wp-image-41 aligncenter\" src=\"https:\/\/www.dibucard.com\/dbcd\/wp-content\/uploads\/sites\/31\/2017\/12\/ph-to-ph-D.jpg\" alt=\"\" width=\"1155\" height=\"589\" srcset=\"https:\/\/www.dibucard.com\/dbcd\/wp-content\/uploads\/sites\/31\/2017\/12\/ph-to-ph-D.jpg 1155w, https:\/\/www.dibucard.com\/dbcd\/wp-content\/uploads\/sites\/31\/2017\/12\/ph-to-ph-D-250x127.jpg 250w, https:\/\/www.dibucard.com\/dbcd\/wp-content\/uploads\/sites\/31\/2017\/12\/ph-to-ph-D-500x255.jpg 500w, https:\/\/www.dibucard.com\/dbcd\/wp-content\/uploads\/sites\/31\/2017\/12\/ph-to-ph-D-768x392.jpg 768w, https:\/\/www.dibucard.com\/dbcd\/wp-content\/uploads\/sites\/31\/2017\/12\/ph-to-ph-D-1024x522.jpg 1024w\" sizes=\"(max-width: 1155px) 100vw, 1155px\" \/><\/span><\/span><\/div>\n<div dir=\"ltr\">&nbsp;<\/div>\n<div dir=\"ltr\">&nbsp;.<\/div>\n<div dir=\"ltr\">&nbsp;<\/div>\n<div class=\"trans-verified-button-small\" dir=\"ltr\"><span id=\"result_box\" style=\"font-size: 14pt;\" lang=\"de\"><span style=\"color: #99ccff;\" title=\"\u2022With DiBuCard for only $2.99\/ month or just $35.88 annually you can create a modern, virtual digital business card with a simple design optimized for viewing on all mobile devices as well as laptops and desktops pc-s.\">\u2022 <\/span><span title=\"Your digital DiBuCard is always with you ready to share. \"><span style=\"color: #99ccff;\"><span class=\"tlid-translation translation\" lang=\"de\"><span title=\"\">Mit DiBuCard f\u00fcr nur 9,99 USD \/ Monat k\u00f6nnen Sie eine moderne, virtuelle digitale Visitenkarte mit einfachem Design erstellen, die f\u00fcr die Anzeige auf allen Mobilger\u00e4ten sowie auf Laptops und PCs optimiert ist.<\/span> <span title=\"\">Erstellen Sie eine moderne virtuelle Visitenkarte f\u00fcr sich selbst, f\u00fcr Ihr Unternehmen oder f\u00fcr Ihre Mitarbeiter.<\/span> <span title=\"\">Sie m\u00fcssen nicht mehr nach Visitenkarten in Ihren Taschen suchen, wenn Sie sie brauchen.<\/span> <span class=\"\" title=\"\">Ihre digitale DiBuCard ist immer bereit.<\/span><\/span><\/span><\/span><\/span><\/div>\n<div class=\"trans-verified-button-small\" dir=\"ltr\">\n\n<span style=\"color: #99ccff;\">&nbsp;<\/span>\n<span style=\"color: #99ccff; font-size: 14pt;\"><span title=\"\u2022With DiBuCard you can create multiple cards under one account.\">\u2022 Mit DiBuCard k\u00f6nnen Sie mehrere Karten unter einem Konto erstellen. <\/span><span title=\"Edit your cards details at any time and as many time as you need it.\">Bearbeiten Sie Ihre Kartendetails jederzeit und so oft Sie m\u00f6chten. <\/span><span title=\"If any of the information change (business hours), just login to your DiBuCard account update it and published.\">Wenn sich die Informationen \u00e4ndern (Gesch\u00e4ftszeiten), melden Sie sich einfach bei Ihrem DiBuCard-Konto an und aktualisieren Sie sie. <\/span><span title=\"Each and every DiBuCard you ever share will be updated instantly.\">Jede DiBuCard, die Sie jemals geteilt haben, wird sofort aktualisiert. <\/span><span title=\"All your staff can represent your company with exact same and powerful way you personally designed. \">Alle Ihre Mitarbeiter k\u00f6nnen Ihr Unternehmen genau wie Sie selbst gestalten.<\/span><\/span>\n\n<span title=\"\u2022Upload a profile photo, input your company info, display social networking icons, embed a video clip, promote your sales, weekly specials, launch of a new product line, etc. With DiBuCard your company most current information are always in your customers cellphones\"><span style=\"color: #99ccff; font-size: 14pt;\">\u2022 Laden Sie ein Profilfoto hoch, geben Sie Ihre Unternehmensinformationen ein, zeigen Sie Social-Media-Symbole, binden Sie einen Videoclip ein, bewerben Sie Ihre Verk\u00e4ufe, Wochenangebote, Einf\u00fchrung einer neuen Produktlinie, etc. Mit DiBuCard sind Ihre Unternehmen aktuellsten Informationen immer in Ihren Kunden Handys <\/span><\/span><span style=\"color: #99ccff; font-size: 14pt;\" title=\". \">.<\/span>\n\n<span style=\"color: #99ccff; font-size: 14pt;\"><span title=\"\u2022Your DiBuCard advertising page allows you to show your customers exact where your company is located with interactive Google Map.\">\u2022 Mit Ihrer DiBuCard-Werbeseite k\u00f6nnen Sie Ihren Kunden mit interaktiver Google Map zeigen, wo sich Ihr Unternehmen befindet. <\/span><span title=\"With your advertising page you can upload more pictures of your products, video clips of your services, unlimited description and promotion.\">Mit Ihrer Werbeseite k\u00f6nnen Sie mehr Bilder Ihrer Produkte, Videoclips Ihrer Dienste, unbegrenzte Beschreibung und Werbung hochladen. <\/span><span title=\"It is visible and accessible 24\/7 creating an additional company\u2019s exposure online.\">Es ist sichtbar und zug\u00e4nglich 24\/7 erstellt eine zus\u00e4tzliche Unternehmen online Exposition.<img loading=\"lazy\" decoding=\"async\" class=\"alignnone size-full wp-image-19\" src=\"https:\/\/www.dibucard.com\/dbcd\/wp-content\/uploads\/sites\/31\/2017\/12\/Grey-bar.jpg\" alt=\"\" width=\"1322\" height=\"3\" srcset=\"https:\/\/www.dibucard.com\/dbcd\/wp-content\/uploads\/sites\/31\/2017\/12\/Grey-bar.jpg 1322w, https:\/\/www.dibucard.com\/dbcd\/wp-content\/uploads\/sites\/31\/2017\/12\/Grey-bar-250x1.jpg 250w, https:\/\/www.dibucard.com\/dbcd\/wp-content\/uploads\/sites\/31\/2017\/12\/Grey-bar-500x1.jpg 500w, https:\/\/www.dibucard.com\/dbcd\/wp-content\/uploads\/sites\/31\/2017\/12\/Grey-bar-768x2.jpg 768w, https:\/\/www.dibucard.com\/dbcd\/wp-content\/uploads\/sites\/31\/2017\/12\/Grey-bar-1024x2.jpg 1024w, https:\/\/www.dibucard.com\/dbcd\/wp-content\/uploads\/sites\/31\/2017\/12\/Grey-bar-748x3.jpg 748w\" sizes=\"(max-width: 1322px) 100vw, 1322px\" \/><\/span><\/span>\n<p style=\"text-align: center;\"><a href=\"https:\/\/www.dibucard.com\/dbcd\/signupcommunity.php\"><strong><span id=\"result_box\" class=\"short_text\" style=\"font-size: 14pt;\" lang=\"de\">Erstellen Sie jetzt Ihren DiBucard<\/span><\/strong><\/a><span id=\"t-served-community-button\" class=\"trans-verified-button goog-toolbar-button\" role=\"button\" aria-hidden=\"true\"><\/span><\/p>\n\n<\/div>\t\t\t\t\t\t<\/div>\n\t\t\t\t<\/div>\n\t\t\t\t\t<\/div>\n\t\t<\/div>\n\t\t\t\t\t<\/div>\n\t\t<\/section>\n\t\t\t\t<section class=\"elementor-section elementor-top-section elementor-element elementor-element-a367706 elementor-section-boxed elementor-section-height-default elementor-section-height-default\" data-id=\"a367706\" data-element_type=\"section\">\n\t\t\t\t\t\t<div class=\"elementor-container elementor-column-gap-default\">\n\t\t\t\t\t<div class=\"elementor-column elementor-col-100 elementor-top-column elementor-element elementor-element-34f35d36\" data-id=\"34f35d36\" data-element_type=\"column\">\n\t\t\t<div class=\"elementor-widget-wrap elementor-element-populated\">\n\t\t\t\t\t\t<div class=\"elementor-element elementor-element-2b7cb22 elementor-widget elementor-widget-shortcode\" data-id=\"2b7cb22\" data-element_type=\"widget\" data-widget_type=\"shortcode.default\">\n\t\t\t\t<div class=\"elementor-widget-container\">\n\t\t\t\t\t<div class=\"elementor-shortcode\">Tw\u00f3j artyku\u0142 lub og\u0142oszenie w katalogu oxapedia zarabia dla Ciebie. Znajd\u017a to czego potrzebujesz i za\u0142atw spraw\u0119!\n\n<form action='' method='GET' class=''><input type=\"text\" name=\"sea_fld\" class=\"sea_fld\" id=\"sea_fld\" placeholder=\"Was suchst du?\" \/> in <input type=\"text\" name=\"sea_city\" class=\"sea_city\" id=\"sea_city\" placeholder=\"City (required)\" \/> <button>Start searching<\/button><\/form>\n\n<div id=\"bcdtbp_ads_list\">\n\t\t<div class=\"lvws_dpgl\">\n\t\t<p>Total results: 3<\/p>\n\t\t<table width=\"100%\" cellpadding=\"5\" cellspacing=\"0\"><tr><td width=\"25%\" valign=\"top\"><div class=\"lvws_dpgl_image\"><table width=\"100%\"><tr><td valign=\"middle\" align=\"center\"><div align=\"center\"><a href=\"https:\/\/www.dibucard.com\/dbcd\/ad\/mbp-phu-pawel-mika\/\"><img loading=\"lazy\" decoding=\"async\" width=\"250\" height=\"208\" src=\"https:\/\/www.dibucard.com\/dbcd\/wp-content\/uploads\/sites\/31\/2022\/12\/IMG-20201021-WA0005-250x208.jpg\" class=\"attachment-thumbnail size-thumbnail wp-post-image\" alt=\"\" srcset=\"https:\/\/www.dibucard.com\/dbcd\/wp-content\/uploads\/sites\/31\/2022\/12\/IMG-20201021-WA0005-250x208.jpg 250w, https:\/\/www.dibucard.com\/dbcd\/wp-content\/uploads\/sites\/31\/2022\/12\/IMG-20201021-WA0005-500x416.jpg 500w, https:\/\/www.dibucard.com\/dbcd\/wp-content\/uploads\/sites\/31\/2022\/12\/IMG-20201021-WA0005-1024x851.jpg 1024w, https:\/\/www.dibucard.com\/dbcd\/wp-content\/uploads\/sites\/31\/2022\/12\/IMG-20201021-WA0005-768x638.jpg 768w, https:\/\/www.dibucard.com\/dbcd\/wp-content\/uploads\/sites\/31\/2022\/12\/IMG-20201021-WA0005-1536x1277.jpg 1536w, https:\/\/www.dibucard.com\/dbcd\/wp-content\/uploads\/sites\/31\/2022\/12\/IMG-20201021-WA0005.jpg 1600w\" sizes=\"(max-width: 250px) 100vw, 250px\" \/><\/a><\/div><\/td><\/tr><\/table><\/div><div class=\"lvws_dpgl_details\"><a href=\"https:\/\/www.dibucard.com\/dbcd\/ad\/mbp-phu-pawel-mika\/\">MBP-PHU Pawe\u0142 Mika<\/a><div class=\"lvws_dpgl_excerpt\" style=\"max-width:150px\">Firma Budowlana<\/div><\/div><\/td><td width=\"25%\" valign=\"top\"><div class=\"lvws_dpgl_image\"><table width=\"100%\"><tr><td valign=\"middle\" align=\"center\"><div align=\"center\"><a href=\"https:\/\/www.dibucard.com\/dbcd\/ad\/aaa\/\"><img decoding=\"async\" src=\"https:\/\/www.dibucard.com\/dbcd\/wp-content\/plugins\/bcdtbp\/images\/image_coming_soon.jpg\" width=\"150\" \/><\/a><\/div><\/td><\/tr><\/table><\/div><div class=\"lvws_dpgl_details\"><a href=\"https:\/\/www.dibucard.com\/dbcd\/ad\/aaa\/\">aaa<\/a><div class=\"lvws_dpgl_excerpt\" style=\"max-width:150px\">aaaa<\/div><\/div><\/td><td width=\"25%\" valign=\"top\"><div class=\"lvws_dpgl_image\"><table width=\"100%\"><tr><td valign=\"middle\" align=\"center\"><div align=\"center\"><a href=\"https:\/\/www.dibucard.com\/dbcd\/ad\/katafiasz-piotr\/\"><img decoding=\"async\" src=\"https:\/\/www.dibucard.com\/dbcd\/wp-content\/plugins\/bcdtbp\/images\/image_coming_soon.jpg\" width=\"150\" \/><\/a><\/div><\/td><\/tr><\/table><\/div><div class=\"lvws_dpgl_details\"><a href=\"https:\/\/www.dibucard.com\/dbcd\/ad\/katafiasz-piotr\/\">Katafiasz Piotr<\/a><div class=\"lvws_dpgl_excerpt\" style=\"max-width:150px\">E-Visitenkarten<\/div><\/div><\/td>\n\t\t<\/table>\n\t\t<\/div><\/div><\/div>\n\t\t\t\t<\/div>\n\t\t\t\t<\/div>\n\t\t\t\t\t<\/div>\n\t\t<\/div>\n\t\t\t\t\t<\/div>\n\t\t<\/section>\n\t\t\t\t<\/div>\n\t\t","protected":false},"excerpt":{"rendered":"<p>Willkommen bei der ersten Visitenkarte f\u00fcr Social Media. &nbsp; &nbsp; &nbsp; &nbsp;. &nbsp; \u2022 Mit DiBuCard f\u00fcr nur 9,99 USD \/ Monat k\u00f6nnen Sie eine moderne, virtuelle digitale Visitenkarte mit einfachem Design erstellen, die f\u00fcr die Anzeige auf allen Mobilger\u00e4ten sowie auf Laptops und PCs optimiert ist. Erstellen Sie eine moderne virtuelle Visitenkarte f\u00fcr sich [&hellip;]<\/p>\n","protected":false},"author":1489,"featured_media":0,"parent":0,"menu_order":0,"comment_status":"closed","ping_status":"open","template":"","meta":{"ngg_post_thumbnail":0,"footnotes":""},"_links":{"self":[{"href":"https:\/\/www.dibucard.com\/dbcd\/wp-json\/wp\/v2\/pages\/2"}],"collection":[{"href":"https:\/\/www.dibucard.com\/dbcd\/wp-json\/wp\/v2\/pages"}],"about":[{"href":"https:\/\/www.dibucard.com\/dbcd\/wp-json\/wp\/v2\/types\/page"}],"author":[{"embeddable":true,"href":"https:\/\/www.dibucard.com\/dbcd\/wp-json\/wp\/v2\/users\/1489"}],"replies":[{"embeddable":true,"href":"https:\/\/www.dibucard.com\/dbcd\/wp-json\/wp\/v2\/comments?post=2"}],"version-history":[{"count":17,"href":"https:\/\/www.dibucard.com\/dbcd\/wp-json\/wp\/v2\/pages\/2\/revisions"}],"predecessor-version":[{"id":1082,"href":"https:\/\/www.dibucard.com\/dbcd\/wp-json\/wp\/v2\/pages\/2\/revisions\/1082"}],"wp:attachment":[{"href":"https:\/\/www.dibucard.com\/dbcd\/wp-json\/wp\/v2\/media?parent=2"}],"curies":[{"name":"wp","href":"https:\/\/api.w.org\/{rel}","templated":true}]}}