{"id":133,"date":"2020-10-16T22:16:46","date_gmt":"2020-10-16T22:16:46","guid":{"rendered":"https:\/\/www.dibucard.com\/dbcd\/?page_id=133"},"modified":"2020-10-17T20:34:39","modified_gmt":"2020-10-17T20:34:39","slug":"anmelden","status":"publish","type":"page","link":"https:\/\/www.dibucard.com\/dbcd\/anmelden\/","title":{"rendered":"Anmelden"},"content":{"rendered":"\t\t<div data-elementor-type=\"wp-page\" data-elementor-id=\"133\" class=\"elementor elementor-133\">\n\t\t\t\t\t\t<section class=\"elementor-section elementor-top-section elementor-element elementor-element-206cdd5 elementor-section-boxed elementor-section-height-default elementor-section-height-default\" data-id=\"206cdd5\" data-element_type=\"section\">\n\t\t\t\t\t\t<div class=\"elementor-container elementor-column-gap-default\">\n\t\t\t\t\t<div class=\"elementor-column elementor-col-100 elementor-top-column elementor-element elementor-element-197afdc\" data-id=\"197afdc\" data-element_type=\"column\">\n\t\t\t<div class=\"elementor-widget-wrap elementor-element-populated\">\n\t\t\t\t\t\t<div class=\"elementor-element elementor-element-ae3c234 elementor-widget elementor-widget-text-editor\" data-id=\"ae3c234\" data-element_type=\"widget\" data-widget_type=\"text-editor.default\">\n\t\t\t\t<div class=\"elementor-widget-container\">\n\t\t\t\t\t\t\t<p><span style=\"color: #ccffcc; font-size: 14pt;\">Bitte klicken Sie auf &#8220;Ich m\u00f6chte mich registrieren &#8230;&#8221;. Das System bringt Sie zu einem Teil der Geb\u00fchr. Sie m\u00fcssen die erforderlichen Felder ausf\u00fcllen, ein Passwort ausw\u00e4hlen und ein Abonnement f\u00fcr sich selbst erwerben. Ab diesem Datum wird Ihre Mitgliedschaft im DiBuCard-System jeden Monat automatisch ausgezahlt. Das System belastet Ihre Zahlungskarte (VISA, MasterCard usw.) an jedem Jahrestag Ihrer ersten Registrierung. Bitte beachten Sie, dass Ihre Registrierung nicht vertraglich geregelt ist und Sie Ihre Mitgliedschaft jederzeit k\u00fcndigen k\u00f6nnen. Einmal bezahlt, kann die monatliche Geb\u00fchr jedoch nicht zur\u00fcckerstattet werden.<\/span><\/p><p><span style=\"color: #ccffcc; font-size: 14pt;\">Vielen Dank und willkommen in der DiBuCard World. Um eine VIP-Karte zu abonnieren, klicken Sie auf die Schaltfl\u00e4che unten.<\/span><\/p>\t\t\t\t\t\t<\/div>\n\t\t\t\t<\/div>\n\t\t\t\t\t<\/div>\n\t\t<\/div>\n\t\t\t\t\t<\/div>\n\t\t<\/section>\n\t\t\t\t<section class=\"elementor-section elementor-top-section elementor-element elementor-element-7f49bed elementor-section-boxed elementor-section-height-default elementor-section-height-default\" data-id=\"7f49bed\" data-element_type=\"section\">\n\t\t\t\t\t\t<div class=\"elementor-container elementor-column-gap-default\">\n\t\t\t\t\t<div class=\"elementor-column elementor-col-100 elementor-top-column elementor-element elementor-element-1f44c5d\" data-id=\"1f44c5d\" data-element_type=\"column\">\n\t\t\t<div class=\"elementor-widget-wrap elementor-element-populated\">\n\t\t\t\t\t\t<div class=\"elementor-element elementor-element-e0482d6 elementor-widget elementor-widget-image\" data-id=\"e0482d6\" data-element_type=\"widget\" data-widget_type=\"image.default\">\n\t\t\t\t<div class=\"elementor-widget-container\">\n\t\t\t\t\t\t\t\t\t\t\t\t\t\t<a href=\"https:\/\/www.dibucard.com\/dbcd\/signupcommunity.php\">\n\t\t\t\t\t\t\t<img decoding=\"async\" width=\"640\" height=\"49\" src=\"https:\/\/www.dibucard.com\/dbcd\/wp-content\/uploads\/sites\/31\/2020\/10\/German-buton.jpg\" class=\"attachment-large size-large wp-image-135\" alt=\"\" srcset=\"https:\/\/www.dibucard.com\/dbcd\/wp-content\/uploads\/sites\/31\/2020\/10\/German-buton.jpg 699w, https:\/\/www.dibucard.com\/dbcd\/wp-content\/uploads\/sites\/31\/2020\/10\/German-buton-500x38.jpg 500w, https:\/\/www.dibucard.com\/dbcd\/wp-content\/uploads\/sites\/31\/2020\/10\/German-buton-250x19.jpg 250w\" sizes=\"(max-width: 640px) 100vw, 640px\" \/>\t\t\t\t\t\t\t\t<\/a>\n\t\t\t\t\t\t\t\t\t\t\t\t\t<\/div>\n\t\t\t\t<\/div>\n\t\t\t\t\t<\/div>\n\t\t<\/div>\n\t\t\t\t\t<\/div>\n\t\t<\/section>\n\t\t\t\t<\/div>\n\t\t","protected":false},"excerpt":{"rendered":"<p>Bitte klicken Sie auf &#8220;Ich m\u00f6chte mich registrieren &#8230;&#8221;. Das System bringt Sie zu einem Teil der Geb\u00fchr. Sie m\u00fcssen die erforderlichen Felder ausf\u00fcllen, ein Passwort ausw\u00e4hlen und ein Abonnement f\u00fcr sich selbst erwerben. Ab diesem Datum wird Ihre Mitgliedschaft im DiBuCard-System jeden Monat automatisch ausgezahlt. Das System belastet Ihre Zahlungskarte (VISA, MasterCard usw.) an [&hellip;]<\/p>\n","protected":false},"author":102,"featured_media":0,"parent":0,"menu_order":0,"comment_status":"closed","ping_status":"closed","template":"","meta":{"ngg_post_thumbnail":0,"footnotes":""},"_links":{"self":[{"href":"https:\/\/www.dibucard.com\/dbcd\/wp-json\/wp\/v2\/pages\/133"}],"collection":[{"href":"https:\/\/www.dibucard.com\/dbcd\/wp-json\/wp\/v2\/pages"}],"about":[{"href":"https:\/\/www.dibucard.com\/dbcd\/wp-json\/wp\/v2\/types\/page"}],"author":[{"embeddable":true,"href":"https:\/\/www.dibucard.com\/dbcd\/wp-json\/wp\/v2\/users\/102"}],"replies":[{"embeddable":true,"href":"https:\/\/www.dibucard.com\/dbcd\/wp-json\/wp\/v2\/comments?post=133"}],"version-history":[{"count":4,"href":"https:\/\/www.dibucard.com\/dbcd\/wp-json\/wp\/v2\/pages\/133\/revisions"}],"predecessor-version":[{"id":138,"href":"https:\/\/www.dibucard.com\/dbcd\/wp-json\/wp\/v2\/pages\/133\/revisions\/138"}],"wp:attachment":[{"href":"https:\/\/www.dibucard.com\/dbcd\/wp-json\/wp\/v2\/media?parent=133"}],"curies":[{"name":"wp","href":"https:\/\/api.w.org\/{rel}","templated":true}]}}