{"id":103,"date":"2020-10-06T00:28:29","date_gmt":"2020-10-06T00:28:29","guid":{"rendered":"https:\/\/www.dibucard.com\/dbcd\/?page_id=103"},"modified":"2020-10-06T00:54:42","modified_gmt":"2020-10-06T00:54:42","slug":"anleitung","status":"publish","type":"page","link":"https:\/\/www.dibucard.com\/dbcd\/sample-page\/mein-konto\/anleitung\/","title":{"rendered":"Anleitung"},"content":{"rendered":"\t\t<div data-elementor-type=\"wp-page\" data-elementor-id=\"103\" class=\"elementor elementor-103\">\n\t\t\t\t\t\t<section class=\"elementor-section elementor-top-section elementor-element elementor-element-0cb06f9 elementor-section-boxed elementor-section-height-default elementor-section-height-default\" data-id=\"0cb06f9\" data-element_type=\"section\">\n\t\t\t\t\t\t<div class=\"elementor-container elementor-column-gap-default\">\n\t\t\t\t\t<div class=\"elementor-column elementor-col-100 elementor-top-column elementor-element elementor-element-d6ac262\" data-id=\"d6ac262\" data-element_type=\"column\">\n\t\t\t<div class=\"elementor-widget-wrap elementor-element-populated\">\n\t\t\t\t\t\t<div class=\"elementor-element elementor-element-392124b elementor-widget elementor-widget-text-editor\" data-id=\"392124b\" data-element_type=\"widget\" data-widget_type=\"text-editor.default\">\n\t\t\t\t<div class=\"elementor-widget-container\">\n\t\t\t\t\t\t\t<p><span class=\"tlid-translation translation\" lang=\"de\" style=\"color: #ccffcc; font-size: 14pt;\"><span title=\"\">Eine kurze Anleitung zum Erstellen einer digitalen VIP-Visitenkarte, d. H. Eines virtuellen interaktiven Profils.<\/span><\/span><\/p><p><span style=\"color: #ccffcc; font-size: 14pt;\" title=\"\">Erstellen oder bearbeiten Sie zuerst\u2026 Ihre DiBuCard-Details &#8211; KLICKEN SIE HIER!<\/span><\/p><p><span style=\"color: #ccffcc; font-size: 14pt;\"><span title=\"\">Wenn Sie ein Video in Ihre DiBuCard einf\u00fcgen m\u00f6chten, stellen Sie sicher, dass es auf der YouTube-Plattform ver\u00f6ffentlicht ist.<\/span> <span class=\"\" title=\"\">Kopieren Sie dann den Videocode und f\u00fcgen Sie ihn wie folgt in das Bearbeitungsfeld ein:<\/span><\/span><\/p>\t\t\t\t\t\t<\/div>\n\t\t\t\t<\/div>\n\t\t\t\t\t<\/div>\n\t\t<\/div>\n\t\t\t\t\t<\/div>\n\t\t<\/section>\n\t\t\t\t<section class=\"elementor-section elementor-top-section elementor-element elementor-element-bcdbc56 elementor-section-boxed elementor-section-height-default elementor-section-height-default\" data-id=\"bcdbc56\" data-element_type=\"section\">\n\t\t\t\t\t\t<div class=\"elementor-container elementor-column-gap-default\">\n\t\t\t\t\t<div class=\"elementor-column elementor-col-100 elementor-top-column elementor-element elementor-element-ce024cb\" data-id=\"ce024cb\" data-element_type=\"column\">\n\t\t\t<div class=\"elementor-widget-wrap elementor-element-populated\">\n\t\t\t\t\t\t<div class=\"elementor-element elementor-element-59cd7a8 elementor-widget elementor-widget-image\" data-id=\"59cd7a8\" data-element_type=\"widget\" data-widget_type=\"image.default\">\n\t\t\t\t<div class=\"elementor-widget-container\">\n\t\t\t\t\t\t\t\t\t\t\t\t\t<img decoding=\"async\" width=\"540\" height=\"51\" src=\"https:\/\/www.dibucard.com\/dbcd\/wp-content\/uploads\/sites\/31\/2020\/10\/Youtube-instruction.png\" class=\"attachment-large size-large wp-image-106\" alt=\"\" srcset=\"https:\/\/www.dibucard.com\/dbcd\/wp-content\/uploads\/sites\/31\/2020\/10\/Youtube-instruction.png 540w, https:\/\/www.dibucard.com\/dbcd\/wp-content\/uploads\/sites\/31\/2020\/10\/Youtube-instruction-500x47.png 500w, https:\/\/www.dibucard.com\/dbcd\/wp-content\/uploads\/sites\/31\/2020\/10\/Youtube-instruction-250x24.png 250w\" sizes=\"(max-width: 540px) 100vw, 540px\" \/>\t\t\t\t\t\t\t\t\t\t\t\t\t<\/div>\n\t\t\t\t<\/div>\n\t\t\t\t\t<\/div>\n\t\t<\/div>\n\t\t\t\t\t<\/div>\n\t\t<\/section>\n\t\t\t\t<section class=\"elementor-section elementor-top-section elementor-element elementor-element-3a3ecc6 elementor-section-boxed elementor-section-height-default elementor-section-height-default\" data-id=\"3a3ecc6\" data-element_type=\"section\">\n\t\t\t\t\t\t<div class=\"elementor-container elementor-column-gap-default\">\n\t\t\t\t\t<div class=\"elementor-column elementor-col-100 elementor-top-column elementor-element elementor-element-422a06a\" data-id=\"422a06a\" data-element_type=\"column\">\n\t\t\t<div class=\"elementor-widget-wrap elementor-element-populated\">\n\t\t\t\t\t\t<div class=\"elementor-element elementor-element-aa289f2 elementor-widget elementor-widget-text-editor\" data-id=\"aa289f2\" data-element_type=\"widget\" data-widget_type=\"text-editor.default\">\n\t\t\t\t<div class=\"elementor-widget-container\">\n\t\t\t\t\t\t\t<p><span class=\"tlid-translation translation\" lang=\"de\" style=\"color: #ccffcc; font-size: 14pt;\"><span class=\"\" title=\"\">Wenn Sie ein Facebook-Feld in Ihre DiBuCard einf\u00fcgen m\u00f6chten, kopieren Sie die URL dieser Facebook-Seite und f\u00fcgen Sie sie in das Bearbeitungsfeld ein, indem Sie genau Folgendes eingeben:<\/span><\/span><\/p>\t\t\t\t\t\t<\/div>\n\t\t\t\t<\/div>\n\t\t\t\t\t<\/div>\n\t\t<\/div>\n\t\t\t\t\t<\/div>\n\t\t<\/section>\n\t\t\t\t<section class=\"elementor-section elementor-top-section elementor-element elementor-element-8011115 elementor-section-boxed elementor-section-height-default elementor-section-height-default\" data-id=\"8011115\" data-element_type=\"section\">\n\t\t\t\t\t\t<div class=\"elementor-container elementor-column-gap-default\">\n\t\t\t\t\t<div class=\"elementor-column elementor-col-100 elementor-top-column elementor-element elementor-element-c77a783\" data-id=\"c77a783\" data-element_type=\"column\">\n\t\t\t<div class=\"elementor-widget-wrap elementor-element-populated\">\n\t\t\t\t\t\t<div class=\"elementor-element elementor-element-0a7d1c7 elementor-widget elementor-widget-image\" data-id=\"0a7d1c7\" data-element_type=\"widget\" data-widget_type=\"image.default\">\n\t\t\t\t<div class=\"elementor-widget-container\">\n\t\t\t\t\t\t\t\t\t\t\t\t\t<img decoding=\"async\" width=\"640\" height=\"58\" src=\"https:\/\/www.dibucard.com\/dbcd\/wp-content\/uploads\/sites\/31\/2020\/10\/Facebook-instruction.png\" class=\"attachment-large size-large wp-image-107\" alt=\"\" srcset=\"https:\/\/www.dibucard.com\/dbcd\/wp-content\/uploads\/sites\/31\/2020\/10\/Facebook-instruction.png 712w, https:\/\/www.dibucard.com\/dbcd\/wp-content\/uploads\/sites\/31\/2020\/10\/Facebook-instruction-500x45.png 500w, https:\/\/www.dibucard.com\/dbcd\/wp-content\/uploads\/sites\/31\/2020\/10\/Facebook-instruction-250x22.png 250w\" sizes=\"(max-width: 640px) 100vw, 640px\" \/>\t\t\t\t\t\t\t\t\t\t\t\t\t<\/div>\n\t\t\t\t<\/div>\n\t\t\t\t\t<\/div>\n\t\t<\/div>\n\t\t\t\t\t<\/div>\n\t\t<\/section>\n\t\t\t\t<section class=\"elementor-section elementor-top-section elementor-element elementor-element-0d3fde1 elementor-section-boxed elementor-section-height-default elementor-section-height-default\" data-id=\"0d3fde1\" data-element_type=\"section\">\n\t\t\t\t\t\t<div class=\"elementor-container elementor-column-gap-default\">\n\t\t\t\t\t<div class=\"elementor-column elementor-col-100 elementor-top-column elementor-element elementor-element-b43dd49\" data-id=\"b43dd49\" data-element_type=\"column\">\n\t\t\t<div class=\"elementor-widget-wrap elementor-element-populated\">\n\t\t\t\t\t\t<div class=\"elementor-element elementor-element-f5cc687 elementor-widget elementor-widget-text-editor\" data-id=\"f5cc687\" data-element_type=\"widget\" data-widget_type=\"text-editor.default\">\n\t\t\t\t<div class=\"elementor-widget-container\">\n\t\t\t\t\t\t\t<p><span class=\"tlid-translation translation\" lang=\"de\" style=\"color: #ccffcc; font-size: 14pt;\"><span title=\"\">Ver\u00f6ffentlichen Sie zweitens Ihre DiBuCard.<\/span> <span title=\"\">Speichern Sie nach der Bearbeitung die eingegebenen Informationen und dann &#8230; Ver\u00f6ffentlichen.<\/span> <span class=\"\" title=\"\">Denken Sie daran, dass Sie im Falle eines Fehlers oder der Notwendigkeit, Daten zu \u00e4ndern, diese jederzeit aktualisieren oder Ihre Informationen \u00e4ndern k\u00f6nnen.<\/span><\/span><\/p><p><span class=\"tlid-translation translation\" lang=\"de\" style=\"color: #ccffcc;\"><span style=\"font-size: 14pt;\"><span title=\"\">Drittens, lassen Sie es alle wissen.<\/span> <span title=\"\">Beginnen Sie mit sich selbst.<\/span> <span title=\"\">Senden Sie Ihre elektronische Visitenkarte per SMS an sich selbst, indem Sie den genauen Link (https: \/\/\u2026) Ihrer DiBuCard auf Ihr Telefon eingeben (w\u00e4hrend Sie eine Textnachricht schreiben) und an Ihre Handynummer senden.<\/span> <\/span><span class=\"\" title=\"\"><span style=\"font-size: 14pt;\">Kopieren Sie nach Erhalt der SMS die https: \/\/ -Adresse und f\u00fcgen Sie sie in die Texte (SMS) ein, die Sie an Ihre Kontakte senden m\u00f6chte<\/span>n.<\/span><\/span><\/p><p><span class=\"tlid-translation translation\" lang=\"de\" style=\"font-size: 14pt; color: #ccffcc;\"><span title=\"\">Wichtig!<\/span> <span title=\"\">Im Gesch\u00e4ftsleben ist der pers\u00f6nliche Kontakt am wichtigsten.<\/span> <span title=\"\">Informieren Sie Ihre Empf\u00e4nger telefonisch \u00fcber die gesendete Textnachricht mit der Adresse Ihrer DiBuCard.<\/span> <span title=\"\">Wenn sie es erhalten, bitten Sie sie, es auf dem Startbildschirm Ihres Telefons zu speichern, damit sie immer einfachen Zugriff auf alle Ihre Gesch\u00e4ftsinformationen haben.<\/span> <span title=\"\">Aber es ist nicht alles.<\/span> <span title=\"\">Jetzt k\u00f6nnen Sie mit DiBuCard Ihre Kunden \u00fcber aktuelle Verkaufsangebote, Werbeaktionen und andere Anl\u00e4sse Ihres Unternehmens informieren.<\/span> <span class=\"\" title=\"\">Jedes Mal, wenn Sie Ihre Informationen auf DiBuCard \u00e4ndern, werden diese automatisch auf allen Visitenkarten aktualisiert, die Sie jemals versenden.<\/span> <span class=\"\" title=\"\">Auf diese Weise wissen Ihre Kunden immer \u00fcber diese \u00c4nderungen in der Zeit Bescheid, denn wenn Sie auf ihren Telefonen sind, sind Sie bei ihnen\u2026 \u201ein der Tasche\u201c.<\/span><\/span><\/p><p>\u00a0<\/p>\t\t\t\t\t\t<\/div>\n\t\t\t\t<\/div>\n\t\t\t\t\t<\/div>\n\t\t<\/div>\n\t\t\t\t\t<\/div>\n\t\t<\/section>\n\t\t\t\t<\/div>\n\t\t","protected":false},"excerpt":{"rendered":"<p>Eine kurze Anleitung zum Erstellen einer digitalen VIP-Visitenkarte, d. H. Eines virtuellen interaktiven Profils. Erstellen oder bearbeiten Sie zuerst\u2026 Ihre DiBuCard-Details &#8211; KLICKEN SIE HIER! Wenn Sie ein Video in Ihre DiBuCard einf\u00fcgen m\u00f6chten, stellen Sie sicher, dass es auf der YouTube-Plattform ver\u00f6ffentlicht ist. Kopieren Sie dann den Videocode und f\u00fcgen Sie ihn wie folgt [&hellip;]<\/p>\n","protected":false},"author":102,"featured_media":0,"parent":26,"menu_order":0,"comment_status":"closed","ping_status":"closed","template":"myaccount-template.php","meta":{"ngg_post_thumbnail":0,"footnotes":""},"_links":{"self":[{"href":"https:\/\/www.dibucard.com\/dbcd\/wp-json\/wp\/v2\/pages\/103"}],"collection":[{"href":"https:\/\/www.dibucard.com\/dbcd\/wp-json\/wp\/v2\/pages"}],"about":[{"href":"https:\/\/www.dibucard.com\/dbcd\/wp-json\/wp\/v2\/types\/page"}],"author":[{"embeddable":true,"href":"https:\/\/www.dibucard.com\/dbcd\/wp-json\/wp\/v2\/users\/102"}],"replies":[{"embeddable":true,"href":"https:\/\/www.dibucard.com\/dbcd\/wp-json\/wp\/v2\/comments?post=103"}],"version-history":[{"count":4,"href":"https:\/\/www.dibucard.com\/dbcd\/wp-json\/wp\/v2\/pages\/103\/revisions"}],"predecessor-version":[{"id":111,"href":"https:\/\/www.dibucard.com\/dbcd\/wp-json\/wp\/v2\/pages\/103\/revisions\/111"}],"up":[{"embeddable":true,"href":"https:\/\/www.dibucard.com\/dbcd\/wp-json\/wp\/v2\/pages\/26"}],"wp:attachment":[{"href":"https:\/\/www.dibucard.com\/dbcd\/wp-json\/wp\/v2\/media?parent=103"}],"curies":[{"name":"wp","href":"https:\/\/api.w.org\/{rel}","templated":true}]}}